{"id":148607,"date":"2025-03-10T11:28:36","date_gmt":"2025-03-10T10:28:36","guid":{"rendered":"https:\/\/secureus.se\/armbagskontakt-aluminium-jck217-600-mm\/"},"modified":"2026-04-16T16:30:49","modified_gmt":"2026-04-16T14:30:49","slug":"armbagskontakt-aluminium-jck217-600-mm","status":"publish","type":"product","link":"https:\/\/secureus.se\/de\/armbagskontakt-aluminium-jck217-600-mm\/","title":{"rendered":"Winkelverbinder \u2013 Aluminium \u2013 JCK217 600 mm"},"content":{"rendered":"<h1>Winkelverbinder \u2013 Aluminium \u2013 JCK217 600 mm<\/h1>\n<section>\n<div class=\"elementor-element elementor-element-6a2939e elementor-widget elementor-widget-woocommerce-product-content\" data-id=\"6a2939e\" data-element_type=\"widget\" data-widget_type=\"woocommerce-product-content.default\">\n<div class=\"elementor-widget-container\">\n<section>\n<section>JCK217 geh\u00f6rt zu einer Serie von Ellenbogenschaltern, die eine flache Druckfl\u00e4che mit vier taktilen Rillen besitzen. Die Rillen dienen als zus\u00e4tzliche Orientierungshilfe f\u00fcr Menschen mit Sehbehinderung. Sie k\u00f6nnen leicht ertasten, wo Sie dr\u00fccken m\u00fcssen, um die T\u00fcr zu \u00f6ffnen.<\/p>\n<p>JCK217 besteht aus schwarz eloxiertem Aluminium und hat wei\u00dfe Endkappen.<\/p>\n<p>Die Lieferung erfolgt mit 1 Mikroschalter in IP67, es k\u00f6nnen aber auch mehr bestellt werden.<\/p>\n<\/section>\n<section>\n<h4>Technische Spezifikation<\/h4>\n<ul>\n<li>Hergestellt in Schweden.<\/li>\n<li>Material: Alu.6060-T6, POM-Kunststoff (Acetal-Kunststoff).<\/li>\n<li>Abmessungen Standardversion L\/B\/H: 600x80x23 mm.<\/li>\n<li>Mikroschalter: Standard 1 St\u00fcck NEIN IP67. Bestellbar mit 2, sowie mit NO\/NC.<\/li>\n<\/ul>\n<\/section>\n<\/section>\n<\/div>\n<\/div>\n<div class=\"elementor-element elementor-element-6b8d4c9 elementor-widget elementor-widget-html\" data-id=\"6b8d4c9\" data-element_type=\"widget\" data-widget_type=\"html.default\"><\/div>\n<\/section>","protected":false},"excerpt":{"rendered":"<p>Produktabmessungen: 600 x 80 x 23 mm.<\/p>\n<p>Winkelverbinder aus schwarz eloxiertem Aluminium mit wei\u00dfen Endkappen.<\/p>\n<p>Flache Druckplatte mit taktilen Rillen.<\/p>","protected":false},"featured_media":148605,"template":"","meta":{"_acf_changed":false},"product_brand":[],"product_cat":[1422,4706],"product_tag":[],"class_list":{"0":"post-148607","1":"product","2":"type-product","3":"status-publish","4":"has-post-thumbnail","6":"product_cat-armbagskontakter-dorrautomatik","7":"product_cat-metall","8":"product_shipping_class-tunga-paket","9":"pa_brands-jc-kontakter","10":"tm-has-options","12":"first","13":"instock","14":"sale","15":"taxable","16":"shipping-taxable","17":"purchasable","18":"product-type-simple"},"acf":[],"_links":{"self":[{"href":"https:\/\/secureus.se\/de\/wp-json\/wp\/v2\/product\/148607","targetHints":{"allow":["GET"]}}],"collection":[{"href":"https:\/\/secureus.se\/de\/wp-json\/wp\/v2\/product"}],"about":[{"href":"https:\/\/secureus.se\/de\/wp-json\/wp\/v2\/types\/product"}],"wp:featuredmedia":[{"embeddable":true,"href":"https:\/\/secureus.se\/de\/wp-json\/wp\/v2\/media\/148605"}],"wp:attachment":[{"href":"https:\/\/secureus.se\/de\/wp-json\/wp\/v2\/media?parent=148607"}],"wp:term":[{"taxonomy":"product_brand","embeddable":true,"href":"https:\/\/secureus.se\/de\/wp-json\/wp\/v2\/product_brand?post=148607"},{"taxonomy":"product_cat","embeddable":true,"href":"https:\/\/secureus.se\/de\/wp-json\/wp\/v2\/product_cat?post=148607"},{"taxonomy":"product_tag","embeddable":true,"href":"https:\/\/secureus.se\/de\/wp-json\/wp\/v2\/product_tag?post=148607"}],"curies":[{"name":"wp","href":"https:\/\/api.w.org\/{rel}","templated":true}]}}