{"id":148613,"date":"2025-03-10T11:16:40","date_gmt":"2025-03-10T10:16:40","guid":{"rendered":"https:\/\/secureus.se\/armbagskontakt-aluminium-jck207-600-mm\/"},"modified":"2026-04-16T16:33:44","modified_gmt":"2026-04-16T14:33:44","slug":"armbagskontakt-aluminium-jck207-600-mm","status":"publish","type":"product","link":"https:\/\/secureus.se\/de\/armbagskontakt-aluminium-jck207-600-mm\/","title":{"rendered":"Winkelverbinder \u2013 Aluminium \u2013 JCK207 600 mm"},"content":{"rendered":"<section>\n<section>\n<h1>Winkelverbinder \u2013 Aluminium \u2013 JCK207 600 mm<\/h1>\n<p>JCK207 geh\u00f6rt zu einer Serie von Winkelkontakten, die \u00fcber eine flache Druckfl\u00e4che mit vier taktilen Rillen verf\u00fcgen.<\/p>\n<p>Die Rillen dienen als zus\u00e4tzliche Orientierung f\u00fcr Menschen mit Sehbehinderung.<\/p>\n<p>Sie k\u00f6nnen leicht ertasten, wo Sie dr\u00fccken m\u00fcssen, um die T\u00fcr\u00f6ffnung zu aktivieren.<\/p>\n<p>JCK207 besteht aus silber eloxiertem Aluminium und hat dunkelgraue Endkappen.<\/p>\n<p>Die Lieferung erfolgt mit 1 Mikroschalter in IP67, es k\u00f6nnen aber auch mehr bestellt werden.<\/p>\n<\/section>\n<section>\n<h4>Technische Spezifikation<\/h4>\n<ul>\n<li>Hergestellt in Schweden.<\/li>\n<li>Material: Alu.6060-T6, POM-Kunststoff (Acetal-Kunststoff).<\/li>\n<li>Abmessungen Standardversion L\/B\/H: 600x80x23 mm.<\/li>\n<li>Mikroschalter: Standard 1 St\u00fcck NEIN IP67. Bestellbar mit 2, sowie mit NO\/NC.<\/li>\n<\/ul>\n<\/section>\n<\/section>","protected":false},"excerpt":{"rendered":"<p>Produktabmessungen: 600 x 80 x 23 mm.<\/p>\n<p>Winkelverbinder aus silber eloxiertem Aluminium mit dunkelgrauen Endkappen.<\/p>\n<p>Flache Druckplatte mit taktilen Rillen.<\/p>","protected":false},"featured_media":148612,"template":"","meta":{"_acf_changed":false},"product_brand":[],"product_cat":[1422,4706],"product_tag":[],"class_list":{"0":"post-148613","1":"product","2":"type-product","3":"status-publish","4":"has-post-thumbnail","6":"product_cat-armbagskontakter-dorrautomatik","7":"product_cat-metall","8":"product_shipping_class-tunga-paket","9":"pa_brands-jc-kontakter","10":"tm-has-options","12":"first","13":"instock","14":"sale","15":"taxable","16":"shipping-taxable","17":"purchasable","18":"product-type-simple"},"acf":[],"_links":{"self":[{"href":"https:\/\/secureus.se\/de\/wp-json\/wp\/v2\/product\/148613","targetHints":{"allow":["GET"]}}],"collection":[{"href":"https:\/\/secureus.se\/de\/wp-json\/wp\/v2\/product"}],"about":[{"href":"https:\/\/secureus.se\/de\/wp-json\/wp\/v2\/types\/product"}],"wp:featuredmedia":[{"embeddable":true,"href":"https:\/\/secureus.se\/de\/wp-json\/wp\/v2\/media\/148612"}],"wp:attachment":[{"href":"https:\/\/secureus.se\/de\/wp-json\/wp\/v2\/media?parent=148613"}],"wp:term":[{"taxonomy":"product_brand","embeddable":true,"href":"https:\/\/secureus.se\/de\/wp-json\/wp\/v2\/product_brand?post=148613"},{"taxonomy":"product_cat","embeddable":true,"href":"https:\/\/secureus.se\/de\/wp-json\/wp\/v2\/product_cat?post=148613"},{"taxonomy":"product_tag","embeddable":true,"href":"https:\/\/secureus.se\/de\/wp-json\/wp\/v2\/product_tag?post=148613"}],"curies":[{"name":"wp","href":"https:\/\/api.w.org\/{rel}","templated":true}]}}