{"id":148623,"date":"2025-03-04T15:26:28","date_gmt":"2025-03-04T14:26:28","guid":{"rendered":"https:\/\/secureus.se\/armbagskontakt-beroringsfri-jck201\/"},"modified":"2025-12-31T21:44:22","modified_gmt":"2025-12-31T20:44:22","slug":"armbagskontakt-beroringsfri-jck201","status":"publish","type":"product","link":"https:\/\/secureus.se\/de\/armbagskontakt-beroringsfri-jck201\/","title":{"rendered":"Ellenbogenkontakt \u2013 Kontaktlos \u2013 JCK201"},"content":{"rendered":"<h1>Ellenbogenkontakt \u2013 Kontaktlos \u2013 JCK201<\/h1>\n<section>JCK201 ist ein Modell mit integriertem IR-Sensor, der eine ber\u00fchrungslose Bedienung erm\u00f6glicht. Der IR-Sensor reagiert auf Lichtver\u00e4nderungen, sodass Sie die T\u00fcr\u00f6ffnung durch einfaches Bewegen Ihrer Hand vor dem Kontakt aktivieren k\u00f6nnen.<\/p>\n<p>Diese Art des Ellenbogenkontakts eignet sich besonders in Umgebungen, in denen die Verbreitung von Bakterien eingeschr\u00e4nkt werden soll, wie etwa in Schulen, Krankenh\u00e4usern und anderen \u00f6ffentlichen Geb\u00e4uden.<\/p>\n<p>Das Modell ist au\u00dferdem mit LED-Leuchten ausgestattet, die den aktuellen Status anzeigen \u2013 gr\u00fcn f\u00fcr Standby und blau bei Aktivierung.<\/p>\n<p>Der JCK201 wird mit zwei Relais und einem DIP-Schalter geliefert, der eine Reihe verschiedener Installationsoptionen erm\u00f6glicht.<\/p>\n<\/section>\n<section>\n<h4>Technische Spezifikation<\/h4>\n<ul>\n<li>Hergestellt in Schweden.<\/li>\n<li>Material: Alu.6060-T6, POM-Kunststoff (Acetal-Kunststoff).<\/li>\n<li>Ma\u00dfe L\/B\/H: 245 x 80 x 26mm.<\/li>\n<li>IR-Sensor.<\/li>\n<li>LED-Licht.<\/li>\n<li>Steuereinheit mit DIP-Schalter.<\/li>\n<li>Zwei Relais.<\/li>\n<\/ul>\n<\/section>\n<p>&nbsp;<\/p>","protected":false},"excerpt":{"rendered":"<p>Produktabmessungen: 245 x 80 x 26 mm.<\/p>\n<p>Aluminium-Winkelstecker mit integriertem IR-Sensor f\u00fcr ber\u00fchrungslose Bedienung.<\/p>\n<p>LED-Licht zeigt Standby- und Aktivierungsmodus an.<\/p>","protected":false},"featured_media":148621,"template":"","meta":{"_acf_changed":false},"product_brand":[],"product_cat":[1422,4706],"product_tag":[],"class_list":{"0":"post-148623","1":"product","2":"type-product","3":"status-publish","4":"has-post-thumbnail","6":"product_cat-armbagskontakter-dorrautomatik","7":"product_cat-metall","8":"product_shipping_class-tunga-paket","9":"pa_brands-jc-kontakter","10":"tm-no-options","12":"first","13":"instock","14":"sale","15":"taxable","16":"shipping-taxable","17":"purchasable","18":"product-type-simple"},"acf":[],"_links":{"self":[{"href":"https:\/\/secureus.se\/de\/wp-json\/wp\/v2\/product\/148623","targetHints":{"allow":["GET"]}}],"collection":[{"href":"https:\/\/secureus.se\/de\/wp-json\/wp\/v2\/product"}],"about":[{"href":"https:\/\/secureus.se\/de\/wp-json\/wp\/v2\/types\/product"}],"wp:featuredmedia":[{"embeddable":true,"href":"https:\/\/secureus.se\/de\/wp-json\/wp\/v2\/media\/148621"}],"wp:attachment":[{"href":"https:\/\/secureus.se\/de\/wp-json\/wp\/v2\/media?parent=148623"}],"wp:term":[{"taxonomy":"product_brand","embeddable":true,"href":"https:\/\/secureus.se\/de\/wp-json\/wp\/v2\/product_brand?post=148623"},{"taxonomy":"product_cat","embeddable":true,"href":"https:\/\/secureus.se\/de\/wp-json\/wp\/v2\/product_cat?post=148623"},{"taxonomy":"product_tag","embeddable":true,"href":"https:\/\/secureus.se\/de\/wp-json\/wp\/v2\/product_tag?post=148623"}],"curies":[{"name":"wp","href":"https:\/\/api.w.org\/{rel}","templated":true}]}}