{"id":148646,"date":"2025-03-10T12:11:24","date_gmt":"2025-03-10T11:11:24","guid":{"rendered":"https:\/\/secureus.se\/armbagskontakt-abs-plast-jck109\/"},"modified":"2025-12-31T21:43:26","modified_gmt":"2025-12-31T20:43:26","slug":"armbagskontakt-abs-plast-jck109","status":"publish","type":"product","link":"https:\/\/secureus.se\/de\/armbagskontakt-abs-plast-jck109\/","title":{"rendered":"Winkelverbinder \u2013 ABS-Kunststoff \u2013 JCK109"},"content":{"rendered":"<h1 class=\"product_title entry-title elementor-heading-title elementor-size-default\">Winkelverbinder \u2013 ABS-Kunststoff \u2013 JCK109<\/h1>\n<p>Robuster Winkelverbinder aus langlebigem ABS-Kunststoff, mit wei\u00dfer Abdeckung und wei\u00dfem Sockel.<\/p>\n<p>JCK109 wird mit 1 Mikroschalter in IP67 geliefert, kann aber auch mit mehr bestellt werden.<\/p>\n<h3>Technische Spezifikation<\/h3>\n<ul>\n<li>Hergestellt in Schweden.<\/li>\n<li>Material: Recycelbarer ABS-Kunststoff.<\/li>\n<li>Ma\u00dfe L\/B\/H: 250x95x22 mm.<\/li>\n<li>Mikroschalter: Standard 1 St\u00fcck NEIN IP67. Bestellbar mit 2, sowie mit NO\/NC.<\/li>\n<\/ul>","protected":false},"excerpt":{"rendered":"<p>Produktabmessungen: 250 x 95 x 23 mm.<\/p>\n<p>Kunststoff-Winkelverbinder mit glatter Oberfl\u00e4che in wei\u00df und wei\u00dfem Rahmen.<\/p>","protected":false},"featured_media":148644,"template":"","meta":{"_acf_changed":false},"product_brand":[],"product_cat":[1422,4705],"product_tag":[2989],"class_list":{"0":"post-148646","1":"product","2":"type-product","3":"status-publish","4":"has-post-thumbnail","6":"product_cat-armbagskontakter-dorrautomatik","7":"product_cat-abs-plast","8":"product_tag-egen-logo-ej-taggar-kort","9":"product_shipping_class-tunga-paket","10":"pa_brands-jc-kontakter","11":"tm-has-options","13":"first","14":"instock","15":"sale","16":"featured","17":"taxable","18":"shipping-taxable","19":"purchasable","20":"product-type-simple"},"acf":[],"_links":{"self":[{"href":"https:\/\/secureus.se\/de\/wp-json\/wp\/v2\/product\/148646","targetHints":{"allow":["GET"]}}],"collection":[{"href":"https:\/\/secureus.se\/de\/wp-json\/wp\/v2\/product"}],"about":[{"href":"https:\/\/secureus.se\/de\/wp-json\/wp\/v2\/types\/product"}],"wp:featuredmedia":[{"embeddable":true,"href":"https:\/\/secureus.se\/de\/wp-json\/wp\/v2\/media\/148644"}],"wp:attachment":[{"href":"https:\/\/secureus.se\/de\/wp-json\/wp\/v2\/media?parent=148646"}],"wp:term":[{"taxonomy":"product_brand","embeddable":true,"href":"https:\/\/secureus.se\/de\/wp-json\/wp\/v2\/product_brand?post=148646"},{"taxonomy":"product_cat","embeddable":true,"href":"https:\/\/secureus.se\/de\/wp-json\/wp\/v2\/product_cat?post=148646"},{"taxonomy":"product_tag","embeddable":true,"href":"https:\/\/secureus.se\/de\/wp-json\/wp\/v2\/product_tag?post=148646"}],"curies":[{"name":"wp","href":"https:\/\/api.w.org\/{rel}","templated":true}]}}