{"id":148655,"date":"2025-03-10T11:53:34","date_gmt":"2025-03-10T10:53:34","guid":{"rendered":"https:\/\/secureus.se\/armbagskontakt-sparkfunktion-jck138\/"},"modified":"2025-12-31T21:46:45","modified_gmt":"2025-12-31T20:46:45","slug":"armbagskontakt-sparkfunktion-jck138","status":"publish","type":"product","link":"https:\/\/secureus.se\/de\/armbagskontakt-sparkfunktion-jck138\/","title":{"rendered":"Ellenbogenkontakt \u2013 Kickfunktion \u2013 JCK138"},"content":{"rendered":"<h1 class=\"product_title entry-title elementor-heading-title elementor-size-default\">Ellenbogenkontakt \u2013 Kickfunktion \u2013 JCK138<\/h1>\n<section>\n<section>Kombinierter Ellbogenkontakt\/Trittkontakt. Langes Modell aus Aluminium, mit silber eloxierter Druckfl\u00e4che oben und schwarzer Trittfl\u00e4che unten.<\/p>\n<p>JCK138 geh\u00f6rt zu einer Serie von Winkelverbindern, die unten mit einem Kick-Verbinder kombiniert sind.<\/p>\n<p>Die Modelle sind speziell entwickelt, um z. B. Folgendes zu erm\u00f6glichen: Krankenhauspersonal kann T\u00fcren schnell und einfach \u00f6ffnen, z. B. mit das Bett, der Ellbogen, die H\u00fcfte oder der Fu\u00df.<\/p>\n<\/section>\n<section>\n<h4>Technische Spezifikation<\/h4>\n<ul>\n<li>Hergestellt in Schweden.<\/li>\n<li>Material: Alu.6060-T6, POM-Kunststoff (Acetal-Kunststoff).<\/li>\n<li>Abmessungen Standardversion L\/B\/H: 1200x80x28 mm.<\/li>\n<li>Mikroschalter: Standardm\u00e4\u00dfig 8 St\u00fcck, KEINE IP-Klasse 67.<\/li>\n<\/ul>\n<\/section>\n<section>\n<h4>Zubeh\u00f6r und Optionen<\/h4>\n<ul>\n<li>Steuereinheit mit zwei Ausg\u00e4ngen und verz\u00f6gertem Signal an einem Ausgang.<\/li>\n<\/ul>\n<\/section>\n<\/section>","protected":false},"excerpt":{"rendered":"<p>Produktabmessungen: 1200 x 80 x 28 mm.<\/p>\n<p>Langer Winkelverbinder aus silber eloxiertem Aluminium mit Kickfunktion\/Kickverbinder unten in schwarz.<\/p>","protected":false},"featured_media":148653,"template":"","meta":{"_acf_changed":false},"product_brand":[],"product_cat":[1422,4706],"product_tag":[],"class_list":{"0":"post-148655","1":"product","2":"type-product","3":"status-publish","4":"has-post-thumbnail","6":"product_cat-armbagskontakter-dorrautomatik","7":"product_cat-metall","8":"product_shipping_class-tunga-paket","9":"pa_brands-jc-kontakter","10":"tm-no-options","12":"first","13":"instock","14":"sale","15":"taxable","16":"shipping-taxable","17":"purchasable","18":"product-type-simple"},"acf":[],"_links":{"self":[{"href":"https:\/\/secureus.se\/de\/wp-json\/wp\/v2\/product\/148655","targetHints":{"allow":["GET"]}}],"collection":[{"href":"https:\/\/secureus.se\/de\/wp-json\/wp\/v2\/product"}],"about":[{"href":"https:\/\/secureus.se\/de\/wp-json\/wp\/v2\/types\/product"}],"wp:featuredmedia":[{"embeddable":true,"href":"https:\/\/secureus.se\/de\/wp-json\/wp\/v2\/media\/148653"}],"wp:attachment":[{"href":"https:\/\/secureus.se\/de\/wp-json\/wp\/v2\/media?parent=148655"}],"wp:term":[{"taxonomy":"product_brand","embeddable":true,"href":"https:\/\/secureus.se\/de\/wp-json\/wp\/v2\/product_brand?post=148655"},{"taxonomy":"product_cat","embeddable":true,"href":"https:\/\/secureus.se\/de\/wp-json\/wp\/v2\/product_cat?post=148655"},{"taxonomy":"product_tag","embeddable":true,"href":"https:\/\/secureus.se\/de\/wp-json\/wp\/v2\/product_tag?post=148655"}],"curies":[{"name":"wp","href":"https:\/\/api.w.org\/{rel}","templated":true}]}}