{"id":148658,"date":"2025-03-10T11:43:26","date_gmt":"2025-03-10T10:43:26","guid":{"rendered":"https:\/\/secureus.se\/armbagskontakt-aluminium-jck257\/"},"modified":"2026-04-16T16:23:41","modified_gmt":"2026-04-16T14:23:41","slug":"armbagskontakt-aluminium-jck257","status":"publish","type":"product","link":"https:\/\/secureus.se\/de\/armbagskontakt-aluminium-jck257\/","title":{"rendered":"Winkelverbinder \u2013 Aluminium \u2013 JCK257"},"content":{"rendered":"<h1>Winkelverbinder \u2013 Aluminium \u2013 JCK257<\/h1>\n<section>JCK257 verf\u00fcgt \u00fcber zwei Druckfl\u00e4chen und besteht aus schwarz eloxiertem Aluminium mit wei\u00dfen Endkappen. Beide Druckfl\u00e4chen sind mit vier taktilen Rillen versehen und dienen Menschen mit Sehbehinderung als zus\u00e4tzliche Orientierung. Sie sp\u00fcren deutlich, wo Sie dr\u00fccken m\u00fcssen, um die T\u00fcr zu \u00f6ffnen.<\/p>\n<p>JCK257 ist Teil einer Produktserie von Winkelkontakten mit zwei gleich gro\u00dfen Druckfl\u00e4chen.<\/p>\n<p>Die Serie ist speziell f\u00fcr Umgebungen mit Doppelschwingt\u00fcren entwickelt und erm\u00f6glicht es, jede T\u00fcr separat mit einem eigenen Druckknopf zu steuern.<\/p>\n<p>Die Funktion tr\u00e4gt dazu bei, kalte Zugluft und Durchzug zu reduzieren und spart Energie im Vergleich zum \u00d6ffnen beider T\u00fcren bei jedem \u00d6ffnen.<\/p>\n<p>Auch in einem Durchgang mit zwei Eing\u00e4ngen zum Grundst\u00fcck k\u00f6nnen diese Winkelverbinder sinnvoll sein.<\/p>\n<\/section>\n<section>\n<h4>Technische Spezifikation<\/h4>\n<ul>\n<li>Hergestellt in Schweden.<\/li>\n<li>Material: Alu.6060-T6, POM-Kunststoff (Acetal-Kunststoff).<\/li>\n<li>Abmessungen Standardversion L\/B\/H: 477x80x23 mm.<\/li>\n<li>Mikroschalter: Standard 2 St\u00fcck, KEIN IP67.<\/li>\n<\/ul>\n<\/section>","protected":false},"excerpt":{"rendered":"<p>Produktabmessungen: 311 x 80 x 23 mm.<\/p>\n<p>Winkelverbinder aus silber eloxiertem Aluminium mit schwarzen Endkappen.<\/p>\n<p>Doppelte Druckfl\u00e4chen mit taktilen Rillen.<\/p>","protected":false},"featured_media":148656,"template":"","meta":{"_acf_changed":false},"product_brand":[],"product_cat":[1422,4706],"product_tag":[],"class_list":{"0":"post-148658","1":"product","2":"type-product","3":"status-publish","4":"has-post-thumbnail","6":"product_cat-armbagskontakter-dorrautomatik","7":"product_cat-metall","8":"product_shipping_class-tunga-paket","9":"pa_brands-jc-kontakter","10":"tm-no-options","12":"first","13":"instock","14":"sale","15":"taxable","16":"shipping-taxable","17":"purchasable","18":"product-type-simple"},"acf":[],"_links":{"self":[{"href":"https:\/\/secureus.se\/de\/wp-json\/wp\/v2\/product\/148658","targetHints":{"allow":["GET"]}}],"collection":[{"href":"https:\/\/secureus.se\/de\/wp-json\/wp\/v2\/product"}],"about":[{"href":"https:\/\/secureus.se\/de\/wp-json\/wp\/v2\/types\/product"}],"wp:featuredmedia":[{"embeddable":true,"href":"https:\/\/secureus.se\/de\/wp-json\/wp\/v2\/media\/148656"}],"wp:attachment":[{"href":"https:\/\/secureus.se\/de\/wp-json\/wp\/v2\/media?parent=148658"}],"wp:term":[{"taxonomy":"product_brand","embeddable":true,"href":"https:\/\/secureus.se\/de\/wp-json\/wp\/v2\/product_brand?post=148658"},{"taxonomy":"product_cat","embeddable":true,"href":"https:\/\/secureus.se\/de\/wp-json\/wp\/v2\/product_cat?post=148658"},{"taxonomy":"product_tag","embeddable":true,"href":"https:\/\/secureus.se\/de\/wp-json\/wp\/v2\/product_tag?post=148658"}],"curies":[{"name":"wp","href":"https:\/\/api.w.org\/{rel}","templated":true}]}}