{"id":148660,"date":"2025-03-04T16:50:10","date_gmt":"2025-03-04T15:50:10","guid":{"rendered":"https:\/\/secureus.se\/armbagskontakt-aluminium-jck118-900-mm\/"},"modified":"2026-04-16T16:38:58","modified_gmt":"2026-04-16T14:38:58","slug":"armbagskontakt-aluminium-jck118-900-mm","status":"publish","type":"product","link":"https:\/\/secureus.se\/de\/armbagskontakt-aluminium-jck118-900-mm\/","title":{"rendered":"Winkelverbinder \u2013 Aluminium \u2013 JCK118 900 mm"},"content":{"rendered":"<h1 class=\"product_title entry-title elementor-heading-title elementor-size-default\">Winkelverbinder \u2013 Aluminium \u2013 JCK118 900 mm<\/h1>\n<p>JCK118 ist ein robuster Aluminium-Winkelverbinder.<\/p>\n<p>Das Modell verf\u00fcgt \u00fcber eine konkave schwarze Druckplatte mit kontrastierenden wei\u00dfen Endkappen und eignet sich besonders f\u00fcr die Installation in anspruchsvollen Umgebungen.<\/p>\n<p>JCK118 wird mit 1 Mikroschalter in IP67 geliefert, kann aber auch mit mehr bestellt werden.<\/p>\n<section>\n<h3>Technische Spezifikation<\/h3>\n<ul>\n<li>Hergestellt in Schweden.<\/li>\n<li>Material: Alu.6060-T6, POM-Kunststoff (Acetal-Kunststoff).<\/li>\n<li>Abmessungen Standardversion L\/B\/H: 900x80x28 mm.<\/li>\n<li>Mikroschalter: NO, IP-Klasse 67. Standardm\u00e4\u00dfig 1 NO, kann mit 2 Mikroschaltern und mit NO\/NC-Umschaltmikroschalter bestellt werden.<\/li>\n<\/ul>\n<\/section>","protected":false},"excerpt":{"rendered":"<p>Gr\u00f6\u00dfe: 900 x 80 x 28 mm.<\/p>\n<p>Winkelverbinder mit konkaver Druckplatte aus schwarz eloxiertem Aluminium und wei\u00dfen Endkappen.<\/p>","protected":false},"featured_media":148659,"template":"","meta":{"_acf_changed":false},"product_brand":[],"product_cat":[1422,4706],"product_tag":[],"class_list":{"0":"post-148660","1":"product","2":"type-product","3":"status-publish","4":"has-post-thumbnail","6":"product_cat-armbagskontakter-dorrautomatik","7":"product_cat-metall","8":"product_shipping_class-tunga-paket","9":"pa_brands-jc-kontakter","10":"tm-no-options","12":"first","13":"instock","14":"sale","15":"taxable","16":"shipping-taxable","17":"purchasable","18":"product-type-simple"},"acf":[],"_links":{"self":[{"href":"https:\/\/secureus.se\/de\/wp-json\/wp\/v2\/product\/148660","targetHints":{"allow":["GET"]}}],"collection":[{"href":"https:\/\/secureus.se\/de\/wp-json\/wp\/v2\/product"}],"about":[{"href":"https:\/\/secureus.se\/de\/wp-json\/wp\/v2\/types\/product"}],"wp:featuredmedia":[{"embeddable":true,"href":"https:\/\/secureus.se\/de\/wp-json\/wp\/v2\/media\/148659"}],"wp:attachment":[{"href":"https:\/\/secureus.se\/de\/wp-json\/wp\/v2\/media?parent=148660"}],"wp:term":[{"taxonomy":"product_brand","embeddable":true,"href":"https:\/\/secureus.se\/de\/wp-json\/wp\/v2\/product_brand?post=148660"},{"taxonomy":"product_cat","embeddable":true,"href":"https:\/\/secureus.se\/de\/wp-json\/wp\/v2\/product_cat?post=148660"},{"taxonomy":"product_tag","embeddable":true,"href":"https:\/\/secureus.se\/de\/wp-json\/wp\/v2\/product_tag?post=148660"}],"curies":[{"name":"wp","href":"https:\/\/api.w.org\/{rel}","templated":true}]}}