{"id":148667,"date":"2025-03-04T16:35:46","date_gmt":"2025-03-04T15:35:46","guid":{"rendered":"https:\/\/secureus.se\/armbagskontakt-aluminium-jck108-600-mm\/"},"modified":"2026-04-16T16:48:19","modified_gmt":"2026-04-16T14:48:19","slug":"armbagskontakt-aluminium-jck108-600-mm","status":"publish","type":"product","link":"https:\/\/secureus.se\/de\/armbagskontakt-aluminium-jck108-600-mm\/","title":{"rendered":"Winkelverbinder \u2013 Aluminium \u2013 JCK108 600 mm"},"content":{"rendered":"<h1>Winkelverbinder \u2013 Aluminium \u2013 JCK108 600 mm<\/h1>\n<section>JCK108 ist ein robuster Winkelverbinder aus Aluminium. Das Modell verf\u00fcgt \u00fcber eine konkave Druckplatte mit kontrastierenden schwarzen Endkappen und eignet sich besonders f\u00fcr den Einbau in anspruchsvollen Umgebungen. JCK108 wird mit 2 Mikroschaltern in IP67 geliefert.<\/p>\n<\/section>\n<section>\n<h4>Technische Spezifikation<\/h4>\n<ul>\n<li>Hergestellt in Schweden.<\/li>\n<li>Material: Alu.6060-T6, POM-Kunststoff (Acetal-Kunststoff).<\/li>\n<li>Ma\u00dfe L\/B\/H: 600x80x28 mm.<\/li>\n<li>Mikroschalter: Standard 2 St\u00fcck, NEIN IP67. Mit Schlie\u00dfer\/\u00d6ffner bestellbar.<\/li>\n<\/ul>\n<\/section>\n<p>&nbsp;<\/p>","protected":false},"excerpt":{"rendered":"<p>Produktabmessungen: 600 x 80 x 28 mm.<\/p>\n<p>Winkelverbinder mit konkaver Druckplatte aus silber eloxiertem Aluminium und schwarzen Endkappen.<\/p>\n<p>Optional sind wei\u00dfe Endkappen erh\u00e4ltlich.<\/p>","protected":false},"featured_media":148664,"template":"","meta":{"_acf_changed":false},"product_brand":[],"product_cat":[1422,4706],"product_tag":[],"class_list":{"0":"post-148667","1":"product","2":"type-product","3":"status-publish","4":"has-post-thumbnail","6":"product_cat-armbagskontakter-dorrautomatik","7":"product_cat-metall","8":"product_shipping_class-tunga-paket","9":"pa_brands-jc-kontakter","10":"tm-has-options","12":"first","13":"instock","14":"sale","15":"taxable","16":"shipping-taxable","17":"purchasable","18":"product-type-simple"},"acf":[],"_links":{"self":[{"href":"https:\/\/secureus.se\/de\/wp-json\/wp\/v2\/product\/148667","targetHints":{"allow":["GET"]}}],"collection":[{"href":"https:\/\/secureus.se\/de\/wp-json\/wp\/v2\/product"}],"about":[{"href":"https:\/\/secureus.se\/de\/wp-json\/wp\/v2\/types\/product"}],"wp:featuredmedia":[{"embeddable":true,"href":"https:\/\/secureus.se\/de\/wp-json\/wp\/v2\/media\/148664"}],"wp:attachment":[{"href":"https:\/\/secureus.se\/de\/wp-json\/wp\/v2\/media?parent=148667"}],"wp:term":[{"taxonomy":"product_brand","embeddable":true,"href":"https:\/\/secureus.se\/de\/wp-json\/wp\/v2\/product_brand?post=148667"},{"taxonomy":"product_cat","embeddable":true,"href":"https:\/\/secureus.se\/de\/wp-json\/wp\/v2\/product_cat?post=148667"},{"taxonomy":"product_tag","embeddable":true,"href":"https:\/\/secureus.se\/de\/wp-json\/wp\/v2\/product_tag?post=148667"}],"curies":[{"name":"wp","href":"https:\/\/api.w.org\/{rel}","templated":true}]}}