{"id":148681,"date":"2025-03-04T15:33:59","date_gmt":"2025-03-04T14:33:59","guid":{"rendered":"https:\/\/secureus.se\/armbagskontakt-massing-jck119\/"},"modified":"2026-03-23T12:31:10","modified_gmt":"2026-03-23T11:31:10","slug":"armbagskontakt-massing-jck119","status":"publish","type":"product","link":"https:\/\/secureus.se\/de\/armbagskontakt-massing-jck119\/","title":{"rendered":"Winkelverbinder \u2013 Messing \u2013 JCK119"},"content":{"rendered":"<h1>Winkelverbinder \u2013 Messing \u2013 JCK119<\/h1>\n<p>JCK119 ist ein langlebiger Winkelverbinder mit einer flachen Druckplatte und Endkappe aus Messing sowie einem Unterteil aus goldeloxiertem Aluminium.<\/p>\n<p>Das Modell ist f\u00fcr den Einsatz in exklusiven Umgebungen und in \u00e4lteren, mit dem K-Label gekennzeichneten Geb\u00e4uden entwickelt.<\/p>\n<p>Da in Altbauten die Verkabelung oft schwer zug\u00e4nglich ist, kann JCK119 mit Funksteuerung bestellt werden.<\/p>\n<section>\n<h4>Technische Spezifikation<\/h4>\n<ul>\n<li>Hergestellt in Schweden.<\/li>\n<li>Material: Alu.6060-T6 (gold eloxiert). Druckknopf und Endkappe: Messing.<\/li>\n<li>Abmessungen Standardversion L\/B\/H: 237x80x28 mm.<\/li>\n<li>Mikroschalter: Standard 1 St\u00fcck NEIN IP67. Bestellbar mit 2, sowie mit NO\/NC.<\/li>\n<\/ul>\n<\/section>","protected":false},"excerpt":{"rendered":"<p>Produktabmessungen: 237 x 80 x 28 mm.<\/p>\n<p>Winkelverbinder aus poliertem Messing mit flacher Druckplatte.<\/p>","protected":false},"featured_media":156046,"template":"","meta":{"_acf_changed":false},"product_brand":[],"product_cat":[1422,4706],"product_tag":[],"class_list":{"0":"post-148681","1":"product","2":"type-product","3":"status-publish","4":"has-post-thumbnail","6":"product_cat-armbagskontakter-dorrautomatik","7":"product_cat-metall","8":"product_shipping_class-tunga-paket","9":"pa_brands-jc-kontakter","10":"tm-has-options","12":"first","13":"instock","14":"sale","15":"taxable","16":"shipping-taxable","17":"purchasable","18":"product-type-simple"},"acf":[],"_links":{"self":[{"href":"https:\/\/secureus.se\/de\/wp-json\/wp\/v2\/product\/148681","targetHints":{"allow":["GET"]}}],"collection":[{"href":"https:\/\/secureus.se\/de\/wp-json\/wp\/v2\/product"}],"about":[{"href":"https:\/\/secureus.se\/de\/wp-json\/wp\/v2\/types\/product"}],"wp:featuredmedia":[{"embeddable":true,"href":"https:\/\/secureus.se\/de\/wp-json\/wp\/v2\/media\/156046"}],"wp:attachment":[{"href":"https:\/\/secureus.se\/de\/wp-json\/wp\/v2\/media?parent=148681"}],"wp:term":[{"taxonomy":"product_brand","embeddable":true,"href":"https:\/\/secureus.se\/de\/wp-json\/wp\/v2\/product_brand?post=148681"},{"taxonomy":"product_cat","embeddable":true,"href":"https:\/\/secureus.se\/de\/wp-json\/wp\/v2\/product_cat?post=148681"},{"taxonomy":"product_tag","embeddable":true,"href":"https:\/\/secureus.se\/de\/wp-json\/wp\/v2\/product_tag?post=148681"}],"curies":[{"name":"wp","href":"https:\/\/api.w.org\/{rel}","templated":true}]}}