{"id":148697,"date":"2025-03-12T11:01:47","date_gmt":"2025-03-12T10:01:47","guid":{"rendered":"https:\/\/secureus.se\/dorrstangarsats-ts83-3-6-med-uppstallningsarm-brun\/"},"modified":"2026-04-08T15:25:17","modified_gmt":"2026-04-08T13:25:17","slug":"dorrstangarsats-ts83-3-6-med-uppstallningsarm-brun","status":"publish","type":"product","link":"https:\/\/secureus.se\/de\/dorrstangarsats-ts83-3-6-med-uppstallningsarm-brun\/","title":{"rendered":"Dormakaba TS83 T\u00fcrschlie\u00dfer \u2013 Komplettset \u2013 EN 3-6 \u2013 Montagearm (Ein\/Aus) \u2013 Braun"},"content":{"rendered":"<p><strong>Dormakaba TS83<\/strong> ist ein leistungsstarker und zuverl\u00e4ssiger T\u00fcrschlie\u00dfer f\u00fcr alle, die ein sicheres und kontrolliertes Schlie\u00dfen von Innen- und Au\u00dfent\u00fcren ben\u00f6tigen. Diese Variante wird geliefert als <strong>Komplettset<\/strong> in braun mit <strong>Standarm CL-RF Ein\/Aus<\/strong>, Dadurch eignet es sich gut, wenn Sie die T\u00fcr bei Bedarf offen halten und die Funktion einfach ein- oder ausschalten m\u00f6chten.<\/p>\n<p>Der T\u00fcrschlie\u00dfer passt f\u00fcr T\u00fcren bis zu einer bestimmten Gr\u00f6\u00dfe. <strong>1400 mm<\/strong> und hat <strong>stufenlos einstellbare Schlie\u00dfkraft EN 3-6<\/strong>. Es kann montiert werden auf <strong>Scharnierseite des T\u00fcrblatts<\/strong> oder <strong>die Anschlagseite des Rahmens<\/strong> und passt sowohl <strong>links- und rechtsanschlagende T\u00fcren<\/strong>.<\/p>\n<h3>Dies ist im Set enthalten.<\/h3>\n<ul>\n<li>T\u00fcrschlie\u00dfergeh\u00e4use TS83 3-6<\/li>\n<li>Montageplatte 8380<\/li>\n<li>Standarm CL-RF Ein\/Aus<\/li>\n<\/ul>\n<h3>Eigenschaften<\/h3>\n<ul>\n<li>Komplettes Set mit T\u00fcrschlie\u00dfergeh\u00e4use, Montageplatte und Montagearm<\/li>\n<li>Hydraulischer T\u00fcrschlie\u00dfer mit Druckfeder<\/li>\n<li>Schlie\u00dfkraft <strong>EINS 3-6<\/strong><\/li>\n<li>Stufenlos einstellbare T\u00fcrschlie\u00dfkraft<\/li>\n<li>Passend f\u00fcr linke und rechte T\u00fcren<\/li>\n<li>Kann an der Scharnierseite des T\u00fcrblatts oder an der Schlie\u00dfblechseite des Rahmens montiert werden.<\/li>\n<li>Maximale T\u00fcrbreite <strong>1400 mm<\/strong><\/li>\n<li>Maximaler \u00d6ffnungswinkel <strong>150\u00b0<\/strong><\/li>\n<li>Oberfl\u00e4chenbehandlung: <strong>Braun<\/strong><\/li>\n<li>Sonderfarben k\u00f6nnen auf Anfrage in NCS- oder RAL-Farbskalen bestellt werden.<\/li>\n<\/ul>\n<h3>Funktionen<\/h3>\n<ul>\n<li>\u00d6ffnungsbremse serienm\u00e4\u00dfig<\/li>\n<li>Einstellbare Schlie\u00dfgeschwindigkeit <strong>180\u00b0 bis 0\u00b0<\/strong><\/li>\n<li>Einstellbare Aufprallkraft <strong>7\u00b0 bis 0\u00b0<\/strong><\/li>\n<li>Standarm mit Knopf zum Ein- und Ausschalten des St\u00e4nders<\/li>\n<\/ul>\n<h3>Wichtige Informationen<\/h3>\n<p><strong>Der Standarm darf nicht an Brandschutzt\u00fcren verwendet werden.<\/strong> Soll der T\u00fcrschlie\u00dfer an einer Brandschutzt\u00fcr verwendet werden, muss die richtige Ausf\u00fchrung ohne aktive Aufstellfunktion gew\u00e4hlt werden.<\/p>\n<h3>Messen<\/h3>\n<ul>\n<li>L\u00e4nge: <strong>293 mm<\/strong><\/li>\n<li>H\u00f6he: <strong>60 mm<\/strong><\/li>\n<li>Tiefe: <strong>47,5 mm<\/strong><\/li>\n<\/ul>\n<h3>Geeignet f\u00fcr<\/h3>\n<ul>\n<li>Innent\u00fcren<\/li>\n<li>Vordert\u00fcren<\/li>\n<li>Eingangst\u00fcren<\/li>\n<li>T\u00fcrumgebungen, in denen eine Anzeigefunktion ben\u00f6tigt wird<\/li>\n<li>Immobilien, B\u00fcros und \u00f6ffentliche Umgebungen<\/li>\n<\/ul>\n<p>Der Dormakaba TS83 ist eine gute Wahl f\u00fcr alle, die einen suchen <strong>T\u00fcrschlie\u00dfer mit Standarm<\/strong> Im Komplettset erhalten Sie einen zuverl\u00e4ssigen T\u00fcrschlie\u00dfer mit hoher Einstellbarkeit, stabiler Funktion und der M\u00f6glichkeit, die Einrichtung je nach Bedarf einfach zu aktivieren oder zu deaktivieren.<\/p>\n<div style=\"background: #f6f8fa;padding: 14px;border-radius: 6px;margin: 18px 0\"><strong>Ben\u00f6tigen Sie Hilfe bei der Auswahl des richtigen T\u00fcrschlie\u00dfers?<\/strong><br \/>\nVergleichen Sie T\u00fcrtyp, Armtyp und T\u00fcrbreite oder sehen Sie sich weitere Modelle aus unserem Sortiment an.<br \/>\n<a style=\"font-weight: bold\" href=\"https:\/\/secureus.se\/de\/dorrstangare-kompletta\/\"><br \/>\nAlle kompletten T\u00fcrschlie\u00dfer finden Sie hier \u2192<br \/>\n<\/a><\/div>","protected":false},"excerpt":{"rendered":"<p><strong>Dormakaba TS83 T\u00fcrschlie\u00dfer-Komplettset in Braun<\/strong> Mit Ein-\/Ausschalter zur kontrollierten Schlie\u00dfung von Innen- und Au\u00dfent\u00fcren. Geeignet f\u00fcr T\u00fcren bis zu einer bestimmten Gr\u00f6\u00dfe. <strong>1400 mm<\/strong> und kann montiert werden auf <strong>Scharnierseite des T\u00fcrblatts<\/strong> oder <strong>die Anschlagseite des Rahmens<\/strong>.<\/p>\n<p>Das komplette Set beinhaltet: <strong>T\u00fcrschlie\u00dfergeh\u00e4use TS83 3-6, Montageplatte 8380 und Montagearm CL-RF Ein\/Aus<\/strong>. Das Modell hat <strong>einstellbare Schlie\u00dfkraft EN 3-6<\/strong>, \u00d6ffnungsbremse und Parkfunktion, die je nach Bedarf einfach ein- oder ausgeschaltet werden k\u00f6nnen.<\/p>","protected":false},"featured_media":148696,"template":"","meta":{"_acf_changed":false},"product_brand":[],"product_cat":[3258,4864],"product_tag":[4863],"class_list":{"0":"post-148697","1":"product","2":"type-product","3":"status-publish","4":"has-post-thumbnail","6":"product_cat-dorrstangare","7":"product_cat-dorrstangare-kompletta","8":"product_tag-pf","9":"product_shipping_class-tunga-paket","10":"pa_brands-dormakaba","11":"tm-no-options","13":"first","14":"instock","15":"sale","16":"taxable","17":"shipping-taxable","18":"purchasable","19":"product-type-simple"},"acf":[],"_links":{"self":[{"href":"https:\/\/secureus.se\/de\/wp-json\/wp\/v2\/product\/148697","targetHints":{"allow":["GET"]}}],"collection":[{"href":"https:\/\/secureus.se\/de\/wp-json\/wp\/v2\/product"}],"about":[{"href":"https:\/\/secureus.se\/de\/wp-json\/wp\/v2\/types\/product"}],"wp:featuredmedia":[{"embeddable":true,"href":"https:\/\/secureus.se\/de\/wp-json\/wp\/v2\/media\/148696"}],"wp:attachment":[{"href":"https:\/\/secureus.se\/de\/wp-json\/wp\/v2\/media?parent=148697"}],"wp:term":[{"taxonomy":"product_brand","embeddable":true,"href":"https:\/\/secureus.se\/de\/wp-json\/wp\/v2\/product_brand?post=148697"},{"taxonomy":"product_cat","embeddable":true,"href":"https:\/\/secureus.se\/de\/wp-json\/wp\/v2\/product_cat?post=148697"},{"taxonomy":"product_tag","embeddable":true,"href":"https:\/\/secureus.se\/de\/wp-json\/wp\/v2\/product_tag?post=148697"}],"curies":[{"name":"wp","href":"https:\/\/api.w.org\/{rel}","templated":true}]}}