{"id":148710,"date":"2025-03-12T12:46:21","date_gmt":"2025-03-12T11:46:21","guid":{"rendered":"https:\/\/secureus.se\/?post_type=product&#038;p=148710"},"modified":"2026-04-08T15:25:08","modified_gmt":"2026-04-08T13:25:08","slug":"standardarm-cl-n-brun","status":"publish","type":"product","link":"https:\/\/secureus.se\/de\/standardarm-cl-n-brun\/","title":{"rendered":"Standardarm CL-N Braun"},"content":{"rendered":"<p>Standardarm der CL-N-Serie von dormakaba. Passend f\u00fcr T\u00fcrschlie\u00dfergeh\u00e4use TS83 und TS73. CL-N ist teilbar, f\u00fcr unteilbar w\u00e4hlen Sie CL-N-SEC. Geeignet f\u00fcr Innent\u00fcren, Au\u00dfent\u00fcren und Brandschutzt\u00fcren in Dienstleistungsgeb\u00e4uden, Krankenh\u00e4usern und Behinderteneinrichtungen.<\/p>\n<div>\n<p><b>Eigenschaften:<\/b><\/p>\n<ul>\n<li>F\u00fcr Eindringtiefe max. 85 mm<\/li>\n<li>Stufenlos einstellbar<\/li>\n<li>Teilbar<\/li>\n<\/ul>\n<\/div>","protected":false},"excerpt":{"rendered":"<p>Standardarm der dormakaba CL-N-Serie. Passend f\u00fcr T\u00fcrschlie\u00dfergeh\u00e4use TS83 und TS73. CL-N ist teilbar, f\u00fcr unteilbar w\u00e4hlen Sie CL-N-SEC. Geeignet f\u00fcr Innent\u00fcren, Au\u00dfent\u00fcren und Brandschutzt\u00fcren in Dienstleistungsgeb\u00e4uden, Krankenh\u00e4usern und Behinderteneinrichtungen. Merkmale:<\/p>","protected":false},"featured_media":148709,"template":"","meta":{"_acf_changed":false},"product_brand":[],"product_cat":[4805],"product_tag":[4863],"class_list":{"0":"post-148710","1":"product","2":"type-product","3":"status-publish","4":"has-post-thumbnail","6":"product_cat-dorrstangararmar","7":"product_tag-pf","8":"product_shipping_class-tunga-paket","9":"pa_brands-dormakaba","10":"tm-no-options","12":"first","13":"instock","14":"sale","15":"taxable","16":"shipping-taxable","17":"purchasable","18":"product-type-simple"},"acf":[],"_links":{"self":[{"href":"https:\/\/secureus.se\/de\/wp-json\/wp\/v2\/product\/148710","targetHints":{"allow":["GET"]}}],"collection":[{"href":"https:\/\/secureus.se\/de\/wp-json\/wp\/v2\/product"}],"about":[{"href":"https:\/\/secureus.se\/de\/wp-json\/wp\/v2\/types\/product"}],"wp:featuredmedia":[{"embeddable":true,"href":"https:\/\/secureus.se\/de\/wp-json\/wp\/v2\/media\/148709"}],"wp:attachment":[{"href":"https:\/\/secureus.se\/de\/wp-json\/wp\/v2\/media?parent=148710"}],"wp:term":[{"taxonomy":"product_brand","embeddable":true,"href":"https:\/\/secureus.se\/de\/wp-json\/wp\/v2\/product_brand?post=148710"},{"taxonomy":"product_cat","embeddable":true,"href":"https:\/\/secureus.se\/de\/wp-json\/wp\/v2\/product_cat?post=148710"},{"taxonomy":"product_tag","embeddable":true,"href":"https:\/\/secureus.se\/de\/wp-json\/wp\/v2\/product_tag?post=148710"}],"curies":[{"name":"wp","href":"https:\/\/api.w.org\/{rel}","templated":true}]}}