{"id":148796,"date":"2025-03-13T14:40:11","date_gmt":"2025-03-13T13:40:11","guid":{"rendered":"https:\/\/secureus.se\/rwc-larm-komplett-kit\/"},"modified":"2026-04-16T16:10:16","modified_gmt":"2026-04-16T14:10:16","slug":"rwc-larm-komplett-kit","status":"publish","type":"product","link":"https:\/\/secureus.se\/de\/rwc-larm-komplett-kit\/","title":{"rendered":"RWC Alarm \u2013 Komplettes Alarmset f\u00fcr Notsituationen inklusive Stromversorgung \u2013 CE-Kennzeichnung"},"content":{"rendered":"<h1 data-start=\"549\" data-end=\"788\">RWC Alarm ist eine zuverl\u00e4ssige und benutzerfreundliche L\u00f6sung zur Erh\u00f6hung der Sicherheit in Toiletten und anderen zug\u00e4nglichen Umgebungen.<\/h1>\n<p>Der Anschluss des RWC-Alarms erfolgt \u00fcber ein 2-adriges Kabel oder ein 4-adriges Kabel. Schlie\u00dfen Sie die Stromversorgung \u00fcber ein Elektrokabel an 220 V an.<\/p>\n<p data-start=\"549\" data-end=\"788\">Das System ist darauf ausgelegt, in Notsituationen durch eine klare Alarmanzeige schnelle Hilfe zu erm\u00f6glichen.<\/p>\n<p data-start=\"790\" data-end=\"820\"><strong data-start=\"790\" data-end=\"818\">Funktionen und Vorteile dieses RWC-Alarms:<\/strong><\/p>\n<ul data-start=\"821\" data-end=\"1230\">\n<li data-start=\"821\" data-end=\"894\"><strong data-start=\"823\" data-end=\"841\">Komplettpaket<\/strong> \u2013 Inklusive Notruftaste, Zugschnur und Alarmanzeige.<\/li>\n<li data-start=\"895\" data-end=\"981\"><strong data-start=\"897\" data-end=\"922\">Klare Alarmanzeige<\/strong> \u2013 Ton- und Lichtsignale f\u00fcr sofortige Aufmerksamkeit.<\/li>\n<li data-start=\"982\" data-end=\"1070\"><strong data-start=\"984\" data-end=\"1003\">Benutzerfreundlich<\/strong> \u2013 Einfache Aktivierung, auch f\u00fcr Personen mit eingeschr\u00e4nkter Mobilit\u00e4t.<\/li>\n<li data-start=\"1071\" data-end=\"1159\"><strong data-start=\"1073\" data-end=\"1096\">Einfach zu installieren<\/strong> \u2013 Geeignet f\u00fcr \u00f6ffentliche Toiletten, Gesundheitseinrichtungen und Unternehmen.<\/li>\n<li data-start=\"1160\" data-end=\"1230\"><strong data-start=\"1162\" data-end=\"1183\">Hohe Betriebssicherheit<\/strong> \u2013 Robustes Design mit zuverl\u00e4ssiger Funktionalit\u00e4t.<\/li>\n<\/ul>\n<p data-start=\"1232\" data-end=\"1257\"><strong data-start=\"1232\" data-end=\"1255\">Einsatzgebiete f\u00fcr RWC Alarm \u2013 Notfallalarm<\/strong><\/p>\n<ul data-start=\"1258\" data-end=\"1370\">\n<li data-start=\"1258\" data-end=\"1282\">\u00d6ffentliche Toiletten<\/li>\n<li data-start=\"1283\" data-end=\"1315\">Krankenh\u00e4user und Pflegeeinrichtungen<\/li>\n<li data-start=\"1316\" data-end=\"1344\">Schulen und Arbeitspl\u00e4tze<\/li>\n<li data-start=\"1345\" data-end=\"1370\">Hotels und Einkaufszentren<\/li>\n<\/ul>\n<p data-start=\"1372\" data-end=\"1403\"><strong data-start=\"1372\" data-end=\"1401\">Technische Spezifikationen:<\/strong><\/p>\n<p>Stromquelle: 12 V\u201324 V DC<\/p>\n<p>Alarmtyp: Akustische und optische Anzeige<\/p>\n<p>Montage: Wandger\u00e4t mit Zugschnur<\/p>\n<p>Material: Langlebig und leicht zu reinigen<\/p>\n<p><strong>Produktl\u00e4nge\/-tiefe:<\/strong> 280 mm<\/p>\n<p><strong>Produkth\u00f6he:<\/strong> 48 mm<\/p>\n<p><strong>Produktbreite:<\/strong> 211 mm<\/p>\n<p><strong>Produktgewicht:<\/strong> 0,498 kg<\/p>\n<p><strong>Zertifizierungen:<\/strong> CE<\/p>\n<p>&nbsp;<\/p>\n<h3 data-start=\"191\" data-end=\"224\"><strong data-start=\"195\" data-end=\"222\">RWC-Alarminstallation<\/strong><\/h3>\n<p data-start=\"225\" data-end=\"325\">Um eine korrekte und sichere Installation des Toilettenalarms zu gew\u00e4hrleisten, sollten die folgenden Richtlinien befolgt werden.<\/p>\n<h3 data-start=\"327\" data-end=\"366\"><strong data-start=\"331\" data-end=\"364\">Elektroinstallation (Netzverkabelung)<\/strong><\/h3>\n<ul data-start=\"367\" data-end=\"727\">\n<li data-start=\"367\" data-end=\"499\">Die Stromversorgung der Alarmzentrale muss \u00fcber eine Festinstallation mit einem <strong data-start=\"448\" data-end=\"465\">dreiadriges Kabel<\/strong> mit einer Fl\u00e4che von mindestens <strong data-start=\"487\" data-end=\"496\">1 mm\u00b2<\/strong>.<\/li>\n<li data-start=\"500\" data-end=\"595\">Die Verbindung sollte \u00fcber eine <strong data-start=\"530\" data-end=\"570\">isolierte, unterbrechbare und gesicherte Versorgung<\/strong> mit einem <strong data-start=\"578\" data-end=\"592\">3A-Sicherung<\/strong>.<\/li>\n<li data-start=\"596\" data-end=\"727\">Die Installation muss gem\u00e4\u00df <strong data-start=\"640\" data-end=\"676\">IEE-Verdrahtungsvorschriften (BS 7671)<\/strong> oder geltenden nationalen Vorschriften zur Elektroinstallation.<\/li>\n<\/ul>\n<h3 data-start=\"729\" data-end=\"796\"><strong data-start=\"733\" data-end=\"794\">Verkabelung mit besonders geringer Spannung (ELV)<\/strong><\/h3>\n<ul data-start=\"797\" data-end=\"1019\">\n<li data-start=\"797\" data-end=\"868\">Alle <strong data-start=\"803\" data-end=\"827\">Niederspannungsverkabelung<\/strong> muss von der Netzspannung getrennt werden.<\/li>\n<li data-start=\"869\" data-end=\"925\">Das System erfordert eine <strong data-start=\"890\" data-end=\"922\">mindestens 2-adriges Kabel (0,4 mm\u00b2)<\/strong>.<\/li>\n<li data-start=\"926\" data-end=\"1019\">Alle Wandger\u00e4te sollten auf einer <strong data-start=\"977\" data-end=\"994\">Montagerahmen<\/strong> mit ausreichender Tiefe.<\/li>\n<\/ul>\n<h3 data-start=\"1021\" data-end=\"1070\"><strong data-start=\"1025\" data-end=\"1068\">Schaltplan \u2013 Ger\u00e4te anschlie\u00dfen<\/strong><\/h3>\n<p data-start=\"1071\" data-end=\"1129\">Folgende Anschl\u00fcsse sind gem\u00e4\u00df Schaltplan vorzunehmen:<\/p>\n<ol data-start=\"1131\" data-end=\"1644\">\n<li data-start=\"1131\" data-end=\"1229\">\n<p data-start=\"1134\" data-end=\"1176\"><strong data-start=\"1134\" data-end=\"1174\">Stromversorgung (Netzteil, 12V)<\/strong><\/p>\n<ul data-start=\"1180\" data-end=\"1229\">\n<li data-start=\"1180\" data-end=\"1229\"><strong data-start=\"1182\" data-end=\"1198\">Verbindet sich mit<\/strong>: Pull Cord-Ger\u00e4t IN-Anschluss.<\/li>\n<\/ul>\n<\/li>\n<li data-start=\"1231\" data-end=\"1381\">\n<p data-start=\"1234\" data-end=\"1266\"><strong data-start=\"1234\" data-end=\"1264\">Zugschnurger\u00e4t<\/strong><\/p>\n<ul data-start=\"1270\" data-end=\"1381\">\n<li data-start=\"1270\" data-end=\"1318\"><strong data-start=\"1272\" data-end=\"1283\">IN-Anschluss<\/strong> an die Stromversorgung angeschlossen.<\/li>\n<li data-start=\"1322\" data-end=\"1381\"><strong data-start=\"1324\" data-end=\"1336\">OUT-Anschluss<\/strong> verbunden mit der Abbrechen-Schaltfl\u00e4che (Abbrechen-Einheit).<\/li>\n<\/ul>\n<\/li>\n<li data-start=\"1383\" data-end=\"1550\">\n<p data-start=\"1386\" data-end=\"1418\"><strong data-start=\"1386\" data-end=\"1416\">Schaltfl\u00e4che \u201eAbbrechen\u201c (Einheit abbrechen)<\/strong><\/p>\n<ul data-start=\"1422\" data-end=\"1550\">\n<li data-start=\"1422\" data-end=\"1479\"><strong data-start=\"1424\" data-end=\"1435\">IN-Anschluss<\/strong> wird mit dem OUT-Anschluss der Zugschnureinheit verbunden.<\/li>\n<li data-start=\"1483\" data-end=\"1550\"><strong data-start=\"1485\" data-end=\"1497\">OUT-Anschluss<\/strong> mit der T\u00fcranzeige verbunden.<\/li>\n<\/ul>\n<\/li>\n<li data-start=\"1552\" data-end=\"1644\">\n<p data-start=\"1555\" data-end=\"1596\"><strong data-start=\"1555\" data-end=\"1594\">\u00dcber-T\u00fcr-Anzeige<\/strong><\/p>\n<ul data-start=\"1600\" data-end=\"1644\">\n<li data-start=\"1600\" data-end=\"1644\"><strong data-start=\"1602\" data-end=\"1613\">IN-Anschluss<\/strong> mit der Schaltfl\u00e4che \u201eAbbrechen\u201c verbunden.<\/li>\n<\/ul>\n<\/li>\n<\/ol>\n<h3 data-start=\"1646\" data-end=\"1678\"><strong data-start=\"1650\" data-end=\"1676\">\u00dcbersicht der Anschl\u00fcsse<\/strong><\/h3>\n<div class=\"overflow-x-auto contain-inline-size\">\n<table data-start=\"1680\" data-end=\"1840\">\n<thead data-start=\"1680\" data-end=\"1711\">\n<tr data-start=\"1680\" data-end=\"1711\">\n<th data-start=\"1680\" data-end=\"1694\"><strong data-start=\"1682\" data-end=\"1693\">OUT-Anschluss<\/strong><\/th>\n<th data-start=\"1694\" data-end=\"1711\"><strong data-start=\"1696\" data-end=\"1707\">IN-Anschluss<\/strong><\/th>\n<\/tr>\n<\/thead>\n<tbody data-start=\"1743\" data-end=\"1840\">\n<tr data-start=\"1743\" data-end=\"1768\">\n<td>Netzteil<\/td>\n<td>T\u00fcranzeige<\/td>\n<\/tr>\n<tr data-start=\"1769\" data-end=\"1803\">\n<td>T\u00fcranzeige<\/td>\n<td>Schaltfl\u00e4che \u201eAbbrechen\u201c<\/td>\n<\/tr>\n<tr data-start=\"1804\" data-end=\"1840\">\n<td>Schaltfl\u00e4che \u201eAbbrechen\u201c<\/td>\n<td>Zugschnurger\u00e4t<\/td>\n<\/tr>\n<\/tbody>\n<\/table>\n<p>&nbsp;<\/p>\n<\/div>\n<h2 data-start=\"1847\" data-end=\"1896\"><strong data-start=\"1850\" data-end=\"1894\">Zusammenfassende Installationsbeschreibung<\/strong><\/h2>\n<h3 data-start=\"1898\" data-end=\"1944\"><strong data-start=\"1902\" data-end=\"1942\">Kurzanleitung \u2013 RWC-Alarminstallation<\/strong><\/h3>\n<ol data-start=\"1945\" data-end=\"2472\">\n<li data-start=\"1945\" data-end=\"2059\"><strong data-start=\"1948\" data-end=\"1969\">Stromversorgung:<\/strong> Schlie\u00dfen Sie den Melder an eine feste elektrische Installation mit einem <strong data-start=\"2019\" data-end=\"2033\">3A-Sicherung<\/strong> und eins <strong data-start=\"2041\" data-end=\"2056\">1 mm\u00b2 Kabel<\/strong>.<\/li>\n<li data-start=\"2060\" data-end=\"2173\"><strong data-start=\"2063\" data-end=\"2088\">Niederspannungsverkabelung:<\/strong> Trennen Sie Niederspannungskabel von der Netzspannung und verwenden Sie <strong data-start=\"2147\" data-end=\"2170\">mindestens 0,4 mm\u00b2 Kabel<\/strong>.<\/li>\n<li data-start=\"2174\" data-end=\"2376\"><strong data-start=\"2177\" data-end=\"2190\">Kupplung:<\/strong>\n<ul data-start=\"2196\" data-end=\"2376\">\n<li data-start=\"2196\" data-end=\"2257\">Verbinden <strong data-start=\"2205\" data-end=\"2227\">die Stromversorgung<\/strong> Zu <strong data-start=\"2233\" data-end=\"2254\">Das Zugschnurger\u00e4t<\/strong>.<\/li>\n<li data-start=\"2261\" data-end=\"2318\">Verbinden <strong data-start=\"2270\" data-end=\"2291\">Das Zugschnurger\u00e4t<\/strong> Zu <strong data-start=\"2297\" data-end=\"2315\">Schaltfl\u00e4che \u201eAbbrechen\u201c<\/strong>.<\/li>\n<li data-start=\"2322\" data-end=\"2376\">Verbinden <strong data-start=\"2331\" data-end=\"2349\">Schaltfl\u00e4che \u201eAbbrechen\u201c<\/strong> Zu <strong data-start=\"2355\" data-end=\"2373\">Die T\u00fcranzeige<\/strong>.<\/li>\n<\/ul>\n<\/li>\n<li data-start=\"2377\" data-end=\"2472\"><strong data-start=\"2380\" data-end=\"2401\">Endkontrolle:<\/strong> Stellen Sie sicher, dass alle Ger\u00e4te funktionieren, indem Sie die Alarmfunktion testen.<\/li>\n<\/ol>","protected":false},"excerpt":{"rendered":"<p>RWC Alarm ist ein komplettes Notfallalarmsystem f\u00fcr barrierefreie Toiletten und andere Bereiche, in denen schnell Hilfe ben\u00f6tigt werden kann.<\/p>\n<p>Mit Zugschnur, Alarmknopf und Ton-\/Lichtsignalisierung sorgt dieses System f\u00fcr eine schnelle Reaktion in Notsituationen. Die einfache Installation und die hohe Betriebszuverl\u00e4ssigkeit machen es zu einer ausgezeichneten Wahl f\u00fcr \u00f6ffentliche Umgebungen.<\/p>","protected":false},"featured_media":148794,"template":"","meta":{"_acf_changed":false},"product_brand":[],"product_cat":[1606],"product_tag":[],"class_list":{"0":"post-148796","1":"product","2":"type-product","3":"status-publish","4":"has-post-thumbnail","6":"product_cat-rwc-larm","7":"product_shipping_class-tunga-paket","8":"pa_brands-eaton","9":"tm-no-options","11":"first","12":"instock","13":"sale","14":"taxable","15":"shipping-taxable","16":"purchasable","17":"product-type-simple"},"acf":[],"_links":{"self":[{"href":"https:\/\/secureus.se\/de\/wp-json\/wp\/v2\/product\/148796","targetHints":{"allow":["GET"]}}],"collection":[{"href":"https:\/\/secureus.se\/de\/wp-json\/wp\/v2\/product"}],"about":[{"href":"https:\/\/secureus.se\/de\/wp-json\/wp\/v2\/types\/product"}],"wp:featuredmedia":[{"embeddable":true,"href":"https:\/\/secureus.se\/de\/wp-json\/wp\/v2\/media\/148794"}],"wp:attachment":[{"href":"https:\/\/secureus.se\/de\/wp-json\/wp\/v2\/media?parent=148796"}],"wp:term":[{"taxonomy":"product_brand","embeddable":true,"href":"https:\/\/secureus.se\/de\/wp-json\/wp\/v2\/product_brand?post=148796"},{"taxonomy":"product_cat","embeddable":true,"href":"https:\/\/secureus.se\/de\/wp-json\/wp\/v2\/product_cat?post=148796"},{"taxonomy":"product_tag","embeddable":true,"href":"https:\/\/secureus.se\/de\/wp-json\/wp\/v2\/product_tag?post=148796"}],"curies":[{"name":"wp","href":"https:\/\/api.w.org\/{rel}","templated":true}]}}