{"id":148877,"date":"2026-01-07T15:13:22","date_gmt":"2026-01-07T14:13:22","guid":{"rendered":"https:\/\/secureus.se\/?post_type=product&#038;p=148877"},"modified":"2026-03-13T11:14:10","modified_gmt":"2026-03-13T10:14:10","slug":"ljuslist-40cm-led-lampa-med-rorelsesensor-perfekt-garderobsbelysning-och-skapbelysning-silver","status":"publish","type":"product","link":"https:\/\/secureus.se\/de\/ljuslist-40cm-led-lampa-med-rorelsesensor-perfekt-garderobsbelysning-och-skapbelysning-silver\/","title":{"rendered":"40 cm LED-Lichtleiste mit Bewegungssensor (Silber)"},"content":{"rendered":"<p data-start=\"0\" data-end=\"486\"><strong data-start=\"0\" data-end=\"92\">Lichtleiste 40 cm LED-Lampe mit Bewegungssensor \u2013 perfekte Garderoben- und Schrankbeleuchtung<\/strong><br data-start=\"92\" data-end=\"95\" \/>Ben\u00f6tigen Sie eine effektive und einfache Beleuchtungsl\u00f6sung f\u00fcr Ihren Kleiderschrank, Ihre K\u00fcche oder unter Ihren Schr\u00e4nken? Diese 40 cm lange, ultrad\u00fcnne LED-Leuchte mit Bewegungssensor sorgt f\u00fcr helles und gleichm\u00e4\u00dfiges Licht dort, wo Sie es wirklich brauchen. Mit einer integrierten, per USB aufladbaren Akkul\u00f6sung vermeiden Sie Kabel und komplizierte Installationen und dank der Magnethalterung k\u00f6nnen Sie den Lichtstreifen in nur wenigen Sekunden einfach montieren.<\/p>\n<h3 data-start=\"488\" data-end=\"508\">Hauptmerkmale<\/h3>\n<ul data-start=\"509\" data-end=\"1315\">\n<li data-start=\"509\" data-end=\"647\"><strong data-start=\"511\" data-end=\"544\">Multimode-Bewegungssensor<\/strong>: W\u00e4hlen Sie zwischen \u201eImmer an\u201c, \u201eNachtsensor\u201c und \u201eGanztagssensor\u201c f\u00fcr optimale Beleuchtung unabh\u00e4ngig von der Tageszeit.<\/li>\n<li data-start=\"648\" data-end=\"775\"><strong data-start=\"650\" data-end=\"680\">Ultrad\u00fcnnes und diskretes Design<\/strong>: Durch das schlanke Profil passt es perfekt in Schr\u00e4nke, Vitrinen und andere enge R\u00e4ume.<\/li>\n<li data-start=\"776\" data-end=\"911\"><strong data-start=\"778\" data-end=\"802\">Einstellbare Helligkeit<\/strong>: Halten Sie die Taste gedr\u00fcckt, um die Helligkeit kontinuierlich anzupassen, und lassen Sie sie los, um den Modus zu sperren, der Ihnen am besten passt.<\/li>\n<li data-start=\"912\" data-end=\"1084\"><strong data-start=\"914\" data-end=\"944\">Schnelle und einfache Installation<\/strong>: Dank der integrierten magnetischen R\u00fcckseite oder den mitgelieferten 3M-Klebestreifen k\u00f6nnen Sie den Lichtstreifen ganz einfach dort anbringen, wo Sie ihn haben m\u00f6chten.<\/li>\n<li data-start=\"1085\" data-end=\"1194\"><strong data-start=\"1087\" data-end=\"1119\">USB-Akku<\/strong>: Schnelles und sicheres Laden \u00fcber USB (5V) \u2013 keine teuren Einwegbatterien mehr.<\/li>\n<li data-start=\"1195\" data-end=\"1315\"><strong data-start=\"1197\" data-end=\"1217\">Nachhaltige Qualit\u00e4t<\/strong>: Ausgestattet mit energieeffizienten LED-Leuchten und langlebigem Material, das starker t\u00e4glicher Beanspruchung standh\u00e4lt.<\/li>\n<\/ul>\n<h3 data-start=\"1317\" data-end=\"1345\">Technische Spezifikationen<\/h3>\n<ul data-start=\"1346\" data-end=\"1844\">\n<li data-start=\"1346\" data-end=\"1396\"><strong data-start=\"1348\" data-end=\"1357\">L\u00e4nge<\/strong>: 40 cm (auch in 20, 30 und 60 cm erh\u00e4ltlich)<\/li>\n<li data-start=\"1397\" data-end=\"1419\"><strong data-start=\"1399\" data-end=\"1411\">Stromspannung<\/strong>: \u226436V<\/li>\n<li data-start=\"1420\" data-end=\"1480\"><strong data-start=\"1422\" data-end=\"1436\">Stromquelle<\/strong>: Wiederaufladbarer Lithium-Akku (Polymer)<\/li>\n<li data-start=\"1481\" data-end=\"1514\"><strong data-start=\"1483\" data-end=\"1500\">Ladeanschluss<\/strong>: USB Typ-C<\/li>\n<li data-start=\"1515\" data-end=\"1571\"><strong data-start=\"1517\" data-end=\"1535\">Montagemethode<\/strong>: Magnetische R\u00fcckseite oder 3M-Streifen<\/li>\n<li data-start=\"1572\" data-end=\"1630\"><strong data-start=\"1574\" data-end=\"1601\">Sensorwinkel und -reichweite<\/strong>: 120\u00b0 und bis zu 3 Meter<\/li>\n<li data-start=\"1631\" data-end=\"1720\"><strong data-start=\"1633\" data-end=\"1651\">Farbtemperatur<\/strong>: Kann je nach Modell von warm \u00fcber neutral bis k\u00fchl variieren<\/li>\n<li data-start=\"1721\" data-end=\"1844\"><strong data-start=\"1723\" data-end=\"1751\">Packungsinhalt<\/strong>:\n<ul data-start=\"1757\" data-end=\"1844\">\n<li data-start=\"1757\" data-end=\"1779\">1\u00d7 Lichtleiste (40CM)<\/li>\n<li data-start=\"1782\" data-end=\"1798\">1\u00d7 USB-Kabel<\/li>\n<li data-start=\"1801\" data-end=\"1828\">2\u00d7 3M Magnetstreifen<\/li>\n<li data-start=\"1831\" data-end=\"1844\">1\u00d7 Handbuch<\/li>\n<\/ul>\n<\/li>\n<\/ul>\n<h3 data-start=\"1846\" data-end=\"1878\">Warum diesen Lichtstreifen w\u00e4hlen?<\/h3>\n<ul data-start=\"1879\" data-end=\"2336\">\n<li data-start=\"1879\" data-end=\"1990\"><strong data-start=\"1881\" data-end=\"1905\">Maximale Flexibilit\u00e4t<\/strong>: Die zus\u00e4tzliche L\u00e4nge von 40 cm bietet eine noch gr\u00f6\u00dfere Abdeckung in Schr\u00e4nken, Vitrinen oder K\u00fcchen.<\/li>\n<li data-start=\"1991\" data-end=\"2121\"><strong data-start=\"1993\" data-end=\"2020\">Reibungslos und zeitsparend<\/strong>: Der Bewegungssensor sorgt daf\u00fcr, dass das Licht nur bei Bedarf aktiviert wird. Das spart Energie und Zeit.<\/li>\n<li data-start=\"2122\" data-end=\"2216\"><strong data-start=\"2124\" data-end=\"2142\">Energieeffizient<\/strong>: Die LED-Technologie h\u00e4lt den Stromverbrauch niedrig und verl\u00e4ngert die Batterielebensdauer.<\/li>\n<li data-start=\"2217\" data-end=\"2336\"><strong data-start=\"2219\" data-end=\"2239\">Leicht zu bewegen<\/strong>: Dank der magnetischen R\u00fcckseite k\u00f6nnen Sie den Lichtstreifen problemlos zwischen verschiedenen Orten verschieben.<\/li>\n<\/ul>\n<h3 data-start=\"2338\" data-end=\"2369\">Zus\u00e4tzlicher Kauf \u2013 Fernbedienung<\/h3>\n<p data-start=\"2370\" data-end=\"2564\">M\u00f6chten Sie die Helligkeit anpassen oder den Sensormodus aus der Ferne \u00e4ndern? Kaufen Sie unsere Fernbedienung, um die volle Kontrolle \u00fcber den Lichtstreifen zu erhalten. Perfekt, wenn Sie mehrere Lichter oder eine schwer erreichbare Stelle haben.<\/p>\n<p data-start=\"2566\" data-end=\"2740\">Verleihen Sie Ihren dunklen R\u00e4umen mit diesem eleganten und stilvollen <strong data-start=\"2628\" data-end=\"2673\">Lichtleiste 40CM LED-Lampe mit Bewegungssensor<\/strong>. Bei Fragen und f\u00fcr weitere Informationen kontaktieren Sie uns gerne!<\/p>","protected":false},"excerpt":{"rendered":"<p>Entdecken Sie eine <strong data-start=\"2801\" data-end=\"2837\">40CM LED-Lampe mit Bewegungssensor<\/strong> die f\u00fcr eine effiziente und gleichm\u00e4\u00dfige Beleuchtung in Kleiderschr\u00e4nken, Schr\u00e4nken oder K\u00fcchen sorgt. Das ultraflache Design macht es perfekt f\u00fcr enge R\u00e4ume und die Installation ist dank der magnetischen Halterung und des per USB aufladbaren Akkus ganz einfach. Passen Sie die Helligkeit nach Bedarf an und w\u00e4hlen Sie zwischen mehreren Sensormodi f\u00fcr optimale Energieeinsparungen. F\u00fcr noch mehr Komfort ist optional eine Fernbedienung erh\u00e4ltlich. Werten Sie Ihre dunklen R\u00e4ume noch heute auf!<\/p>","protected":false},"featured_media":148867,"template":"","meta":{"_acf_changed":false},"product_brand":[],"product_cat":[4181],"product_tag":[],"class_list":{"0":"post-148877","1":"product","2":"type-product","3":"status-publish","4":"has-post-thumbnail","6":"product_cat-belysning","7":"product_shipping_class-tunga-paket","8":"pa_brands-secureus","9":"tm-no-options","11":"first","12":"instock","13":"sale","14":"featured","15":"taxable","16":"shipping-taxable","17":"purchasable","18":"product-type-simple"},"acf":[],"_links":{"self":[{"href":"https:\/\/secureus.se\/de\/wp-json\/wp\/v2\/product\/148877","targetHints":{"allow":["GET"]}}],"collection":[{"href":"https:\/\/secureus.se\/de\/wp-json\/wp\/v2\/product"}],"about":[{"href":"https:\/\/secureus.se\/de\/wp-json\/wp\/v2\/types\/product"}],"wp:featuredmedia":[{"embeddable":true,"href":"https:\/\/secureus.se\/de\/wp-json\/wp\/v2\/media\/148867"}],"wp:attachment":[{"href":"https:\/\/secureus.se\/de\/wp-json\/wp\/v2\/media?parent=148877"}],"wp:term":[{"taxonomy":"product_brand","embeddable":true,"href":"https:\/\/secureus.se\/de\/wp-json\/wp\/v2\/product_brand?post=148877"},{"taxonomy":"product_cat","embeddable":true,"href":"https:\/\/secureus.se\/de\/wp-json\/wp\/v2\/product_cat?post=148877"},{"taxonomy":"product_tag","embeddable":true,"href":"https:\/\/secureus.se\/de\/wp-json\/wp\/v2\/product_tag?post=148877"}],"curies":[{"name":"wp","href":"https:\/\/api.w.org\/{rel}","templated":true}]}}