{"id":148884,"date":"2026-01-07T15:13:24","date_gmt":"2026-01-07T14:13:24","guid":{"rendered":"https:\/\/secureus.se\/?post_type=product&#038;p=148884"},"modified":"2026-03-13T11:14:26","modified_gmt":"2026-03-13T10:14:26","slug":"ljuslist-30cm-led-lampa-med-rorelsesensor-perfekt-garderobsbelysning-och-skapbelysning-silver","status":"publish","type":"product","link":"https:\/\/secureus.se\/de\/ljuslist-30cm-led-lampa-med-rorelsesensor-perfekt-garderobsbelysning-och-skapbelysning-silver\/","title":{"rendered":"30 cm LED-Lichtleiste mit Bewegungssensor (Silber)"},"content":{"rendered":"<p data-start=\"0\" data-end=\"488\"><strong data-start=\"0\" data-end=\"92\">Lichtleiste 30CM LED Lampe mit Bewegungsmelder \u2013 Perfekte Kleiderschrankbeleuchtung und Schrankbeleuchtung<\/strong><br data-start=\"92\" data-end=\"95\" \/>Sie suchen eine flexible und energieeffiziente Beleuchtungsl\u00f6sung f\u00fcr Ihren Kleiderschrank, Ihre K\u00fcche oder Ihren Unterschrank? Dieses 30 cm lange, ultrad\u00fcnne LED-Licht mit Bewegungssensor sorgt f\u00fcr helles, gleichm\u00e4\u00dfiges Licht genau dort, wo Sie es brauchen. Dank der integrierten Akkul\u00f6sung (Aufladung \u00fcber USB) m\u00fcssen Sie sich keine Gedanken \u00fcber das Verlegen von Kabeln machen und dank der magnetischen Halterung ist die Installation schnell und einfach.<\/p>\n<h3 data-start=\"490\" data-end=\"512\">Hauptmerkmale<\/h3>\n<ul data-start=\"513\" data-end=\"1301\">\n<li data-start=\"513\" data-end=\"651\"><strong data-start=\"515\" data-end=\"548\">Multimode-Bewegungssensor<\/strong>: W\u00e4hlen Sie zwischen \u201eImmer an\u201c, \u201eNachtsensor\u201c und \u201eGanztagssensor\u201c f\u00fcr optimale Beleuchtung unabh\u00e4ngig von der Tageszeit.<\/li>\n<li data-start=\"652\" data-end=\"768\"><strong data-start=\"654\" data-end=\"684\">Ultrad\u00fcnnes und diskretes Design<\/strong>: Das d\u00fcnne Profil passt problemlos in Schr\u00e4nke, Vitrinen und andere enge R\u00e4ume.<\/li>\n<li data-start=\"769\" data-end=\"893\"><strong data-start=\"771\" data-end=\"795\">Einstellbare Helligkeit<\/strong>: Durch Gedr\u00fcckthalten der Taste wird die Helligkeit stufenlos geregelt; Lassen Sie los, um Ihr Lieblingslevel zu sperren.<\/li>\n<li data-start=\"894\" data-end=\"1064\"><strong data-start=\"896\" data-end=\"926\">Schnelle und einfache Installation<\/strong>: Montieren Sie den Lichtstreifen mit der integrierten Magnethalterung oder verwenden Sie die mitgelieferten 3M-Klebestreifen, um ihn an der gew\u00fcnschten Stelle anzubringen.<\/li>\n<li data-start=\"1065\" data-end=\"1185\"><strong data-start=\"1067\" data-end=\"1099\">USB-Akku<\/strong>: Durch effizientes und sicheres Laden (5 V) \u00fcber USB m\u00fcssen Sie keine Einwegbatterien kaufen.<\/li>\n<li data-start=\"1186\" data-end=\"1301\"><strong data-start=\"1188\" data-end=\"1208\">Nachhaltige Qualit\u00e4t<\/strong>: Ausgestattet mit energieeffizienten LED-Leuchten und robusten Materialien, die dem t\u00e4glichen Gebrauch standhalten.<\/li>\n<\/ul>\n<h3 data-start=\"1303\" data-end=\"1333\">Technische Spezifikationen<\/h3>\n<ul data-start=\"1334\" data-end=\"1828\">\n<li data-start=\"1334\" data-end=\"1380\"><strong data-start=\"1336\" data-end=\"1345\">L\u00e4nge<\/strong>: 30 cm (auch in 20 und 40 cm erh\u00e4ltlich)<\/li>\n<li data-start=\"1381\" data-end=\"1403\"><strong data-start=\"1383\" data-end=\"1395\">Stromspannung<\/strong>: \u226436V<\/li>\n<li data-start=\"1404\" data-end=\"1464\"><strong data-start=\"1406\" data-end=\"1420\">Stromquelle<\/strong>: Wiederaufladbarer Lithium-Akku (Polymer)<\/li>\n<li data-start=\"1465\" data-end=\"1498\"><strong data-start=\"1467\" data-end=\"1484\">Ladeanschluss<\/strong>: USB Typ-C<\/li>\n<li data-start=\"1499\" data-end=\"1555\"><strong data-start=\"1501\" data-end=\"1519\">Montagemethode<\/strong>: Magnetische R\u00fcckseite oder 3M-Streifen<\/li>\n<li data-start=\"1556\" data-end=\"1614\"><strong data-start=\"1558\" data-end=\"1585\">Sensorwinkel und -reichweite<\/strong>: 120\u00b0 und bis zu 3 Meter<\/li>\n<li data-start=\"1615\" data-end=\"1704\"><strong data-start=\"1617\" data-end=\"1635\">Farbtemperatur<\/strong>: Kann je nach Modell von warm \u00fcber neutral bis k\u00fchl variieren<\/li>\n<li data-start=\"1705\" data-end=\"1828\"><strong data-start=\"1707\" data-end=\"1735\">Packungsinhalt<\/strong>:\n<ul data-start=\"1741\" data-end=\"1828\">\n<li data-start=\"1741\" data-end=\"1763\">1\u00d7 Lichtleiste (30 cm)<\/li>\n<li data-start=\"1766\" data-end=\"1782\">1\u00d7 USB-Kabel<\/li>\n<li data-start=\"1785\" data-end=\"1812\">2\u00d7 3M Magnetstreifen<\/li>\n<li data-start=\"1815\" data-end=\"1828\">1\u00d7 Handbuch<\/li>\n<\/ul>\n<\/li>\n<\/ul>\n<h3 data-start=\"1830\" data-end=\"1864\">Warum diesen Lichtstreifen w\u00e4hlen?<\/h3>\n<ul data-start=\"1865\" data-end=\"2264\">\n<li data-start=\"1865\" data-end=\"1957\"><strong data-start=\"1867\" data-end=\"1891\">Maximale Flexibilit\u00e4t<\/strong>: Perfekt als Kleiderschrankbeleuchtung, unter K\u00fcchenschr\u00e4nken oder im Flur.<\/li>\n<li data-start=\"1958\" data-end=\"2051\"><strong data-start=\"1960\" data-end=\"1987\">Reibungslos und zeitsparend<\/strong>: Die Sensortechnik wird nur dann aktiviert, wenn Sie wirklich Licht brauchen.<\/li>\n<li data-start=\"2052\" data-end=\"2153\"><strong data-start=\"2054\" data-end=\"2072\">Energieeffizient<\/strong>: Die LED-Technologie verbraucht nur minimalen Strom und verl\u00e4ngert die Batterielebensdauer.<\/li>\n<li data-start=\"2154\" data-end=\"2264\"><strong data-start=\"2156\" data-end=\"2176\">Leicht zu bewegen<\/strong>: Dank der magnetischen Halterung k\u00f6nnen Sie den Lichtstreifen problemlos zwischen verschiedenen R\u00e4umen bewegen.<\/li>\n<\/ul>\n<h3 data-start=\"2266\" data-end=\"2299\">Zus\u00e4tzlicher Kauf \u2013 Fernbedienung<\/h3>\n<p data-start=\"2300\" data-end=\"2588\">M\u00f6chten Sie den Lichtstreifen fernsteuern und Helligkeit und Sensormodi bequem anpassen? Dann k\u00f6nnen Sie unsere praktische Fernbedienung erwerben. Es bietet die volle Kontrolle \u00fcber die Lampe, ohne dass Sie physisch nach dem Knopf greifen m\u00fcssen \u2013 perfekt f\u00fcr Benutzer mit mehreren Lampen oder schwer erreichbaren Montageorten.<\/p>\n<p data-start=\"2590\" data-end=\"2771\">Verleihen Sie Ihren dunklen R\u00e4umen ein modernes Upgrade mit diesem intelligenten und stilvollen <strong data-start=\"2666\" data-end=\"2711\">Lichtleiste 30CM LED-Lampe mit Bewegungssensor<\/strong>. Bitte kontaktieren Sie uns, wenn Sie Fragen haben oder mehr erfahren m\u00f6chten.<\/p>","protected":false},"excerpt":{"rendered":"<p>Entdecken Sie eine <strong data-start=\"2838\" data-end=\"2874\">30CM LED-Lampe mit Bewegungssensor<\/strong> die f\u00fcr eine effiziente und gleichm\u00e4\u00dfige Beleuchtung in Kleiderschr\u00e4nken, Schr\u00e4nken oder K\u00fcchen sorgt. Das ultrad\u00fcnne Design wird mit einer einfachen Installation \u00fcber eine magnetische Halterung und eine wiederaufladbare USB-L\u00f6sung kombiniert. Passen Sie die Helligkeit nach Bedarf an und w\u00e4hlen Sie zwischen mehreren Sensormodi f\u00fcr optimale Energieeinsparungen. F\u00fcr eine noch bequemere Steuerung k\u00f6nnen Sie eine Fernbedienung erwerben. Werten Sie Ihre dunklen R\u00e4ume noch heute auf!<\/p>","protected":false},"featured_media":148882,"template":"","meta":{"_acf_changed":false},"product_brand":[],"product_cat":[4181],"product_tag":[],"class_list":{"0":"post-148884","1":"product","2":"type-product","3":"status-publish","4":"has-post-thumbnail","6":"product_cat-belysning","7":"pa_brands-secureus","8":"tm-no-options","10":"first","11":"instock","12":"sale","13":"featured","14":"taxable","15":"shipping-taxable","16":"purchasable","17":"product-type-simple"},"acf":[],"_links":{"self":[{"href":"https:\/\/secureus.se\/de\/wp-json\/wp\/v2\/product\/148884","targetHints":{"allow":["GET"]}}],"collection":[{"href":"https:\/\/secureus.se\/de\/wp-json\/wp\/v2\/product"}],"about":[{"href":"https:\/\/secureus.se\/de\/wp-json\/wp\/v2\/types\/product"}],"wp:featuredmedia":[{"embeddable":true,"href":"https:\/\/secureus.se\/de\/wp-json\/wp\/v2\/media\/148882"}],"wp:attachment":[{"href":"https:\/\/secureus.se\/de\/wp-json\/wp\/v2\/media?parent=148884"}],"wp:term":[{"taxonomy":"product_brand","embeddable":true,"href":"https:\/\/secureus.se\/de\/wp-json\/wp\/v2\/product_brand?post=148884"},{"taxonomy":"product_cat","embeddable":true,"href":"https:\/\/secureus.se\/de\/wp-json\/wp\/v2\/product_cat?post=148884"},{"taxonomy":"product_tag","embeddable":true,"href":"https:\/\/secureus.se\/de\/wp-json\/wp\/v2\/product_tag?post=148884"}],"curies":[{"name":"wp","href":"https:\/\/api.w.org\/{rel}","templated":true}]}}