{"id":148964,"date":"2024-09-02T12:37:11","date_gmt":"2024-09-02T10:37:11","guid":{"rendered":"https:\/\/secureus.se\/assa-abloy-h100-aperio-lasare-for-hoger-handtag\/"},"modified":"2025-10-21T12:43:03","modified_gmt":"2025-10-21T10:43:03","slug":"assa-abloy-h100-aperio-lasare-for-hoger-handtag","status":"publish","type":"product","link":"https:\/\/secureus.se\/de\/assa-abloy-h100-aperio-lasare-for-hoger-handtag\/","title":{"rendered":"ASSA ABLOY H100 Aperio-Leser f\u00fcr rechten Griff"},"content":{"rendered":"<h2 class=\"display-4 d-none d-md-block\">Produktinformationen<\/h2>\n<div id=\"collapseProductInformation\" class=\"product-presentation__accordion collapse d-md-block\">\n<div class=\"mb-3\">Der DBL362 ist ein zukunftssicherer kompakter T\u00fcrblattleser, der 13,56-MHz-Technologien beherrscht: MIFARE Classic, MIFARE Plus (Level 1 und 3), MIFARE DESFire EV1+2, iCLASS und SEOS. Das Leseger\u00e4t bietet au\u00dferdem Unterst\u00fctzung f\u00fcr ein zuk\u00fcnftiges Upgrade auf zuk\u00fcnftige 13,56-MHz-Technologien.<br \/>\nDas Leseger\u00e4t ist manipulationssicher, da sich die gesamte Intelligenz sicher im Inneren und nur der Antennenteil auf der Au\u00dfenseite befindet.<br \/>\nDer DBL362-Leser besteht aus einer Leseeinheit und einem ABLOY-Elektroschloss EL981 mit geteilter Spindelfunktion, Druckerkennung und T\u00fcrpositionsanzeige.<\/div>\n<div class=\"mb-3\">F\u00fcr die Montage des Schlossgeh\u00e4uses oder der Leseeinheit m\u00fcssen keine zus\u00e4tzlichen L\u00f6cher in die T\u00fcr gebohrt werden, wenn das Kabel innerhalb oder au\u00dferhalb der T\u00fcr verlegt wird.<\/div>\n<div class=\"mb-3\">Das Ger\u00e4t kann nach Wunsch mit einem Druck- und Schlie\u00dfzylinder erg\u00e4nzt werden.<br \/>\nDBL362 wird haupts\u00e4chlich an Innent\u00fcren als Berstschutz eingesetzt. Beispiele f\u00fcr solche R\u00e4umlichkeiten sind Umkleider\u00e4ume, interne Lagerr\u00e4ume, Innent\u00fcren, Kellert\u00fcren und B\u00fcros.<br \/>\nDie gesamte Programmierung des Systems erfolgt \u00fcber die Software ARX oder RX WEB und alle Konfigurationsdaten werden in einer zentralen Datenbank gespeichert.<\/div>\n<div class=\"mb-3\">Die Vorteile zentral angeschlossener T\u00fcrblattleser sind vielf\u00e4ltig. Die Verwaltung der Berechtigungen ist einfach, da einzelne Karten sofort im System gesperrt werden k\u00f6nnen. Die aktuellsten Ereignisse werden in einer Protokolldatei im System gespeichert.<br \/>\nDer DBL360 verf\u00fcgt \u00fcber eine integrierte T\u00fcrsteuereinheit (DAC), die eine einfache Installation erm\u00f6glicht, da sie direkt mit der Zentraleinheit im Zutrittssystem verbunden ist.<\/div>\n<\/div>","protected":false},"excerpt":{"rendered":"<p>ASSA ABLOY H100 Aperio-Leser f\u00fcr rechten Griff<\/p>","protected":false},"featured_media":136267,"template":"","meta":{"_acf_changed":false},"product_brand":[],"product_cat":[4124],"product_tag":[4418,4863],"class_list":{"0":"post-148964","1":"product","2":"type-product","3":"status-publish","4":"has-post-thumbnail","6":"product_cat-dorrhandtag-innerdorr","7":"product_tag-assa-passer-lasare-port","8":"product_tag-pf","9":"product_shipping_class-tunga-paket","10":"pa_brands-abloy","11":"tm-no-options","13":"first","14":"instock","15":"sale","16":"taxable","17":"shipping-taxable","18":"purchasable","19":"product-type-simple"},"acf":[],"_links":{"self":[{"href":"https:\/\/secureus.se\/de\/wp-json\/wp\/v2\/product\/148964","targetHints":{"allow":["GET"]}}],"collection":[{"href":"https:\/\/secureus.se\/de\/wp-json\/wp\/v2\/product"}],"about":[{"href":"https:\/\/secureus.se\/de\/wp-json\/wp\/v2\/types\/product"}],"wp:featuredmedia":[{"embeddable":true,"href":"https:\/\/secureus.se\/de\/wp-json\/wp\/v2\/media\/136267"}],"wp:attachment":[{"href":"https:\/\/secureus.se\/de\/wp-json\/wp\/v2\/media?parent=148964"}],"wp:term":[{"taxonomy":"product_brand","embeddable":true,"href":"https:\/\/secureus.se\/de\/wp-json\/wp\/v2\/product_brand?post=148964"},{"taxonomy":"product_cat","embeddable":true,"href":"https:\/\/secureus.se\/de\/wp-json\/wp\/v2\/product_cat?post=148964"},{"taxonomy":"product_tag","embeddable":true,"href":"https:\/\/secureus.se\/de\/wp-json\/wp\/v2\/product_tag?post=148964"}],"curies":[{"name":"wp","href":"https:\/\/api.w.org\/{rel}","templated":true}]}}