{"id":149110,"date":"2025-03-20T11:17:03","date_gmt":"2025-03-20T10:17:03","guid":{"rendered":"https:\/\/secureus.se\/?post_type=product&#038;p=149110"},"modified":"2026-03-30T16:50:44","modified_gmt":"2026-03-30T14:50:44","slug":"kameraovervakning-dekal-dubbelsidig-premium-pet-repfritt-material-a8-a6-a5-a4","status":"publish","type":"product","link":"https:\/\/secureus.se\/de\/kameraovervakning-dekal-dubbelsidig-premium-pet-repfritt-material-a8-a6-a5-a4\/","title":{"rendered":"Aufkleber f\u00fcr Video\u00fcberwachung \u2013 Premium-PET (beidseitig)"},"content":{"rendered":"<p data-start=\"29\" data-end=\"421\">Verbessern Sie Ihre Sicherheit mit unserem <strong data-start=\"59\" data-end=\"97\">Aufkleber zur Kamera\u00fcberwachung<\/strong>\u00a0\u2013 eine elegante und robuste L\u00f6sung, um zu kennzeichnen, dass der Bereich \u00fcberwacht wird. Dieser doppelseitige Aufkleber besteht aus hochwertigem, kratzfestem PET-Material und bietet im Vergleich zu herk\u00f6mmlichen PVC-Alternativen eine \u00fcberlegene Qualit\u00e4t. Die kratzfeste Oberfl\u00e4che sorgt daf\u00fcr, dass der Aufkleber auch nach l\u00e4ngerer Einwirkung sein frisches und klares Aussehen beh\u00e4lt.<\/p>\n<p data-start=\"423\" data-end=\"773\">Mit <strong data-start=\"427\" data-end=\"442\">3 mm Klebstoff<\/strong> Die Montage ist besonders einfach, sodass die Installation schnell und einfach geht. Durch die doppelseitige Gestaltung ist die Botschaft von beiden Seiten gut sichtbar \u2013 egal ob im Innen- oder Au\u00dfenbereich. Der Aufkleber eignet sich daher ideal zum Markieren von Eing\u00e4ngen, Fenstern und anderen strategischen Punkten, an denen Sie die Sicherheit erh\u00f6hen m\u00f6chten.<\/p>\n<p data-start=\"775\" data-end=\"795\"><strong data-start=\"775\" data-end=\"795\">Spezifikationen:<\/strong><\/p>\n<ul data-start=\"796\" data-end=\"914\">\n<li data-start=\"796\" data-end=\"822\"><strong data-start=\"798\" data-end=\"810\">Gr\u00f6\u00dfe:<\/strong> Mehrere verschiedene Gr\u00f6\u00dfen, A8, A6, A5, A4.<\/li>\n<li data-start=\"823\" data-end=\"851\"><strong data-start=\"825\" data-end=\"838\">Material:<\/strong> Kratzfreies PET<\/li>\n<li data-start=\"852\" data-end=\"877\"><strong data-start=\"854\" data-end=\"865\">Design:<\/strong> Doppelseitig<\/li>\n<li data-start=\"878\" data-end=\"914\"><strong data-start=\"880\" data-end=\"892\">Klebstoff:<\/strong> 3mm \u2013 einfache Montage<\/li>\n<\/ul>\n<p data-start=\"916\" data-end=\"1059\">W\u00e4hlen Sie unseren Kamera\u00fcberwachungsaufkleber f\u00fcr eine dauerhafte und effektive Sicherheitsl\u00f6sung, die sowohl Eindringlinge abschreckt als auch zu einer sichereren Umgebung beitr\u00e4gt.<\/p>","protected":false},"excerpt":{"rendered":"<p>Ein doppelseitiger Kamera\u00fcberwachungsaufkleber aus kratzfestem PET-Material mit 3 mm starkem Klebstoff f\u00fcr eine einfache Installation \u2013 perfekt zur Erh\u00f6hung der Sicherheit im Innen- und Au\u00dfenbereich.<\/p>","protected":false},"featured_media":158961,"template":"","meta":{"_acf_changed":false},"product_brand":[],"product_cat":[3227,1793],"product_tag":[],"class_list":{"0":"post-149110","1":"product","2":"type-product","3":"status-publish","4":"has-post-thumbnail","6":"product_cat-kameraovervakning-skylt","7":"product_cat-kameraskyltar","8":"product_shipping_class-postnord-varubrev","9":"pa_brands-secureus","10":"pa_storlek-a4-21x29-7cm","11":"pa_storlek-a5-14-8x21cm","12":"pa_storlek-a6-10-5x14-8cm","13":"pa_storlek-a8-5-2-x-7-4-cm","14":"tm-no-options","16":"first","17":"instock","18":"taxable","19":"shipping-taxable","20":"purchasable","21":"product-type-variable"},"acf":[],"_links":{"self":[{"href":"https:\/\/secureus.se\/de\/wp-json\/wp\/v2\/product\/149110","targetHints":{"allow":["GET"]}}],"collection":[{"href":"https:\/\/secureus.se\/de\/wp-json\/wp\/v2\/product"}],"about":[{"href":"https:\/\/secureus.se\/de\/wp-json\/wp\/v2\/types\/product"}],"wp:featuredmedia":[{"embeddable":true,"href":"https:\/\/secureus.se\/de\/wp-json\/wp\/v2\/media\/158961"}],"wp:attachment":[{"href":"https:\/\/secureus.se\/de\/wp-json\/wp\/v2\/media?parent=149110"}],"wp:term":[{"taxonomy":"product_brand","embeddable":true,"href":"https:\/\/secureus.se\/de\/wp-json\/wp\/v2\/product_brand?post=149110"},{"taxonomy":"product_cat","embeddable":true,"href":"https:\/\/secureus.se\/de\/wp-json\/wp\/v2\/product_cat?post=149110"},{"taxonomy":"product_tag","embeddable":true,"href":"https:\/\/secureus.se\/de\/wp-json\/wp\/v2\/product_tag?post=149110"}],"curies":[{"name":"wp","href":"https:\/\/api.w.org\/{rel}","templated":true}]}}