{"id":149156,"date":"2025-03-24T10:45:41","date_gmt":"2025-03-24T09:45:41","guid":{"rendered":"https:\/\/secureus.se\/?post_type=product&#038;p=149156"},"modified":"2026-04-07T13:23:48","modified_gmt":"2026-04-07T11:23:48","slug":"ajax-hub2-plus-12v-centralenhet-for-bat-husbil-husvagn-ip-wifi-4g-vit","status":"publish","type":"product","link":"https:\/\/secureus.se\/de\/ajax-hub2-plus-12v-centralenhet-for-bat-husbil-husvagn-ip-wifi-4g-vit\/","title":{"rendered":"Ajax Hub2 Plus 12V \u2013 Zentraleinheit f\u00fcr Boot, Wohnmobil &amp; Caravan (IP + WiFi + 4G Wei\u00df)"},"content":{"rendered":"<p class=\"\" data-start=\"95\" data-end=\"484\"><strong data-start=\"95\" data-end=\"179\">Ajax Hub2 Plus 12V \u2013 Zentraleinheit f\u00fcr Boot, Wohnmobil &amp; Caravan (IP + WiFi + 4G Wei\u00df)<\/strong><br data-start=\"179\" data-end=\"182\" \/>Diese speziell angepasste Zentraleinheit ist f\u00fcr mobile Installationen konzipiert, bei denen eine 12-V-Stromversorgung entscheidend ist. Mit einer Kombination aus dem Ajax Hub2 Plus WiFi + 4G im eleganten wei\u00dfen Design und einer kompatiblen 12V PSU-Stromversorgungsplatine erhalten Sie ein komplettes und zuverl\u00e4ssiges Sicherheitssystem f\u00fcr Boote, Wohnmobile und Wohnwagen.<\/p>\n<p class=\"\" data-start=\"486\" data-end=\"507\"><strong data-start=\"486\" data-end=\"507\">Hauptmerkmale:<\/strong><\/p>\n<ul data-start=\"508\" data-end=\"1160\">\n<li class=\"\" data-start=\"508\" data-end=\"634\">\n<p class=\"\" data-start=\"510\" data-end=\"634\"><strong data-start=\"510\" data-end=\"538\">Erweiterte Kommunikation:<\/strong> Das Ger\u00e4t unterst\u00fctzt sowohl WLAN als auch 4G und gew\u00e4hrleistet so auch in anspruchsvollen Umgebungen eine stabile Konnektivit\u00e4t.<\/p>\n<\/li>\n<li class=\"\" data-start=\"635\" data-end=\"761\">\n<p class=\"\" data-start=\"637\" data-end=\"761\"><strong data-start=\"637\" data-end=\"665\">Robuste Funkreichweite:<\/strong> Bis zu 2000 Meter gew\u00e4hrleisten, dass alle angeschlossenen Sensoren und Ger\u00e4te effektiv kommunizieren. Alle Ajax-Ger\u00e4te funktionieren wie gewohnt mit diesem Hub.<\/p>\n<\/li>\n<li class=\"\" data-start=\"762\" data-end=\"1014\">\n<p class=\"\" data-start=\"764\" data-end=\"1014\"><strong data-start=\"764\" data-end=\"800\">Integriertes 12V Netzteil:<\/strong> Mit der Netzteilkarte, die direkt in den Hub 2, Hub2Plus oder ReX 2 eingebaut wird, erhalten Sie eine flexible L\u00f6sung mit Spannungseingang von 8 bis 32 VDC \u2013 perfekt, wenn Sie eine externe Stromquelle verwenden oder eine vormontierte L\u00f6sung erhalten m\u00f6chten.<\/p>\n<\/li>\n<li class=\"\" data-start=\"1015\" data-end=\"1160\">\n<p class=\"\" data-start=\"1017\" data-end=\"1160\"><strong data-start=\"1017\" data-end=\"1038\">Vielseitiger Schutz:<\/strong> Das System bietet umfassenden Schutz vor Einbruch, Feuer und Wasser, was f\u00fcr Fahrzeuge und mobile Anlagen entscheidend ist.<\/p>\n<\/li>\n<\/ul>","protected":false},"excerpt":{"rendered":"<p><strong data-start=\"1478\" data-end=\"1562\">Ajax Hub2 Plus 12V \u2013 Zentraleinheit f\u00fcr Boot, Wohnmobil &amp; Caravan (IP + WiFi + 4G Wei\u00df)<\/strong><br data-start=\"1562\" data-end=\"1565\" \/>Holen Sie sich ein komplettes Sicherheitssystem mit erweiterter WLAN- und 4G-Kommunikation, gro\u00dfer Reichweite und integrierter 12-V-Stromversorgung (8\u201332 VDC). Perfekt f\u00fcr Boote, Wohnmobile und Wohnwagen \u2013 w\u00e4hlen Sie das vorinstallierte Netzteil f\u00fcr eine schnelle und einfache Installation.<\/p>","protected":false},"featured_media":151979,"template":"","meta":{"_acf_changed":false},"product_brand":[],"product_cat":[3154],"product_tag":[],"class_list":{"0":"post-149156","1":"product","2":"type-product","3":"status-publish","4":"has-post-thumbnail","6":"product_cat-centralenheter","7":"tm-no-options","9":"first","10":"instock","11":"taxable","12":"shipping-taxable","13":"purchasable","14":"product-type-woosb"},"acf":[],"_links":{"self":[{"href":"https:\/\/secureus.se\/de\/wp-json\/wp\/v2\/product\/149156","targetHints":{"allow":["GET"]}}],"collection":[{"href":"https:\/\/secureus.se\/de\/wp-json\/wp\/v2\/product"}],"about":[{"href":"https:\/\/secureus.se\/de\/wp-json\/wp\/v2\/types\/product"}],"wp:featuredmedia":[{"embeddable":true,"href":"https:\/\/secureus.se\/de\/wp-json\/wp\/v2\/media\/151979"}],"wp:attachment":[{"href":"https:\/\/secureus.se\/de\/wp-json\/wp\/v2\/media?parent=149156"}],"wp:term":[{"taxonomy":"product_brand","embeddable":true,"href":"https:\/\/secureus.se\/de\/wp-json\/wp\/v2\/product_brand?post=149156"},{"taxonomy":"product_cat","embeddable":true,"href":"https:\/\/secureus.se\/de\/wp-json\/wp\/v2\/product_cat?post=149156"},{"taxonomy":"product_tag","embeddable":true,"href":"https:\/\/secureus.se\/de\/wp-json\/wp\/v2\/product_tag?post=149156"}],"curies":[{"name":"wp","href":"https:\/\/api.w.org\/{rel}","templated":true}]}}