{"id":149264,"date":"2025-03-25T11:26:19","date_gmt":"2025-03-25T10:26:19","guid":{"rendered":"https:\/\/secureus.se\/varning-for-hunden-skylt-hund-aluminium-a5-14-8x21cm\/"},"modified":"2026-03-27T11:20:45","modified_gmt":"2026-03-27T10:20:45","slug":"varning-for-hunden-skylt-hund-aluminium-a5-14-8x21cm","status":"publish","type":"product","link":"https:\/\/secureus.se\/de\/varning-for-hunden-skylt-hund-aluminium-a5-14-8x21cm\/","title":{"rendered":"WARNUNG F\u00dcR HUNDE \u2013 Hundeschild \u2013 Aluminium (A5 \u2013 14,8x21cm)"},"content":{"rendered":"<p class=\"\" data-start=\"556\" data-end=\"848\"><strong data-start=\"556\" data-end=\"617\">WARNUNG F\u00dcR HUNDE \u2013 Aluminiumschild (A5, 148 \u00d7 210 mm)<\/strong><br data-start=\"617\" data-end=\"620\" \/>Machen Sie deutlich, dass sich in der Gegend ein Hund befindet, und halten Sie ungebetene G\u00e4ste fern. Dieses Schild im A5-Format besteht aus langlebigem Aluminium und ist perfekt f\u00fcr alle, die eine etwas kleinere, aber dennoch sichtbare Warnung w\u00fcnschen.<\/p>\n<h3 class=\"\" data-start=\"850\" data-end=\"904\"><strong data-start=\"854\" data-end=\"904\">Warum ein Warnhund-Schild?<\/strong><\/h3>\n<ul data-start=\"905\" data-end=\"1259\">\n<li class=\"\" data-start=\"905\" data-end=\"1030\">\n<p class=\"\" data-start=\"907\" data-end=\"1030\"><strong data-start=\"907\" data-end=\"931\">Abschreckende Wirkung:<\/strong> Signalisieren Sie deutlich, dass ein Hund in der N\u00e4he ist und verringern Sie das Risiko von Einbr\u00fcchen und unerw\u00fcnschten Besuchen.<\/p>\n<\/li>\n<li class=\"\" data-start=\"1031\" data-end=\"1135\">\n<p class=\"\" data-start=\"1033\" data-end=\"1135\"><strong data-start=\"1033\" data-end=\"1056\">Besucher informieren:<\/strong> Machen Sie G\u00e4ste, die Angst vor Hunden haben oder nicht an Hunde gew\u00f6hnt sind, auf die Anwesenheit eines Hundes aufmerksam.<\/p>\n<\/li>\n<li class=\"\" data-start=\"1136\" data-end=\"1259\">\n<p class=\"\" data-start=\"1138\" data-end=\"1259\"><strong data-start=\"1138\" data-end=\"1157\">Flexibles Format:<\/strong> A5 (148 \u00d7 210 mm) ist kleiner als A4 und passt gut auf Tore, T\u00fcren und Z\u00e4une mit begrenztem Platz.<\/p>\n<\/li>\n<\/ul>\n<h3 class=\"\" data-start=\"1261\" data-end=\"1292\"><strong data-start=\"1265\" data-end=\"1292\">Hochwertiges Aluminium<\/strong><\/h3>\n<ul data-start=\"1293\" data-end=\"1663\">\n<li class=\"\" data-start=\"1293\" data-end=\"1419\">\n<p class=\"\" data-start=\"1295\" data-end=\"1419\"><strong data-start=\"1295\" data-end=\"1329\">Rost- und korrosionsbest\u00e4ndig:<\/strong> Die Aluminiumkonstruktion garantiert eine lange Lebensdauer auch unter harten Au\u00dfenbedingungen.<\/p>\n<\/li>\n<li class=\"\" data-start=\"1420\" data-end=\"1535\">\n<p class=\"\" data-start=\"1422\" data-end=\"1535\"><strong data-start=\"1422\" data-end=\"1450\">Witterungs- und UV-best\u00e4ndig:<\/strong> Die Farbe bleicht in der Sonne nicht aus und Regen, K\u00e4lte und Hitze h\u00e4lt das Schild problemlos stand.<\/p>\n<\/li>\n<li class=\"\" data-start=\"1536\" data-end=\"1663\">\n<p class=\"\" data-start=\"1538\" data-end=\"1663\"><strong data-start=\"1538\" data-end=\"1558\">Einfache Montage:<\/strong> Ausgestattet mit selbstklebender R\u00fcckseite (3M-Klebeband) oder M\u00f6glichkeit zur Schraubmontage (wenn Sie L\u00f6cher bohren m\u00f6chten).<\/p>\n<\/li>\n<\/ul>\n<h3 class=\"\" data-start=\"1665\" data-end=\"1691\"><strong data-start=\"1669\" data-end=\"1691\">Einsatzgebiete<\/strong><\/h3>\n<ul data-start=\"1692\" data-end=\"1974\">\n<li class=\"\" data-start=\"1692\" data-end=\"1763\">\n<p class=\"\" data-start=\"1694\" data-end=\"1763\"><strong data-start=\"1694\" data-end=\"1711\">Privatwohnung:<\/strong> Platzieren Sie das Schild an der Haust\u00fcr, am Tor oder am Zaun.<\/p>\n<\/li>\n<li class=\"\" data-start=\"1764\" data-end=\"1862\">\n<p class=\"\" data-start=\"1766\" data-end=\"1862\"><strong data-start=\"1766\" data-end=\"1794\">Hundehof oder Garten:<\/strong> Markieren Sie deutlich, wo sich der Hund aufh\u00e4lt, um \u00dcberraschungen zu vermeiden.<\/p>\n<\/li>\n<li class=\"\" data-start=\"1863\" data-end=\"1974\">\n<p class=\"\" data-start=\"1865\" data-end=\"1974\"><strong data-start=\"1865\" data-end=\"1890\">Unternehmen &amp; Verb\u00e4nde:<\/strong> Perfekt f\u00fcr Bereiche, in denen Hunde erlaubt sind, wie etwa Clubh\u00e4user oder Wachhundbereiche.<\/p>\n<\/li>\n<\/ul>\n<h3 class=\"\" data-start=\"1976\" data-end=\"2006\"><strong data-start=\"1980\" data-end=\"2006\">Produktspezifikationen<\/strong><\/h3>\n<ul data-start=\"2007\" data-end=\"2222\">\n<li class=\"\" data-start=\"2007\" data-end=\"2038\">\n<p class=\"\" data-start=\"2009\" data-end=\"2038\"><strong data-start=\"2009\" data-end=\"2018\">Messen:<\/strong> A5 (148 \u00d7 210 mm)<\/p>\n<\/li>\n<li class=\"\" data-start=\"2039\" data-end=\"2066\">\n<p class=\"\" data-start=\"2041\" data-end=\"2066\"><strong data-start=\"2041\" data-end=\"2054\">Material:<\/strong> Aluminium<\/p>\n<\/li>\n<li class=\"\" data-start=\"2067\" data-end=\"2134\">\n<p class=\"\" data-start=\"2069\" data-end=\"2134\"><strong data-start=\"2069\" data-end=\"2087\">Farbe &amp; Design:<\/strong> Gelber Hintergrund mit schwarzem Text und Hundesilhouette<\/p>\n<\/li>\n<li class=\"\" data-start=\"2135\" data-end=\"2222\">\n<p class=\"\" data-start=\"2137\" data-end=\"2222\"><strong data-start=\"2137\" data-end=\"2151\">Befestigungsmethode:<\/strong> Selbstklebende R\u00fcckseite (3M) oder Schraubmontage (L\u00f6cher ggf. bohren)<\/p>\n<\/li>\n<\/ul>\n<p class=\"\" data-start=\"2224\" data-end=\"2253\"><strong data-start=\"2224\" data-end=\"2253\">Das Paket enth\u00e4lt:<\/strong><\/p>\n<ul data-start=\"2254\" data-end=\"2304\">\n<li class=\"\" data-start=\"2254\" data-end=\"2304\">\n<p class=\"\" data-start=\"2256\" data-end=\"2304\">1 Stk <em data-start=\"2261\" data-end=\"2281\">WARNUNG F\u00dcR DEN HUND<\/em>-Aluminiumschild (A5)<\/p>\n<\/li>\n<\/ul>\n<p class=\"\" data-start=\"2306\" data-end=\"2541\">Mit einem A5-Schild erhalten Sie eine praktische Gr\u00f6\u00dfe, die dennoch \u00fcbersichtlich und effektiv informiert und abschreckt. Durch die Kombination einer robusten Konstruktion mit einem auff\u00e4lligen Design wird dies zu einer zuverl\u00e4ssigen Sicherheitsma\u00dfnahme f\u00fcr jede Umgebung.<\/p>","protected":false},"excerpt":{"rendered":"<p><strong data-start=\"224\" data-end=\"271\">WARNUNG F\u00dcR HUNDE \u2013 Aluminiumschild (A5)<\/strong><br data-start=\"271\" data-end=\"274\" \/>Sch\u00fctzen Sie Ihr Zuhause und Ihren Hund mit einem klaren und langlebigen Warnschild im A5-Format. Aus Aluminium gefertigt, um rauen Wetterbedingungen standzuhalten, perfekt f\u00fcr den Einsatz im Freien. Schrecken Sie Eindringlinge ab und informieren Sie Besucher dar\u00fcber, dass sich ein Hund auf dem Gel\u00e4nde befindet.<\/p>","protected":false},"featured_media":156006,"template":"","meta":{"_acf_changed":false},"product_brand":[],"product_cat":[1323],"product_tag":[],"class_list":{"0":"post-149264","1":"product","2":"type-product","3":"status-publish","4":"has-post-thumbnail","6":"product_cat-larmdekaler","7":"product_shipping_class-postnord-varubrev","8":"pa_brands-secureus","9":"pa_storlek-a5-14-8x21cm","10":"tm-no-options","12":"first","13":"instock","14":"sale","15":"taxable","16":"shipping-taxable","17":"purchasable","18":"product-type-simple"},"acf":[],"_links":{"self":[{"href":"https:\/\/secureus.se\/de\/wp-json\/wp\/v2\/product\/149264","targetHints":{"allow":["GET"]}}],"collection":[{"href":"https:\/\/secureus.se\/de\/wp-json\/wp\/v2\/product"}],"about":[{"href":"https:\/\/secureus.se\/de\/wp-json\/wp\/v2\/types\/product"}],"wp:featuredmedia":[{"embeddable":true,"href":"https:\/\/secureus.se\/de\/wp-json\/wp\/v2\/media\/156006"}],"wp:attachment":[{"href":"https:\/\/secureus.se\/de\/wp-json\/wp\/v2\/media?parent=149264"}],"wp:term":[{"taxonomy":"product_brand","embeddable":true,"href":"https:\/\/secureus.se\/de\/wp-json\/wp\/v2\/product_brand?post=149264"},{"taxonomy":"product_cat","embeddable":true,"href":"https:\/\/secureus.se\/de\/wp-json\/wp\/v2\/product_cat?post=149264"},{"taxonomy":"product_tag","embeddable":true,"href":"https:\/\/secureus.se\/de\/wp-json\/wp\/v2\/product_tag?post=149264"}],"curies":[{"name":"wp","href":"https:\/\/api.w.org\/{rel}","templated":true}]}}