{"id":149379,"date":"2022-07-04T07:50:38","date_gmt":"2022-07-04T05:50:38","guid":{"rendered":"https:\/\/secureus.se\/ellas-sl621-omvand-kpl\/"},"modified":"2026-01-12T15:24:29","modified_gmt":"2026-01-12T14:24:29","slug":"ellas-sl621-omvand-kpl","status":"publish","type":"product","link":"https:\/\/secureus.se\/de\/ellas-sl621-omvand-kpl\/","title":{"rendered":"Safetron Elektrisches Schloss SL621 Set mit wendbarem Schlossgeh\u00e4use"},"content":{"rendered":"<h1>Safetron Elektrisches Schloss SL621 Set mit wendbarem Schlossgeh\u00e4use<\/h1>\n<p>SAFETRON SL621 in der Bausatzverpackung. Die Bausatzverpackung enth\u00e4lt:<\/p>\n<ul>\n<li>Elektrisches Druckschloss SL621<\/li>\n<li>Verbindungskabel C02 (10 m)<\/li>\n<li>Rahmen\u00fcbertragung CT81<\/li>\n<\/ul>\n<p>SAFETRON SL621 ist das multifunktionale elektrische Druckschloss der n\u00e4chsten Generation mit Split-Funktion und patentierter Hybridtechnologie.<\/p>\n<p>Typische Anwendungsgebiete sind die interne Verriegelung von T\u00fcren mit hoher \u00d6ffnungsfrequenz in Gewerbegeb\u00e4uden, Krankenh\u00e4usern, Schulen, Industrieanlagen und Mehrfamilienh\u00e4usern, wo eine hohe Betriebssicherheit erforderlich ist.<\/p>\n<p>Die Anzeige erfolgt \u00fcber Magnetkontakt und Knaufanzeige f\u00fcr Verriegelung, Druckbewegung, T\u00fcrstatus.<\/p>\n<p>Die Drehanzeige erm\u00f6glicht das Ausl\u00f6sen eines Alarms bei unbefugter Zylinderpassage. SL621 verf\u00fcgt \u00fcber eine Umkehrfunktion.<\/p>\n<p>SAFETRON SL621 verf\u00fcgt \u00fcber eine patentierte Hybridtechnologie, die eine \u00c4nderung der Kolbenposition erm\u00f6glicht.<\/p>\n<p>Dies bedeutet, dass das Schloss mit Schlie\u00dfblechen und Rahmenaussparungen verwendet werden kann, die sowohl f\u00fcr die ASSA connect- als auch f\u00fcr die ASSA classic-Modulserie geeignet sind.<\/p>\n<p>Dies gilt sowohl f\u00fcr \u00e4ltere als auch f\u00fcr neu produzierte T\u00fcren. Die Kolbenposition l\u00e4sst sich genauso einfach verstellen wie bei einer herk\u00f6mmlichen Kolbenumkehr.<\/p>\n<p>Der SAFETRON SL621 ist zwischen einer Einzelfunktion, die eine elektrische Aktivierung von beiden Seiten erm\u00f6glicht (Doppelkartenleser), und einer Split-Funktion umschaltbar. Bei der Split-Funktion wird der \u00e4u\u00dfere Druckknopf elektrisch gesteuert, w\u00e4hrend der innere Druckknopf immer mechanisch bet\u00e4tigt wird und somit stets einen mechanischen Ausgang erm\u00f6glicht.<\/p>\n<p>Durch die Verwendung der Verriegelungsfunktion im geteilten Zustand entf\u00e4llt die Notwendigkeit eines \u00d6ffnungsknopfes oder einer Zugangskontrolle im Inneren.<\/p>\n<div class=\"tabRow\"><span class=\"bold\">Stromspannung<\/span>12-24VDC (-10%\/+15%)<\/div>\n<div class=\"tabRow\"><span class=\"bold\">Stromverbrauch<\/span>12 V DC: 70 mA<br \/>\n24 V DC: 40 mA<\/div>\n<div class=\"tabRow\"><span class=\"bold\">Temperaturbereich<\/span>-20 \u00b0C \u2013 +40 \u00b0C<\/div>\n<div class=\"tabRow\"><span class=\"bold\">Funktion<\/span>Umkehrfunktion<\/div>\n<div class=\"tabRow\"><span class=\"bold\">Brandklassifizierung<\/span>Ja (E\/EI 120)<\/div>\n<div class=\"tabRow\"><span class=\"bold\">Signale<\/span>Verriegelung, Bet\u00e4tigung des Druckknopfes, T\u00fcrstatus, Zylinder<\/div>","protected":false},"excerpt":{"rendered":"<p>Safetron Ell\u00e5s SL621 Sats Omv\u00e4ndbart l\u00e5shus SAFETRON SL621 i satsf\u00f6rpackning. Satsf\u00f6rpackningen inneh\u00e5ller: Eltryckesl\u00e5s SL621 Anslutningskabel C02 (10m) Karm\u00f6verf\u00f6ring CT81 SAFETRON SL621 \u00e4r n\u00e4sta generationens multifunktionella eltryckesl\u00e5s med split funktion och<\/p>","protected":false},"featured_media":142231,"template":"","meta":{"_acf_changed":false},"product_brand":[],"product_cat":[2429],"product_tag":[2286,2290,4510,4866,4511],"class_list":{"0":"post-149379","1":"product","2":"type-product","3":"status-publish","4":"has-post-thumbnail","6":"product_cat-ellas","7":"product_tag-ellas-eltryckeslas","8":"product_tag-ellas-komplett-sats-kpl","9":"product_tag-rel-safetron-eltryckeslas","10":"product_tag-safetron-20","11":"product_tag-safetron-eltryckeslas","12":"product_shipping_class-tunga-paket","13":"tm-no-options","15":"first","16":"instock","17":"sale","18":"featured","19":"taxable","20":"shipping-taxable","21":"purchasable","22":"product-type-simple"},"acf":[],"_links":{"self":[{"href":"https:\/\/secureus.se\/de\/wp-json\/wp\/v2\/product\/149379","targetHints":{"allow":["GET"]}}],"collection":[{"href":"https:\/\/secureus.se\/de\/wp-json\/wp\/v2\/product"}],"about":[{"href":"https:\/\/secureus.se\/de\/wp-json\/wp\/v2\/types\/product"}],"wp:featuredmedia":[{"embeddable":true,"href":"https:\/\/secureus.se\/de\/wp-json\/wp\/v2\/media\/142231"}],"wp:attachment":[{"href":"https:\/\/secureus.se\/de\/wp-json\/wp\/v2\/media?parent=149379"}],"wp:term":[{"taxonomy":"product_brand","embeddable":true,"href":"https:\/\/secureus.se\/de\/wp-json\/wp\/v2\/product_brand?post=149379"},{"taxonomy":"product_cat","embeddable":true,"href":"https:\/\/secureus.se\/de\/wp-json\/wp\/v2\/product_cat?post=149379"},{"taxonomy":"product_tag","embeddable":true,"href":"https:\/\/secureus.se\/de\/wp-json\/wp\/v2\/product_tag?post=149379"}],"curies":[{"name":"wp","href":"https:\/\/api.w.org\/{rel}","templated":true}]}}