{"id":149382,"date":"2022-07-04T07:49:47","date_gmt":"2022-07-04T05:49:47","guid":{"rendered":"https:\/\/secureus.se\/motorlas-5328\/"},"modified":"2026-01-12T13:16:21","modified_gmt":"2026-01-12T12:16:21","slug":"motorlas-5328","status":"publish","type":"product","link":"https:\/\/secureus.se\/de\/motorlas-5328\/","title":{"rendered":"Safetron Motorschloss 5328"},"content":{"rendered":"<p>Das SAFETRON Motorschloss 5328 im Schmalprofil-Design entriegelt in 0,3 Sekunden, daher ist bei Hochfrequenzt\u00fcren in der Regel kein separates Tagesschloss erforderlich. Das Motorschloss arbeitet perfekt mit automatischen T\u00fcrantrieben zusammen.<\/p>\n<p>Typische Einsatzgebiete sind Tag-, Nacht- und Sicherheitsschl\u00f6sser in Gewerbe, B\u00fcros und Industrie. Das Schloss erf\u00fcllt die Anforderungen der SS 3079-Schlossklasse 3. Das Motorschloss ist mit einem verst\u00e4rkten geraden Kolben f\u00fcr maximale Festigkeit ausgestattet.<\/p>\n<p>\u2022 Dorntiefe: 28 mm<\/p>\n<p>\u2022 Hakenregelkolben<\/p>\n<p>\u2022 Entsch\u00e4rft f\u00fcr 0,3 Sekunden<\/p>\n<p>\u2022 Angepasst f\u00fcr die T\u00fcrautomation<\/p>\n<p>\u2022 Zertifiziert nach SS-EN 14846<\/p>","protected":false},"excerpt":{"rendered":"<p>Das SAFETRON-Motorschloss 5328 im Schmalprofil-Design l\u00f6st in 0,3 Sekunden, sodass an Hochfrequenzt\u00fcren in der Regel kein separates Tagesschloss erforderlich ist. Das Motorschloss arbeitet perfekt mit automatischen T\u00fcrantrieben zusammen. Typische Einsatzgebiete sind tags\u00fcber,<\/p>","protected":false},"featured_media":142111,"template":"","meta":{"_acf_changed":false},"product_brand":[],"product_cat":[2874],"product_tag":[4500,4866,4511],"class_list":{"0":"post-149382","1":"product","2":"type-product","3":"status-publish","4":"has-post-thumbnail","6":"product_cat-motorlas","7":"product_tag-rel-safetron-motorlas","8":"product_tag-safetron-20","9":"product_tag-safetron-eltryckeslas","10":"product_shipping_class-tunga-paket","11":"pa_brands-7safetron","12":"tm-no-options","14":"first","15":"instock","16":"sale","17":"featured","18":"taxable","19":"shipping-taxable","20":"purchasable","21":"product-type-simple"},"acf":[],"_links":{"self":[{"href":"https:\/\/secureus.se\/de\/wp-json\/wp\/v2\/product\/149382","targetHints":{"allow":["GET"]}}],"collection":[{"href":"https:\/\/secureus.se\/de\/wp-json\/wp\/v2\/product"}],"about":[{"href":"https:\/\/secureus.se\/de\/wp-json\/wp\/v2\/types\/product"}],"wp:featuredmedia":[{"embeddable":true,"href":"https:\/\/secureus.se\/de\/wp-json\/wp\/v2\/media\/142111"}],"wp:attachment":[{"href":"https:\/\/secureus.se\/de\/wp-json\/wp\/v2\/media?parent=149382"}],"wp:term":[{"taxonomy":"product_brand","embeddable":true,"href":"https:\/\/secureus.se\/de\/wp-json\/wp\/v2\/product_brand?post=149382"},{"taxonomy":"product_cat","embeddable":true,"href":"https:\/\/secureus.se\/de\/wp-json\/wp\/v2\/product_cat?post=149382"},{"taxonomy":"product_tag","embeddable":true,"href":"https:\/\/secureus.se\/de\/wp-json\/wp\/v2\/product_tag?post=149382"}],"curies":[{"name":"wp","href":"https:\/\/api.w.org\/{rel}","templated":true}]}}