{"id":149383,"date":"2022-07-04T07:49:44","date_gmt":"2022-07-04T05:49:44","guid":{"rendered":"https:\/\/secureus.se\/ellas-sl620-rattvand\/"},"modified":"2026-01-15T16:03:21","modified_gmt":"2026-01-15T15:03:21","slug":"ellas-sl620-rattvand","status":"publish","type":"product","link":"https:\/\/secureus.se\/de\/ellas-sl620-rattvand\/","title":{"rendered":"Safetron SL620 Schlie\u00dffach"},"content":{"rendered":"<h1>Safetron SL620 Schlie\u00dffach<\/h1>\n<p>SAFETRON SL620 ist das multifunktionale elektrische Druckschloss der n\u00e4chsten Generation mit Split-Funktion und patentierter Hybridtechnologie.<\/p>\n<p>Typische Anwendungsgebiete sind die interne Verriegelung von T\u00fcren mit hoher \u00d6ffnungsfrequenz in Gewerbegeb\u00e4uden, Krankenh\u00e4usern, Schulen, Industrieanlagen und Mehrfamilienh\u00e4usern, wo eine hohe Betriebssicherheit erforderlich ist.<\/p>\n<p>Die Anzeige erfolgt \u00fcber Magnetkontakt und Knaufanzeige f\u00fcr Verriegelung, Druckbewegung, T\u00fcrstatus.<\/p>\n<p>Die Drehanzeige erm\u00f6glicht das Ausl\u00f6sen eines Alarms bei unbefugtem Zylinderdurchgang. Das Modell SL620 ist f\u00fcr Rechtsh\u00e4nder geeignet.<\/p>\n<p>SAFETRON SL620 verf\u00fcgt \u00fcber eine patentierte Hybridtechnologie, die eine \u00c4nderung der Kolbenposition erm\u00f6glicht.<\/p>\n<p>Dies bedeutet, dass das Schloss mit Schlie\u00dfblechen und Rahmenaussparungen verwendet werden kann, die sowohl f\u00fcr die ASSA connect- als auch f\u00fcr die ASSA classic-Modulserie geeignet sind.<\/p>\n<p>Dies gilt sowohl f\u00fcr \u00e4ltere als auch f\u00fcr neu produzierte T\u00fcren. Die Kolbenposition l\u00e4sst sich genauso einfach verstellen wie bei einer herk\u00f6mmlichen Kolbenumkehr.<\/p>\n<p>Der SAFETRON SL620 ist zwischen einer Einzelfunktion, die eine elektrische Aktivierung von beiden Seiten erm\u00f6glicht (Doppelkartenleser), und einer Split-Funktion umschaltbar, bei der der \u00e4u\u00dfere Druckknopf elektrisch gesteuert wird, w\u00e4hrend der innere Druckknopf immer mechanisch bet\u00e4tigt ist und somit stets einen mechanischen Ausgang erm\u00f6glicht.<\/p>\n<p>Durch die Verwendung der Verriegelungsfunktion im geteilten Zustand entf\u00e4llt die Notwendigkeit eines \u00d6ffnungsknopfes oder einer Zugangskontrolle im Inneren.<\/p>\n<div class=\"tabRow\"><span class=\"bold\">Stromspannung<\/span>12-24VDC (-10%\/+15%)<\/div>\n<div><\/div>\n<div class=\"tabRow\"><span class=\"bold\">Stromverbrauch<\/span>12 V DC: 70 mA<\/div>\n<div class=\"tabRow\">24 V DC: 40 mA<\/div>\n<div><\/div>\n<div class=\"tabRow\"><span class=\"bold\">Temperaturbereich<\/span>-20 \u00b0C \u2013 +40 \u00b0C<\/div>\n<div><\/div>\n<div class=\"tabRow\"><span class=\"bold\">Funktion<\/span>Rechtsgerichtete Funktion<\/div>\n<div><\/div>\n<div class=\"tabRow\"><span class=\"bold\">Brandklassifizierung<\/span>Ja (E\/EI 120)<\/div>\n<div><\/div>\n<div class=\"tabRow\"><span class=\"bold\">Signale<\/span>Verriegelung, Bet\u00e4tigung des Druckknopfes, T\u00fcrstatus, Zylinder<\/div>\n<div><\/div>\n<div><span class=\"bold\">Zertifiziert<\/span>EN 14846<\/div>","protected":false},"excerpt":{"rendered":"<p>Safetron SL620 l\u00e5skasse SAFETRON SL620 \u00e4r n\u00e4sta generationens multifunktionella eltryckesl\u00e5s med split funktion och patenterad hybridteknologi. Typiska anv\u00e4ndningsomr\u00e5den \u00e4r intern l\u00e5sning av h\u00f6gfrekventa d\u00f6rrar i aff\u00e4rsbyggnader, sjukhus, skolor, industrier samt<\/p>","protected":false},"featured_media":142864,"template":"","meta":{"_acf_changed":false},"product_brand":[],"product_cat":[2429],"product_tag":[2286,4510,4866,4511],"class_list":{"0":"post-149383","1":"product","2":"type-product","3":"status-publish","4":"has-post-thumbnail","6":"product_cat-ellas","7":"product_tag-ellas-eltryckeslas","8":"product_tag-rel-safetron-eltryckeslas","9":"product_tag-safetron-20","10":"product_tag-safetron-eltryckeslas","11":"product_shipping_class-tunga-paket","12":"tm-no-options","14":"first","15":"instock","16":"sale","17":"featured","18":"taxable","19":"shipping-taxable","20":"purchasable","21":"product-type-simple"},"acf":[],"_links":{"self":[{"href":"https:\/\/secureus.se\/de\/wp-json\/wp\/v2\/product\/149383","targetHints":{"allow":["GET"]}}],"collection":[{"href":"https:\/\/secureus.se\/de\/wp-json\/wp\/v2\/product"}],"about":[{"href":"https:\/\/secureus.se\/de\/wp-json\/wp\/v2\/types\/product"}],"wp:featuredmedia":[{"embeddable":true,"href":"https:\/\/secureus.se\/de\/wp-json\/wp\/v2\/media\/142864"}],"wp:attachment":[{"href":"https:\/\/secureus.se\/de\/wp-json\/wp\/v2\/media?parent=149383"}],"wp:term":[{"taxonomy":"product_brand","embeddable":true,"href":"https:\/\/secureus.se\/de\/wp-json\/wp\/v2\/product_brand?post=149383"},{"taxonomy":"product_cat","embeddable":true,"href":"https:\/\/secureus.se\/de\/wp-json\/wp\/v2\/product_cat?post=149383"},{"taxonomy":"product_tag","embeddable":true,"href":"https:\/\/secureus.se\/de\/wp-json\/wp\/v2\/product_tag?post=149383"}],"curies":[{"name":"wp","href":"https:\/\/api.w.org\/{rel}","templated":true}]}}