{"id":149386,"date":"2022-07-04T07:53:30","date_gmt":"2022-07-04T05:53:30","guid":{"rendered":"https:\/\/secureus.se\/motorlas-6600\/"},"modified":"2026-01-12T13:15:05","modified_gmt":"2026-01-12T12:15:05","slug":"motorlas-6600","status":"publish","type":"product","link":"https:\/\/secureus.se\/de\/motorlas-6600\/","title":{"rendered":"Safetron Motorschloss 6600"},"content":{"rendered":"<p>SAFETRON 6600 ist das umfassendste Motorschloss auf dem Markt mit moderner Kolbenplatzierung \u2013 identisch mit Schl\u00f6ssern der ASSA connect-Serie. Dadurch ist das Motorschloss an moderne T\u00fcraussparungen angepasst, egal ob es sich um feste oder austauschbare Endplatten handelt. Der SAFETRON 6600 entsch\u00e4rft in 0,1 Sekunden und daher ist bei Hochfrequenzt\u00fcren normalerweise kein separates Tagesschloss erforderlich.<\/p>\n<p>Typische Einsatzgebiete sind Tag-, Nacht- und Sicherheitsschl\u00f6sser in Gewerbe, B\u00fcros und Industrie und dort, wo sehr hohe Anforderungen an die Sicherheit gestellt werden. Die Motorschl\u00f6sser sind nach SSF-3522 Schlossklasse 2B, 3, 4 und 5 sowie SS-EN 14846 Grad 7 zertifiziert.<\/p>\n<p>SAFETRON 6600 kann in Notfluchtwegen zusammen mit SAFETRON Notfluchtzubeh\u00f6r 796 gem\u00e4\u00df der europ\u00e4ischen Norm SS-EN 179:2008 sowie SSF 3522 Klasse 2B eingesetzt werden.<\/p>\n<p>Die SAFETRON 6000-Serie bietet eine integrierte Steuerung f\u00fcr mehrere der wichtigsten Anbieter von Zugangssystemen auf dem Markt. Das bedeutet, dass die Motorschl\u00f6sser ohne Steuereinheit direkt an die T\u00fcrzentrale des Zutrittssystems angeschlossen und dann \u00fcber die Software des Zutrittssystems konfiguriert werden k\u00f6nnen, was f\u00fcr eine vereinfachte Installation und eine kosteng\u00fcnstigere T\u00fcrumgebung sorgt. W\u00e4hlen Sie ein Halbset, wenn Sie das Motorschloss integriert an ein Zutrittssystem anschlie\u00dfen m\u00f6chten oder wenn zwei Motorschl\u00f6sser mit einer Steuereinheit verwendet werden sollen.<\/p>\n<p>Der SAFETRON 6600 verf\u00fcgt \u00fcber einen verst\u00e4rkten Hakensteuerkolben und ist von den gro\u00dfen T\u00fcrherstellern f\u00fcr RC3- und RC4-T\u00fcren zugelassen. Motorschl\u00f6sser der Serie 6000 nutzen eine 128-Bit-Verschl\u00fcsselung f\u00fcr maximale Sicherheit und erm\u00f6glichen Kabell\u00e4ngen von bis zu 100 Metern zwischen Motorschl\u00f6ssern und Steuerger\u00e4t. Dadurch kann die Steuereinheit in gesch\u00fctzten Umgebungen wie Energiezentralen oder Serverr\u00e4umen installiert werden.<\/p>\n<p>\u2022 Zertifiziert nach SSF-3522 Schlossklasse 2B, 3, 4 und 5 und SS-EN 14846 Klasse 7<br \/>\n\u2022 Dorntiefe 50 mm<br \/>\n\u2022 Verst\u00e4rkter Hakenlinealkolben<br \/>\n\u2022 Fallkolben<br \/>\n\u2022 Feuerzugelassen: 120 Min<br \/>\n\u2022 Integrierte Steuerung f\u00fcr Zutrittssysteme<br \/>\n\u2022 Kolbenanordnung wie bei ASSA connect<br \/>\n\u2022 \u00d6ffnungsgeschwindigkeit: 0,1 Sekunden<br \/>\n\u2022 Kann mit einem Schl\u00fcssel\/Knopf ge\u00f6ffnet werden (90-Grad-Drehung)<br \/>\n\u2022 Notevakuierung\/Wiederaufnahme zusammen mit Notevakuierungszubeh\u00f6r 796<br \/>\n\u2022 Automatische Initialisierung<br \/>\n\u2022 Ereignisprotokoll<br \/>\n\u2022 Reihenschaltung von bis zu zwei Motorschl\u00f6ssern an eine Steuereinheit<\/p>","protected":false},"excerpt":{"rendered":"<p>SAFETRON 6600 ist das umfassendste Motorschloss auf dem Markt mit moderner Kolbenplatzierung \u2013 identisch mit Schl\u00f6ssern der ASSA connect-Serie. Dadurch ist das Motorschloss an moderne T\u00fcrausschnitte angepasst, egal ob<\/p>","protected":false},"featured_media":142809,"template":"","meta":{"_acf_changed":false},"product_brand":[],"product_cat":[2874],"product_tag":[4546,4500,4866,4501],"class_list":{"0":"post-149386","1":"product","2":"type-product","3":"status-publish","4":"has-post-thumbnail","6":"product_cat-motorlas","7":"product_tag-panikutrymning-ja","8":"product_tag-rel-safetron-motorlas","9":"product_tag-safetron-20","10":"product_tag-safetron-motorlas","11":"product_shipping_class-tunga-paket","12":"pa_brands-7safetron","13":"tm-has-options","15":"first","16":"instock","17":"sale","18":"featured","19":"taxable","20":"shipping-taxable","21":"purchasable","22":"product-type-simple"},"acf":[],"_links":{"self":[{"href":"https:\/\/secureus.se\/de\/wp-json\/wp\/v2\/product\/149386","targetHints":{"allow":["GET"]}}],"collection":[{"href":"https:\/\/secureus.se\/de\/wp-json\/wp\/v2\/product"}],"about":[{"href":"https:\/\/secureus.se\/de\/wp-json\/wp\/v2\/types\/product"}],"wp:featuredmedia":[{"embeddable":true,"href":"https:\/\/secureus.se\/de\/wp-json\/wp\/v2\/media\/142809"}],"wp:attachment":[{"href":"https:\/\/secureus.se\/de\/wp-json\/wp\/v2\/media?parent=149386"}],"wp:term":[{"taxonomy":"product_brand","embeddable":true,"href":"https:\/\/secureus.se\/de\/wp-json\/wp\/v2\/product_brand?post=149386"},{"taxonomy":"product_cat","embeddable":true,"href":"https:\/\/secureus.se\/de\/wp-json\/wp\/v2\/product_cat?post=149386"},{"taxonomy":"product_tag","embeddable":true,"href":"https:\/\/secureus.se\/de\/wp-json\/wp\/v2\/product_tag?post=149386"}],"curies":[{"name":"wp","href":"https:\/\/api.w.org\/{rel}","templated":true}]}}