{"id":149390,"date":"2022-07-04T09:59:11","date_gmt":"2022-07-04T07:59:11","guid":{"rendered":"https:\/\/secureus.se\/styrenhet-motorlas-tc-cu2\/"},"modified":"2026-01-12T13:19:49","modified_gmt":"2026-01-12T12:19:49","slug":"styrenhet-motorlas-tc-cu2","status":"publish","type":"product","link":"https:\/\/secureus.se\/de\/styrenhet-motorlas-tc-cu2\/","title":{"rendered":"Steuerger\u00e4t Motorsperre TC CU2"},"content":{"rendered":"<p>Die Steuereinheit TC CU2 bietet das gr\u00f6\u00dfte Anwendungsspektrum auf dem Markt und ist zugleich die benutzerfreundlichste. Mit dem TC CU2 k\u00f6nnen zwei Motorschl\u00f6sser ohne Einschr\u00e4nkung im Signalaustausch angeschlossen werden, das hei\u00dft, das TC CU2 ist quasi zwei Steuerger\u00e4te in einem. Es ist auch m\u00f6glich, AUX-Relais f\u00fcr die gew\u00fcnschte Funktion zu programmieren, z.B. vollst\u00e4ndige Kontrolle \u00fcber wesentliche Funktionen. <\/p>\n<p>Die Steuereinheit TC CU2 verf\u00fcgt \u00fcber eine automatische Abtastung, wodurch die Installation Plug-and-Play erfolgt. Es ist keine Initiierung erforderlich, die Kopplung zwischen den Ger\u00e4ten erfolgt jedoch automatisch nach 12h, dann wird auch das Installationsdatum digital in den Ger\u00e4ten eingestellt, ab dem die Garantiezeit zu gelten beginnt. <\/p>\n<p>TC CU2 kommuniziert mit 128-Bit-Verschl\u00fcsselung und erm\u00f6glicht Kabell\u00e4ngen von bis zu 100 Metern zwischen Schlossgeh\u00e4use und Steuerger\u00e4t. Dies er\u00f6ffnet neue M\u00f6glichkeiten f\u00fcr die Installation von Steuereinheiten in gesch\u00fctzten Umgebungen wie Energiezentralen oder Serverr\u00e4umen. <\/p>\n<p>Es besteht die M\u00f6glichkeit, zwei Motorschl\u00f6sser an einen TC CU2 anzuschlie\u00dfen. Verwenden Sie zwei Motorschl\u00f6sser in derselben oder in separaten T\u00fcren. Spezielle Relaisabschnitte f\u00fcr Schloss 1 und Schloss 2. Bei der Installation von zwei Motorschl\u00f6ssern ist der gleiche Signalaustausch gew\u00e4hrleistet.<\/p>\n<p>\u2022 Eing\u00e4nge Schloss 1: Aktivierung, Au\u00dfent\u00fcrmagnetkontakt<br \/>\n<br \/>\n\u2022 Eing\u00e4nge Schloss 2: Aktivierung, Au\u00dfent\u00fcr-Magnetkontakt<br \/>\n<br \/>\n\u2022 Ausg\u00e4nge Sperre 1: Sperre aus\/ein, T\u00fcr offen\/geschlossen, Impuls, Alarm<br \/>\n<br \/>\n\u2022 Ausg\u00e4nge Sperre 2: Sperre aus\/ein, T\u00fcr offen\/geschlossen, Impuls, Alarm<\/p>\n<p>\u2022 10-48 VDC<br \/>\n<br \/>\n\u2022 TwoCom BUS-Technologie<br \/>\n<br \/>\n\u2022 Programmierbare AUX-Relais (z. B. automatische T\u00fcrsteuerung, wesentliche Funktion)<br \/>\n<br \/>\n\u2022 Reihenschaltung, bis zu zwei Motorsperren gegen TC CU2<br \/>\n<br \/>\n\u2022 Automatische Initialisierung von Ger\u00e4ten<br \/>\n<br \/>\n\u2022 Jeder Relaisausgang kann \u00fcber eine Kurzschlussbr\u00fccke individuell auf NO oder NC eingestellt werden<br \/>\n<br \/>\n\u2022 LED an jedem einzelnen Relaisausgang zur Anzeige der Aktivierung<br \/>\n<br \/>\n\u2022 Ereignisprotokoll<br \/>\n<br \/>\n\u2022 Fehlercodeverwaltung \u00fcber Display<br \/>\n<br \/>\n\u2022 Servicemodul<br \/>\n<br \/>\n\u2022 Bew\u00e4ltigt lange Kabell\u00e4ngen von bis zu 100 Metern zwischen Schlossgeh\u00e4use und Steuereinheit<br \/>\n<br \/>\n\u2022 Geringer Stromverbrauch (&gt;1W im Standby)<br \/>\n<br \/>\n\u2022 Zusammen mit Motorschl\u00f6ssern der Serie 6000 erf\u00fcllt der SSF-3522 die Schlossklassen 3, 4 und 5<\/p>","protected":false},"excerpt":{"rendered":"<p>Styrenhet TC CU2 har marknadens bredaste anv\u00e4ndningsomr\u00e5de samtidigt som den ocks\u00e5 \u00e4r mest anv\u00e4ndarv\u00e4nlig. Med TC CU2 kan tv\u00e5 motorl\u00e5s anslutas utan n\u00e5gon begr\u00e4nsning i signalutbyte, detta inneb\u00e4r att TC<\/p>","protected":false},"featured_media":142212,"template":"","meta":{"_acf_changed":false},"product_brand":[],"product_cat":[2834],"product_tag":[4508,4866,4452],"class_list":{"0":"post-149390","1":"product","2":"type-product","3":"status-publish","4":"has-post-thumbnail","6":"product_cat-ellas-motorlastillbehor","7":"product_tag-ellas-tillbehor-styrenheter","8":"product_tag-safetron-20","9":"product_tag-safetron-tillbehor-motorlas-6000-serien","10":"product_shipping_class-tunga-paket","11":"pa_brands-7safetron","12":"tm-no-options","14":"first","15":"instock","16":"featured","17":"taxable","18":"shipping-taxable","19":"purchasable","20":"product-type-simple"},"acf":[],"_links":{"self":[{"href":"https:\/\/secureus.se\/de\/wp-json\/wp\/v2\/product\/149390","targetHints":{"allow":["GET"]}}],"collection":[{"href":"https:\/\/secureus.se\/de\/wp-json\/wp\/v2\/product"}],"about":[{"href":"https:\/\/secureus.se\/de\/wp-json\/wp\/v2\/types\/product"}],"wp:featuredmedia":[{"embeddable":true,"href":"https:\/\/secureus.se\/de\/wp-json\/wp\/v2\/media\/142212"}],"wp:attachment":[{"href":"https:\/\/secureus.se\/de\/wp-json\/wp\/v2\/media?parent=149390"}],"wp:term":[{"taxonomy":"product_brand","embeddable":true,"href":"https:\/\/secureus.se\/de\/wp-json\/wp\/v2\/product_brand?post=149390"},{"taxonomy":"product_cat","embeddable":true,"href":"https:\/\/secureus.se\/de\/wp-json\/wp\/v2\/product_cat?post=149390"},{"taxonomy":"product_tag","embeddable":true,"href":"https:\/\/secureus.se\/de\/wp-json\/wp\/v2\/product_tag?post=149390"}],"curies":[{"name":"wp","href":"https:\/\/api.w.org\/{rel}","templated":true}]}}