{"id":149394,"date":"2022-07-04T09:56:45","date_gmt":"2022-07-04T07:56:45","guid":{"rendered":"https:\/\/secureus.se\/styrenhet-5000\/"},"modified":"2026-01-12T13:24:41","modified_gmt":"2026-01-12T12:24:41","slug":"styrenhet-5000","status":"publish","type":"product","link":"https:\/\/secureus.se\/de\/styrenhet-5000\/","title":{"rendered":"Safetron Steuereinheit 5000"},"content":{"rendered":"<p>Das Steuerger\u00e4t 5000 Standard arbeitet mit den Motorschlossk\u00e4sten 5150, 5188, 5250, 5350, 5450, 5328, 5335 zusammen und erf\u00fcllt unter anderem die Anforderungen gem\u00e4\u00df WEE und RoHS. F\u00fcr maximalen Signalaustausch ist die Steuereinheit mit doppelten Relaisausg\u00e4ngen ausgestattet. Es stehen drei separate Eing\u00e4nge f\u00fcr die Aktivierung des Schlosses, potenzialfreies Schlie\u00dfen, Timer und Stromimpuls zur Verf\u00fcgung. Alarmausgang und Sabotage-Mikroschalter. Der Prozessor ist so programmiert, dass bei einem Kabelbruch der Alarm ausgel\u00f6st wird, was f\u00fcr mehr Sicherheit sorgt. In Schweden hergestellt.<br \/>\n<br \/>\n?Erf\u00fcllt die Anforderungen gem\u00e4\u00df u.a. WEE und RoHS<br \/>\n<br \/>\n?Relaisausg\u00e4nge:<br \/>\n<br \/>\n Tagessperrung<br \/>\n<br \/>\n Not\u00f6ffnung \/ Zeitsteuerung<br \/>\n<br \/>\n Externer T\u00fcrmagnetkontakt<br \/>\n<br \/>\n Alarm<br \/>\n<br \/>\n T\u00fcr geschlossen<br \/>\n<br \/>\n T\u00fcr offen<br \/>\n<br \/>\n Voralarm<br \/>\n<br \/>\n Herrschen Sie drinnen<br \/>\n<br \/>\n Ausschlie\u00dfen<br \/>\n<br \/>\n Impulssignal<br \/>\n<br \/>\n \u00d6ffnungsimpuls, potenzialfrei<br \/>\n<br \/>\n \u00d6ffnungsimpuls, Spannung<br \/>\n<br \/>\n Sch\u00fctzender Boden<br \/>\n<br \/>\n?Sabotage-Mikroschalter<br \/>\n<br \/>\n?Kurzschlussgesch\u00fctzt<br \/>\n<br \/>\nSpannung: 10\u201335 VDC\/8\u201324 VAC, 50\u2013350 mA<br \/>\n<br \/>\nAbmessungen: (HxB) 220\u00d7108 mm<\/p>","protected":false},"excerpt":{"rendered":"<p>Styrenhet 5000 standard fungererar tillsammans med motorl\u00e5skistorna 5150, 5188, 5250, 5350, 5450, 5328, 5335 och uppfyller kraven enligt bl.a. WEE och RoHS. Styrenheten \u00e4r f\u00f6rsedd med dubbla rel\u00e4utg\u00e5ngar f\u00f6r maximalt<\/p>","protected":false},"featured_media":142061,"template":"","meta":{"_acf_changed":false},"product_brand":[],"product_cat":[2834],"product_tag":[4508,4866,4503],"class_list":{"0":"post-149394","1":"product","2":"type-product","3":"status-publish","4":"has-post-thumbnail","6":"product_cat-ellas-motorlastillbehor","7":"product_tag-ellas-tillbehor-styrenheter","8":"product_tag-safetron-20","9":"product_tag-safetron-tillbehor-motorlas-5000-serien","10":"product_shipping_class-tunga-paket","11":"pa_brands-7safetron","12":"tm-has-options","14":"first","15":"instock","16":"featured","17":"taxable","18":"shipping-taxable","19":"purchasable","20":"product-type-simple"},"acf":[],"_links":{"self":[{"href":"https:\/\/secureus.se\/de\/wp-json\/wp\/v2\/product\/149394","targetHints":{"allow":["GET"]}}],"collection":[{"href":"https:\/\/secureus.se\/de\/wp-json\/wp\/v2\/product"}],"about":[{"href":"https:\/\/secureus.se\/de\/wp-json\/wp\/v2\/types\/product"}],"wp:featuredmedia":[{"embeddable":true,"href":"https:\/\/secureus.se\/de\/wp-json\/wp\/v2\/media\/142061"}],"wp:attachment":[{"href":"https:\/\/secureus.se\/de\/wp-json\/wp\/v2\/media?parent=149394"}],"wp:term":[{"taxonomy":"product_brand","embeddable":true,"href":"https:\/\/secureus.se\/de\/wp-json\/wp\/v2\/product_brand?post=149394"},{"taxonomy":"product_cat","embeddable":true,"href":"https:\/\/secureus.se\/de\/wp-json\/wp\/v2\/product_cat?post=149394"},{"taxonomy":"product_tag","embeddable":true,"href":"https:\/\/secureus.se\/de\/wp-json\/wp\/v2\/product_tag?post=149394"}],"curies":[{"name":"wp","href":"https:\/\/api.w.org\/{rel}","templated":true}]}}