{"id":149395,"date":"2022-07-04T10:04:07","date_gmt":"2022-07-04T08:04:07","guid":{"rendered":"https:\/\/secureus.se\/relakort-rec\/"},"modified":"2025-09-25T17:52:42","modified_gmt":"2025-09-25T15:52:42","slug":"relakort-rec","status":"publish","type":"product","link":"https:\/\/secureus.se\/de\/relakort-rec\/","title":{"rendered":"Safetron-Relaiskarte REC"},"content":{"rendered":"<p>SAFETRON REC ist eine Relaiskarte, die in Kombination mit SAFETRON SL621 oder SAFETRON SL630 die Wiederbelegung \u00fcbernimmt, wenn diese mit der Not-Evakuierungsarmatur 794 verwendet werden. <\/p>\n<p>Die Druckfunktion in SL621 und SL630 hat eine Umkehrfunktion und dadurch wird die Wiedereinhausung durch den Abbau der Spannung zur T\u00fcrumgebung aktiviert. Die St\u00f6rung kann durch aktivierten Feueralarm oder durch aktivierte Notarmatur 794, die an den SAFETRON REC angeschlossen ist, erfolgen. <\/p>\n<p>Die Ansteuerung des Drucks erfolgt \u00fcber die Relaisplatine REC, der Mikroschalter der Notevakuierungsvorrichtung ist an die Relaisplatine angeschlossen. Beim Bet\u00e4tigen der Notausgangsgarnitur schaltet das Stromsto\u00dfrelais, wodurch die Spannung zum Druck unterbrochen wird, der dann in eine mechanisch verbundene Position gebracht wird und so eine Wiederbelegung erm\u00f6glicht. <\/p>\n<p>Die R\u00fccksetzung erfolgt durch potenzialfreien Anschluss an die Relaisplatine. SAFETRON REC verf\u00fcgt \u00fcber Alarmausg\u00e4nge NO\/NC, um eine aktivierte Umsiedlung zu signalisieren.<\/p>","protected":false},"excerpt":{"rendered":"<p>SAFETRON REC \u00e4r ett rel\u00e4kort vilket hanterar \u00e5terinrymning i kombination med SAFETRON SL621 eller SAFETRON SL630 n\u00e4r dessa anv\u00e4nds med n\u00f6dutrymningsbeslag 794. Tryckesfunktionen i SL621 och SL630 har omv\u00e4nd funktion<\/p>","protected":false},"featured_media":141950,"template":"","meta":{"_acf_changed":false},"product_brand":[],"product_cat":[2834],"product_tag":[4508,4866,4505],"class_list":{"0":"post-149395","1":"product","2":"type-product","3":"status-publish","4":"has-post-thumbnail","6":"product_cat-ellas-motorlastillbehor","7":"product_tag-ellas-tillbehor-styrenheter","8":"product_tag-safetron-20","9":"product_tag-safetron-tillbehor-600-serien","10":"product_shipping_class-tunga-paket","11":"pa_brands-7safetron","12":"tm-no-options","14":"first","15":"instock","16":"sale","17":"featured","18":"taxable","19":"shipping-taxable","20":"purchasable","21":"product-type-simple"},"acf":[],"_links":{"self":[{"href":"https:\/\/secureus.se\/de\/wp-json\/wp\/v2\/product\/149395","targetHints":{"allow":["GET"]}}],"collection":[{"href":"https:\/\/secureus.se\/de\/wp-json\/wp\/v2\/product"}],"about":[{"href":"https:\/\/secureus.se\/de\/wp-json\/wp\/v2\/types\/product"}],"wp:featuredmedia":[{"embeddable":true,"href":"https:\/\/secureus.se\/de\/wp-json\/wp\/v2\/media\/141950"}],"wp:attachment":[{"href":"https:\/\/secureus.se\/de\/wp-json\/wp\/v2\/media?parent=149395"}],"wp:term":[{"taxonomy":"product_brand","embeddable":true,"href":"https:\/\/secureus.se\/de\/wp-json\/wp\/v2\/product_brand?post=149395"},{"taxonomy":"product_cat","embeddable":true,"href":"https:\/\/secureus.se\/de\/wp-json\/wp\/v2\/product_cat?post=149395"},{"taxonomy":"product_tag","embeddable":true,"href":"https:\/\/secureus.se\/de\/wp-json\/wp\/v2\/product_tag?post=149395"}],"curies":[{"name":"wp","href":"https:\/\/api.w.org\/{rel}","templated":true}]}}