{"id":149402,"date":"2022-07-04T07:49:46","date_gmt":"2022-07-04T05:49:46","guid":{"rendered":"https:\/\/secureus.se\/motorlas-5328-kpl\/"},"modified":"2026-01-12T13:16:32","modified_gmt":"2026-01-12T12:16:32","slug":"motorlas-5328-kpl","status":"publish","type":"product","link":"https:\/\/secureus.se\/de\/motorlas-5328-kpl\/","title":{"rendered":"Safetron Motorschloss 5328 kpl"},"content":{"rendered":"<p>SAFETRON Motorschloss 5328 in Setverpackung. Das Kit-Paket enth\u00e4lt: Motorschloss 5328, Steuereinheit 5000, Verbindungskabel C01 (10 m), Endplatte 102 und Rahmentransfer CT81.<\/p>\n<p>Das SAFETRON Motorschloss 5328 im Schmalprofil-Design entriegelt in 0,3 Sekunden, daher ist bei Hochfrequenzt\u00fcren in der Regel kein separates Tagesschloss erforderlich. Das Motorschloss arbeitet perfekt mit automatischen T\u00fcrantrieben zusammen.<\/p>\n<p>Typische Einsatzgebiete sind Tag-, Nacht- und Sicherheitsschl\u00f6sser in Gewerbe, B\u00fcros und Industrie. Das Schloss erf\u00fcllt die Anforderungen der SS 3079-Schlossklasse 3. Das Motorschloss ist mit einem verst\u00e4rkten geraden Kolben f\u00fcr maximale Festigkeit ausgestattet.<\/p>\n<p>\u2022 Dorntiefe: 28 mm<\/p>\n<p>\u2022 Hakenregelkolben<\/p>\n<p>\u2022 Entsch\u00e4rft f\u00fcr 0,3 Sekunden<\/p>\n<p>\u2022 Angepasst f\u00fcr die T\u00fcrautomation<\/p>\n<p>\u2022 Zertifiziert nach SS-EN 14846<\/p>\n<p>Die Steuereinheit verf\u00fcgt \u00fcber doppelte Anschlussreihen (NC\/NO) und folgende Relaisfunktion:<\/p>\n<p>\u2022 Potentialfreier \u00d6ffnungsimpuls<\/p>\n<p>\u2022 Timer\/Not\u00f6ffnung<\/p>\n<p>\u2022 Externer T\u00fcrmagnet<\/p>\n<p>\u2022 Alarm<\/p>\n<p>\u2022 T\u00fcr geschlossen<\/p>\n<p>\u2022 Ausschlie\u00dfen<\/p>\n<p>\u2022 \u00d6ffnungszeit 1-25 s einstellen<\/p>\n<p>\u2022 Alarm bei Kabelverlust<\/p>\n<p>\u2022 \u00d6ffnungssto\u00dfspannung<\/p>\n<p>\u2022 Tagessperrung<\/p>\n<p>\u2022 T\u00fcr offen<\/p>\n<p>\u2022 Alarmknopffunktion<\/p>\n<p>\u2022 Herrschen Sie im Inneren<\/p>\n<p>\u2022 Impulssignal<\/p>\n<p>\u2022 Spannung: 10\u201335 VDC\/ 8\u201324 VAC<\/p>\n<p>\u2022 Stromverbrauch: 50-350 mA<\/p>","protected":false},"excerpt":{"rendered":"<p>SAFETRON Motorschloss 5328 in Setverpackung. Das Kit-Paket enth\u00e4lt: Motorschloss 5328, Steuereinheit 5000, Verbindungskabel C01 (10 m), Endplatte 102 und Rahmentransfer CT81. Das SAFETRON-Motorschloss 5328 im Schmalprofil-Design rastet innerhalb von 0,3 Sekunden aus und sorgt somit f\u00fcr eine sichere Ausl\u00f6sung<\/p>","protected":false},"featured_media":142119,"template":"","meta":{"_acf_changed":false},"product_brand":[],"product_cat":[2874],"product_tag":[4512,4500,4866,4511],"class_list":{"0":"post-149402","1":"product","2":"type-product","3":"status-publish","4":"has-post-thumbnail","6":"product_cat-motorlas","7":"product_tag-motorlas-komplett-kpl","8":"product_tag-rel-safetron-motorlas","9":"product_tag-safetron-20","10":"product_tag-safetron-eltryckeslas","11":"product_shipping_class-tunga-paket","12":"pa_brands-7safetron","13":"tm-no-options","15":"first","16":"instock","17":"sale","18":"featured","19":"taxable","20":"shipping-taxable","21":"purchasable","22":"product-type-simple"},"acf":[],"_links":{"self":[{"href":"https:\/\/secureus.se\/de\/wp-json\/wp\/v2\/product\/149402","targetHints":{"allow":["GET"]}}],"collection":[{"href":"https:\/\/secureus.se\/de\/wp-json\/wp\/v2\/product"}],"about":[{"href":"https:\/\/secureus.se\/de\/wp-json\/wp\/v2\/types\/product"}],"wp:featuredmedia":[{"embeddable":true,"href":"https:\/\/secureus.se\/de\/wp-json\/wp\/v2\/media\/142119"}],"wp:attachment":[{"href":"https:\/\/secureus.se\/de\/wp-json\/wp\/v2\/media?parent=149402"}],"wp:term":[{"taxonomy":"product_brand","embeddable":true,"href":"https:\/\/secureus.se\/de\/wp-json\/wp\/v2\/product_brand?post=149402"},{"taxonomy":"product_cat","embeddable":true,"href":"https:\/\/secureus.se\/de\/wp-json\/wp\/v2\/product_cat?post=149402"},{"taxonomy":"product_tag","embeddable":true,"href":"https:\/\/secureus.se\/de\/wp-json\/wp\/v2\/product_tag?post=149402"}],"curies":[{"name":"wp","href":"https:\/\/api.w.org\/{rel}","templated":true}]}}