{"id":149425,"date":"2025-03-28T15:13:48","date_gmt":"2025-03-28T14:13:48","guid":{"rendered":"https:\/\/secureus.se\/?post_type=product&#038;p=149425"},"modified":"2026-04-08T15:11:19","modified_gmt":"2026-04-08T13:11:19","slug":"eltryckeslas-step-132-modern-multi","status":"publish","type":"product","link":"https:\/\/secureus.se\/de\/eltryckeslas-step-132-modern-multi\/","title":{"rendered":"Elektrisches Druckschloss STEP 132 Modern Multi"},"content":{"rendered":"<p>\nSTEP 132 ist ein elektrisches Druckschloss mit einem einzigartigen automatischen Kolben, der eine Doppelfunktion bietet. Es erm\u00f6glicht das \u00d6ffnen des Schlosses sowohl elektrisch mit Druck als auch mit T\u00fcrautomatik.<\/p>\n<div>Selbstverst\u00e4ndlich ist auch dieses elektrische Druckschloss mit unserer patentierten Banddruck-Technologie ausgestattet, die daf\u00fcr sorgt, dass das Schloss einem sehr hohen Banddruck standh\u00e4lt. Dank dieser Eigenschaften ist STEP 132 eine offensichtliche Wahl f\u00fcr T\u00fcrumgebungen mit T\u00fcrautomatisierungs-, Brand- und Evakuierungsanforderungen, in denen Sie gleichzeitig eine hohe Betriebssicherheit gew\u00e4hrleisten m\u00f6chten.\u00a0<\/div>\n<div>STEP 132 verf\u00fcgt \u00fcber genau die gleichen feinen Funktionen und Technologien wie STEP 112. Der Unterschied zwischen den beiden elektrischen Druckschl\u00f6ssern besteht darin, dass STEP 132 \u00fcber einen automatischen Kolben verf\u00fcgt, der beim elektrischen \u00d6ffnen der T\u00fcr einklappt. STEP 132 eignet sich daher f\u00fcr T\u00fcrumgebungen, in denen Sie eine bessere Zug\u00e4nglichkeit w\u00fcnschen.<\/div>\n<div><\/div>\n<div><b>Die Doppelfunktion des automatischen Kolbens<\/b><\/div>\n<div>Durch den automatischen Kolben erh\u00e4lt die elektrische Endplatte eine Doppelfunktion. Beim \u00d6ffnen der T\u00fcr mit Druck funktioniert der STEP 132 wie ein normaler elektrischer Druckverschluss mit Fallkolben.<\/div>\n<div>Beim elektrischen \u00d6ffnen der T\u00fcr kann der Automatikkolben einklappen und erm\u00f6glicht so ein \u00d6ffnen mit T\u00fcrautomatik. Unmittelbar nach dem \u00d6ffnen der T\u00fcr f\u00e4hrt der Automatikkolben aus, wird in seiner Position fixiert und fungiert wieder als normaler Absenkkolben. STEP 132 ist ohne Split-Funktion, d. h. das Schloss wird von beiden Seiten elektrisch angesteuert.<\/div>\n<div><\/div>\n<div><b>Feuerhemmend und hohe Verschlei\u00dffestigkeit<\/b><\/div>\n<div>Da der Automatikkolben wie ein normaler Tropfenkolben aussieht, kann er den Verschlei\u00dfwiderstand \u00fcber seine gesamte Oberfl\u00e4che verteilen. Es stellt au\u00dferdem sicher, dass die Brandeind\u00e4mmung aufrechterhalten bleibt, auch wenn zwischen dem Kolben und der Endplatte ein Spalt besteht. In Kombination mit der STEP-Strip-Andrucktechnologie bedeutet dies, dass der STEP 132 einem hohen Banddruck standh\u00e4lt und eine hohe Betriebssicherheit gew\u00e4hrleistet.<\/div>\n<div><b>Eigenschaften:<\/b><\/p>\n<ul>\n<li>Moderne Kolbenplatzierung.<\/li>\n<li>Einzigartiger automatischer Kolben<\/li>\n<li>Mikroschalter einpolig wechselnd, max. 30 V DC, 1 A<\/li>\n<li>Multispannung<\/li>\n<li>Ohne Split-Funktion<\/li>\n<li>Umkehrbar, passend f\u00fcr rechte und linke T\u00fcren<\/li>\n<li>Umschaltbare Vorw\u00e4rts-\/R\u00fcckw\u00e4rtsfunktion.<\/li>\n<li>Zugelassene Notevakuierung mit STEP Exit-Notfallevakuierungszubeh\u00f6r. Zertifiziert nach SS-EN 179:2008.<\/li>\n<li>Mit STEP List-Drucktechnologie<\/li>\n<li>Die integrierte patentierte DirectDrive\u00ae-Funktion erm\u00f6glicht eine direkte Steuerung des Drucks<\/li>\n<li>Eingebaute Mikroschalter zeigen geschlossene und verriegelte Positionen sowie Druckbet\u00e4tigung an<\/li>\n<li>Eingebaute Schutzdiode.<\/li>\n<li>Integrierte Re-Housing-Funktion<\/li>\n<li>Geeignet f\u00fcr runde und ovale skandinavische Zylinder<\/li>\n<li>Dorntiefe 50 mm<\/li>\n<li>R\u00fcckpralldr\u00fccke werden empfohlen<\/li>\n<li>Halogenfreies Kabel<\/li>\n<li>Zum Patent angemeldet<\/li>\n<\/ul>\n<\/div>\n<div><b>Funktion:<\/b><\/p>\n<ul>\n<li>Der automatische Kolben verriegelt\/entriegelt elektrisch \u00fcber ein \u00d6ffnungssignal von einem Zugangssystem, Codeschloss, Druckknopf oder \u00e4hnlichem.<\/li>\n<li>Der automatische Kolben wird mechanisch \u00fcber den Zylinderruder mit einem Schl\u00fcssel von au\u00dfen oder einem Schl\u00fcssel\/Knopf von innen eingefahren.<\/li>\n<li>Der Innen- und Au\u00dfendruck wird elektrisch \u00fcber ein Passsystem, Codeschloss oder \u00e4hnliches aktiviert und f\u00e4hrt den automatischen Kolben zur\u00fcck.<\/li>\n<\/ul>\n<\/div>","protected":false},"excerpt":{"rendered":"<p>STEP 132 ist ein elektrisches Druckschloss mit einem einzigartigen automatischen Kolben, der eine Doppelfunktion bietet. Dadurch ist sowohl eine elektrische \u00d6ffnung des Schlosses per Druckknopf als auch eine automatische \u00d6ffnung m\u00f6glich. Nat\u00fcrlich ist dies auch<\/p>","protected":false},"featured_media":149424,"template":"","meta":{"_acf_changed":false},"product_brand":[],"product_cat":[2429],"product_tag":[],"class_list":{"0":"post-149425","1":"product","2":"type-product","3":"status-publish","4":"has-post-thumbnail","6":"product_cat-ellas","7":"pa_brands-step","8":"tm-no-options","10":"first","11":"instock","12":"sale","13":"taxable","14":"shipping-taxable","15":"purchasable","16":"product-type-simple"},"acf":[],"_links":{"self":[{"href":"https:\/\/secureus.se\/de\/wp-json\/wp\/v2\/product\/149425","targetHints":{"allow":["GET"]}}],"collection":[{"href":"https:\/\/secureus.se\/de\/wp-json\/wp\/v2\/product"}],"about":[{"href":"https:\/\/secureus.se\/de\/wp-json\/wp\/v2\/types\/product"}],"wp:featuredmedia":[{"embeddable":true,"href":"https:\/\/secureus.se\/de\/wp-json\/wp\/v2\/media\/149424"}],"wp:attachment":[{"href":"https:\/\/secureus.se\/de\/wp-json\/wp\/v2\/media?parent=149425"}],"wp:term":[{"taxonomy":"product_brand","embeddable":true,"href":"https:\/\/secureus.se\/de\/wp-json\/wp\/v2\/product_brand?post=149425"},{"taxonomy":"product_cat","embeddable":true,"href":"https:\/\/secureus.se\/de\/wp-json\/wp\/v2\/product_cat?post=149425"},{"taxonomy":"product_tag","embeddable":true,"href":"https:\/\/secureus.se\/de\/wp-json\/wp\/v2\/product_tag?post=149425"}],"curies":[{"name":"wp","href":"https:\/\/api.w.org\/{rel}","templated":true}]}}