{"id":149429,"date":"2025-03-28T15:13:50","date_gmt":"2025-03-28T14:13:50","guid":{"rendered":"https:\/\/secureus.se\/?post_type=product&#038;p=149429"},"modified":"2026-04-23T11:24:20","modified_gmt":"2026-04-23T09:24:20","slug":"eltryckeslas-step-122-klassisk-sats-12-24v","status":"publish","type":"product","link":"https:\/\/secureus.se\/de\/eltryckeslas-step-122-klassisk-sats-12-24v\/","title":{"rendered":"Elektrisches Druckschloss STEP 122 Classic Set 12-24V"},"content":{"rendered":"<h1>Elektrisches Druckschloss STEP 122 Classic Set 12-24V<\/h1>\n<div>STEP 122 ist ein langlebiges elektrisches Druckschloss aus Edelstahl mit klassischer Kolbenanordnung und mehreren flexiblen Funktionen.<\/div>\n<div>Das Design wurde unter Einhaltung der anerkannt hohen Qualit\u00e4tsanforderungen von STEP entwickelt, was eine leistungsstarke Leistung bei hoher Betriebszuverl\u00e4ssigkeit gew\u00e4hrleistet.<\/div>\n<div>Das Schloss kann in T\u00fcrumgebungen mit Brandschutz- und Evakuierungsanforderungen verwendet werden und ist f\u00fcr die Verwendung zusammen mit elektrischen Schlie\u00dfblechen geeignet.<\/div>\n<div>CE-Kennzeichnung gem\u00e4\u00df SS-EN 14846:2008 in der Brandklasse E\/EI120.<\/p>\n<p><b>Das Set-Paket enth\u00e4lt:<\/b><br \/>\nElektrisches Druckschloss Step 122 24V, Anschlusskabel (10 m) und Rahmen\u00fcbertragung.<\/div>\n<div><\/div>\n<div><b>Eigenschaften:<\/b><\/div>\n<div>\n<ul>\n<li>Klassische Kolbenplatzierung.<\/li>\n<li>Zertifiziert f\u00fcr Feuerwiderstand bis Klasse E\/EI 120.<\/li>\n<li>Mikroschalter einpolig wechselnd, max. 30 V DC, 1 A.<\/li>\n<li>Eingebaute Mikroschalter zeigen geschlossene und verriegelte Positionen sowie Druckbet\u00e4tigung an.<\/li>\n<li>Eingebaute Schutzdiode.<\/li>\n<li>Umkehrbar, passend f\u00fcr rechte und linke T\u00fcren.<\/li>\n<li>Umschaltbare Vorw\u00e4rts-\/R\u00fcckw\u00e4rtsfunktion.<\/li>\n<li>Umschaltbare elektrisch\/mechanisch bet\u00e4tigte Seite.<\/li>\n<li>Geeignet f\u00fcr runde und ovale skandinavische Zylinder.<\/li>\n<li>Dorntiefe 50 mm.<\/li>\n<li>R\u00fcckpralldr\u00fccke werden empfohlen.<\/li>\n<\/ul>\n<\/div>\n<div><\/div>\n<div><b>Technische Daten:<\/b><\/div>\n<div>\n<ul>\n<li>Betriebsspannung: 24 V DC + 15 % \u2013 10 %.<\/li>\n<li>Stromverbrauch: Max. 60 mA.<\/li>\n<li>Haltbarkeit: Klasse X gem\u00e4\u00df SS-EN 14846.<\/li>\n<\/ul>\n<\/div>","protected":false},"excerpt":{"rendered":"<p>Eltryckesl\u00e5s STEP 122 Klassisk Sats 12-24V STEP 122 \u00e4r ett slitstarkt eltryckesl\u00e5s i rostfritt st\u00e5l med klassisk kolvplacering och flera flexibla egenskaper. Konstruktionen \u00e4r framtagen med STEPs erk\u00e4nt h\u00f6ga kvalitetskrav<\/p>","protected":false},"featured_media":149428,"template":"","meta":{"_acf_changed":false},"product_brand":[],"product_cat":[2429],"product_tag":[2290],"class_list":{"0":"post-149429","1":"product","2":"type-product","3":"status-publish","4":"has-post-thumbnail","6":"product_cat-ellas","7":"product_tag-ellas-komplett-sats-kpl","8":"pa_brands-step","9":"tm-no-options","11":"first","12":"onbackorder","13":"sale","14":"taxable","15":"shipping-taxable","16":"purchasable","17":"product-type-simple"},"acf":[],"_links":{"self":[{"href":"https:\/\/secureus.se\/de\/wp-json\/wp\/v2\/product\/149429","targetHints":{"allow":["GET"]}}],"collection":[{"href":"https:\/\/secureus.se\/de\/wp-json\/wp\/v2\/product"}],"about":[{"href":"https:\/\/secureus.se\/de\/wp-json\/wp\/v2\/types\/product"}],"wp:featuredmedia":[{"embeddable":true,"href":"https:\/\/secureus.se\/de\/wp-json\/wp\/v2\/media\/149428"}],"wp:attachment":[{"href":"https:\/\/secureus.se\/de\/wp-json\/wp\/v2\/media?parent=149429"}],"wp:term":[{"taxonomy":"product_brand","embeddable":true,"href":"https:\/\/secureus.se\/de\/wp-json\/wp\/v2\/product_brand?post=149429"},{"taxonomy":"product_cat","embeddable":true,"href":"https:\/\/secureus.se\/de\/wp-json\/wp\/v2\/product_cat?post=149429"},{"taxonomy":"product_tag","embeddable":true,"href":"https:\/\/secureus.se\/de\/wp-json\/wp\/v2\/product_tag?post=149429"}],"curies":[{"name":"wp","href":"https:\/\/api.w.org\/{rel}","templated":true}]}}