{"id":149438,"date":"2025-03-28T15:13:50","date_gmt":"2025-03-28T14:13:50","guid":{"rendered":"https:\/\/secureus.se\/?post_type=product&#038;p=149438"},"modified":"2026-03-25T15:30:52","modified_gmt":"2026-03-25T14:30:52","slug":"eltryckeslas-step-130-modern-split-multi","status":"publish","type":"product","link":"https:\/\/secureus.se\/de\/eltryckeslas-step-130-modern-split-multi\/","title":{"rendered":"Elektrisches Druckschloss STEP 130 Modern Split Multi"},"content":{"rendered":"<h1>Elektrisches Druckschloss STEP 130 Modern Split Multi<\/h1>\n<p>STEP 130 ist ein elektrisches Druckschloss mit einem einzigartigen automatischen Kolben, der eine Doppelfunktion bietet.<\/p>\n<p>Dadurch ist sowohl eine elektrische \u00d6ffnung des Schlosses per Druckknopf als auch eine automatische T\u00fcr\u00f6ffnung m\u00f6glich.<\/p>\n<div>Selbstverst\u00e4ndlich ist auch dieses elektrische Druckschloss mit unserer patentierten Leistendrucktechnologie ausgestattet, die daf\u00fcr sorgt, dass das Schloss sehr hohem Leistendruck standh\u00e4lt.<\/div>\n<div>Dank dieser Eigenschaften ist STEP 130 eine naheliegende Wahl f\u00fcr T\u00fcrumgebungen mit automatischen T\u00fcrsystemen, Brandschutz- und Evakuierungsanforderungen, in denen Sie au\u00dferdem eine hohe Betriebssicherheit sicherstellen m\u00f6chten.<\/div>\n<div>STEP 130 verf\u00fcgt \u00fcber genau dieselben gro\u00dfartigen Funktionen und Technologien wie STEP 110.<\/div>\n<div>Der Unterschied zwischen den beiden Elektro-Druckschl\u00f6ssern besteht darin, dass das STEP 130 \u00fcber einen automatischen Kolben verf\u00fcgt, der beim elektrischen \u00d6ffnen der T\u00fcr einklappt.<\/div>\n<div>STEP 130 ist daher f\u00fcr T\u00fcrumgebungen geeignet, in denen Sie eine verbesserte Zug\u00e4nglichkeit und\/oder eine Anpassung an Behinderungen w\u00fcnschen.<\/div>\n<div><\/div>\n<div><b>Die Doppelfunktion des automatischen Kolbens<\/b><\/div>\n<div>Durch den automatischen Kolben erh\u00e4lt die elektrische Endplatte eine Doppelfunktion.<\/div>\n<div>Beim \u00d6ffnen der T\u00fcr mit Druck funktioniert der STEP 130 wie ein normaler elektrischer Druckverschluss mit Fallkolben.<\/div>\n<div>Beim elektrischen \u00d6ffnen der T\u00fcr kann der Automatikkolben einklappen und erm\u00f6glicht so ein \u00d6ffnen mit automatischem T\u00fcrbetrieb.<\/div>\n<div>Unmittelbar nach dem \u00d6ffnen der T\u00fcr f\u00e4hrt der Automatikkolben aus, rastet ein und funktioniert wieder als normaler Fallkolben.<\/div>\n<div><\/div>\n<div><b>Feuerhemmend und hohe Verschlei\u00dffestigkeit<\/b><\/div>\n<div>Da der Automatikkolben wie ein normaler Fallkolben aussieht, kann er den Verschlei\u00dfwiderstand auf seine gesamte Oberfl\u00e4che verteilen.<\/div>\n<div>Dar\u00fcber hinaus wird dadurch sichergestellt, dass die Feuereind\u00e4mmung auch dann erhalten bleibt, wenn zwischen Kolben und Schlie\u00dfblech ein Spalt entstehen sollte.<\/div>\n<div>In Kombination mit der STEP Strip Pressure Technology bedeutet dies, dass STEP 130 hohem Stripdruck standh\u00e4lt und eine hohe Betriebszuverl\u00e4ssigkeit gew\u00e4hrleistet.<\/div>\n<div><\/div>\n<div><b>Mit Split-Funktion<\/b><\/div>\n<div>STEP 130 ist mit einer Split-Funktion ausgestattet, was bedeutet, dass Sie jede Seite des Schlosses mit einem mechanischen Ausgang passieren lassen k\u00f6nnen.<\/div>\n<div>\n<p>Platz und hohe Haltbarkeit werden dadurch gew\u00e4hrleistet, dass die mechanisch gesteuerte Seite \u00fcber eine solide Befestigung verf\u00fcgt, wobei die Split-Funktion durch rostfreie und geh\u00e4rtete Details gesichert ist.<\/p>\n<p><b>Eigenschaften:<\/b><\/p>\n<ul>\n<li>Moderne Kolbenplatzierung.<\/li>\n<li>Einzigartiger automatischer Kolben<\/li>\n<li>Mikroschalter einpolig wechselnd, max. 30 V DC, 1 A<\/li>\n<li>Multispannung<\/li>\n<li>Umkehrbar, passend f\u00fcr rechte und linke T\u00fcren<\/li>\n<li>Umschaltbare Vorw\u00e4rts-\/R\u00fcckw\u00e4rtsfunktion.<\/li>\n<li>Zugelassene Notevakuierung mit STEP Exit-Notfallevakuierungszubeh\u00f6r. Zertifiziert nach SS-EN 179:2008.<\/li>\n<li>Mit Split-Funktion. Umschaltbare elektrische\/mechanische Bedienseite<\/li>\n<li>Mit STEP List-Drucktechnologie<\/li>\n<li>Die integrierte patentierte DirectDrive\u00ae-Funktion erm\u00f6glicht eine direkte Steuerung des Drucks<\/li>\n<li>Eingebaute Mikroschalter zeigen geschlossene und verriegelte Positionen sowie Druckbet\u00e4tigung an<\/li>\n<li>Eingebaute Schutzdiode.<\/li>\n<li>Integrierte Re-Housing-Funktion<\/li>\n<li>Geeignet f\u00fcr runde und ovale skandinavische Zylinder<\/li>\n<li>Dorntiefe 50 mm<\/li>\n<li>R\u00fcckpralldr\u00fccke werden empfohlen<\/li>\n<li>Halogenfreies Kabel<\/li>\n<li>Zum Patent angemeldet<\/li>\n<\/ul>\n<\/div>\n<div>\n<p><b>Funktion:<\/b><\/p>\n<ul>\n<li>Der automatische Kolben verriegelt\/entriegelt elektrisch \u00fcber ein \u00d6ffnungssignal von einem Zugangssystem, Codeschloss, Druckknopf oder \u00e4hnlichem.<\/li>\n<li>Der automatische Kolben wird mechanisch \u00fcber den Zylinderruder mit einem Schl\u00fcssel von au\u00dfen oder einem Schl\u00fcssel\/Knopf von innen eingefahren.<\/li>\n<li>Der Druck von au\u00dfen wird per Zugangssystem, Codeschloss o.\u00e4. elektrisch aktiviert und f\u00e4hrt den automatischen Kolben zur\u00fcck.<\/li>\n<li>Der Druck im Inneren ist immer mechanisch aktiv und f\u00e4hrt den automatischen Kolben zur\u00fcck.<\/li>\n<\/ul>\n<\/div>","protected":false},"excerpt":{"rendered":"<p>Elektrisches Druckschloss STEP 130 Modern Split Multi STEP 130 ist ein elektrisches Druckschloss mit einem einzigartigen automatischen Kolben, der eine Doppelfunktion bietet. Dadurch kann das Schloss sowohl elektrisch als auch per Druckknopf ge\u00f6ffnet werden.<\/p>","protected":false},"featured_media":149436,"template":"","meta":{"_acf_changed":false},"product_brand":[],"product_cat":[2429],"product_tag":[],"class_list":{"0":"post-149438","1":"product","2":"type-product","3":"status-publish","4":"has-post-thumbnail","6":"product_cat-ellas","7":"pa_brands-step","8":"tm-no-options","10":"first","11":"instock","12":"sale","13":"taxable","14":"shipping-taxable","15":"purchasable","16":"product-type-simple"},"acf":[],"_links":{"self":[{"href":"https:\/\/secureus.se\/de\/wp-json\/wp\/v2\/product\/149438","targetHints":{"allow":["GET"]}}],"collection":[{"href":"https:\/\/secureus.se\/de\/wp-json\/wp\/v2\/product"}],"about":[{"href":"https:\/\/secureus.se\/de\/wp-json\/wp\/v2\/types\/product"}],"wp:featuredmedia":[{"embeddable":true,"href":"https:\/\/secureus.se\/de\/wp-json\/wp\/v2\/media\/149436"}],"wp:attachment":[{"href":"https:\/\/secureus.se\/de\/wp-json\/wp\/v2\/media?parent=149438"}],"wp:term":[{"taxonomy":"product_brand","embeddable":true,"href":"https:\/\/secureus.se\/de\/wp-json\/wp\/v2\/product_brand?post=149438"},{"taxonomy":"product_cat","embeddable":true,"href":"https:\/\/secureus.se\/de\/wp-json\/wp\/v2\/product_cat?post=149438"},{"taxonomy":"product_tag","embeddable":true,"href":"https:\/\/secureus.se\/de\/wp-json\/wp\/v2\/product_tag?post=149438"}],"curies":[{"name":"wp","href":"https:\/\/api.w.org\/{rel}","templated":true}]}}