{"id":149465,"date":"2025-03-28T15:13:50","date_gmt":"2025-03-28T14:13:50","guid":{"rendered":"https:\/\/secureus.se\/?post_type=product&#038;p=149465"},"modified":"2026-04-08T15:10:46","modified_gmt":"2026-04-08T13:10:46","slug":"eltryckeslas-step-110-modern-split-12-24v","status":"publish","type":"product","link":"https:\/\/secureus.se\/de\/eltryckeslas-step-110-modern-split-12-24v\/","title":{"rendered":"Elektrisches Druckschloss STEP 110 Modern Split 12-24V"},"content":{"rendered":"<h1>Elektrisches Druckschloss STEP 110 Modern Split 12-24V<\/h1>\n<div>STEP 110 ist ein langlebiges elektrisches Druckschloss mit Spaltfunktion. Zum Patent angemeldeter Direktantrieb, sogenannter Direct Drive TM.<\/div>\n<div>Dies f\u00fchrt zu einem sehr weichen und reaktionsschnellen Erlebnis bei der Verwendung des Drucks.<\/div>\n<div>Das stilvolle Schloss verf\u00fcgt \u00fcber eine moderne Kolbenanordnung mit einem Zylinderriegel in der Mitte des Schlosskastens.<\/div>\n<div>Das Design wurde unter Einhaltung der anerkannt hohen Qualit\u00e4tsanforderungen von STEP entwickelt, was eine leistungsstarke Leistung bei hoher Betriebszuverl\u00e4ssigkeit gew\u00e4hrleistet.<\/div>\n<div>Es eignet sich sehr gut f\u00fcr den Einsatz mit Elektroblechen.<\/div>\n<div>CE-Kennzeichnung gem\u00e4\u00df SS-EN 14846:2008 in der Brandklasse E\/EI120 und zertifiziert gem\u00e4\u00df SS-EN 179:2008 zusammen mit den STEP Exit-Notfall-Evakuierungsbeschl\u00e4gen ST17901, ST17902, ST17903 und ST17904.<\/div>\n<div><\/div>\n<div><b>Eigenschaften:\u00a0<\/b><\/div>\n<div>\n<ul>\n<li>Moderne Kolbenanordnung entspricht Assas Connect<\/li>\n<li>Split-Funktion<\/li>\n<li>Gepr\u00fcft und zertifiziert auf Feuerwiderstand bis Klasse FE\/EI 120.<\/li>\n<li>Mikroschalter einpolig wechselnd, max. 30 V DC, 1 A.<\/li>\n<li>Integrierte, zum Patent angemeldete Direct DriveTM-Funktion, die eine direkte Steuerung des Drucks erm\u00f6glicht.<\/li>\n<li>Eingebaute Mikroschalter zeigen die geschlossenen und verriegelten Positionen sowie die Bet\u00e4tigung des Druckknopfs an.<\/li>\n<li>Schutzdiode ist eingebaut.<\/li>\n<li>Umkehrbar, passend f\u00fcr rechte und linke T\u00fcren.<\/li>\n<li>Umschaltbare Vorw\u00e4rts-\/R\u00fcckw\u00e4rtsfunktion.<\/li>\n<li>Umschaltbare elektrisch\/mechanisch betriebene Seite.<\/li>\n<li>Geeignet f\u00fcr runde und ovale skandinavische Zylinder.<\/li>\n<li>Dorntiefe 50 mm.<\/li>\n<li>Es k\u00f6nnen sowohl federbelastete als auch federlose Pressen verwendet werden.<\/li>\n<li>Halogenfreies Kabel.<\/li>\n<\/ul>\n<\/div>\n<div><\/div>\n<div><b>Technische Daten:<\/b><\/div>\n<div>\n<ul>\n<li>Betriebsspannung: 24 V DC + 15 % \u2013 10 %.<\/li>\n<li>Stromverbrauch: Max. 60 mA.<\/li>\n<li>Haltbarkeit: Klasse X gem\u00e4\u00df SS-EN 14846.<\/li>\n<\/ul>\n<div><\/div>\n<\/div>","protected":false},"excerpt":{"rendered":"<p>Elektrisches Druckschloss STEP 110 Modern Split 12-24 V STEP 110 ist ein langlebiges elektrisches Druckschloss mit Split-Funktion. Zum Patent angemeldeter Direktantrieb, sogenannter Direct Drive TM. Dies f\u00fchrt zu einem sehr weichen und geschmeidigen Erlebnis rund um<\/p>","protected":false},"featured_media":149460,"template":"","meta":{"_acf_changed":false},"product_brand":[],"product_cat":[2429],"product_tag":[],"class_list":{"0":"post-149465","1":"product","2":"type-product","3":"status-publish","4":"has-post-thumbnail","6":"product_cat-ellas","7":"pa_brands-step","8":"tm-no-options","10":"first","11":"instock","12":"sale","13":"taxable","14":"shipping-taxable","15":"purchasable","16":"product-type-simple"},"acf":[],"_links":{"self":[{"href":"https:\/\/secureus.se\/de\/wp-json\/wp\/v2\/product\/149465","targetHints":{"allow":["GET"]}}],"collection":[{"href":"https:\/\/secureus.se\/de\/wp-json\/wp\/v2\/product"}],"about":[{"href":"https:\/\/secureus.se\/de\/wp-json\/wp\/v2\/types\/product"}],"wp:featuredmedia":[{"embeddable":true,"href":"https:\/\/secureus.se\/de\/wp-json\/wp\/v2\/media\/149460"}],"wp:attachment":[{"href":"https:\/\/secureus.se\/de\/wp-json\/wp\/v2\/media?parent=149465"}],"wp:term":[{"taxonomy":"product_brand","embeddable":true,"href":"https:\/\/secureus.se\/de\/wp-json\/wp\/v2\/product_brand?post=149465"},{"taxonomy":"product_cat","embeddable":true,"href":"https:\/\/secureus.se\/de\/wp-json\/wp\/v2\/product_cat?post=149465"},{"taxonomy":"product_tag","embeddable":true,"href":"https:\/\/secureus.se\/de\/wp-json\/wp\/v2\/product_tag?post=149465"}],"curies":[{"name":"wp","href":"https:\/\/api.w.org\/{rel}","templated":true}]}}