{"id":149552,"date":"2022-03-10T15:40:00","date_gmt":"2022-03-10T14:40:00","guid":{"rendered":"https:\/\/secureus.se\/abloy-motorlas-el595-50-22mm-2\/"},"modified":"2026-04-17T14:42:38","modified_gmt":"2026-04-17T12:42:38","slug":"abloy-motorlas-el595-50-22mm","status":"publish","type":"product","link":"https:\/\/secureus.se\/de\/abloy-motorlas-el595-50-22mm\/","title":{"rendered":"Abloy Motorschloss EL595 50\/22mm"},"content":{"rendered":"<div>\n<h3>Einsatzgebiet<\/h3>\n<p>ABLOY EL595 ist ein Motorschloss mit Fallkolben. Dies bedeutet eine einzigartige Chance, Anforderungen an Barrierefreiheit, Brandschutz und Evakuierung zu vereinen. Die robusten Fluchtbeschl\u00e4ge erf\u00fcllen die Anforderungen der SS-EN 179. T\u00fcren mit dieser Verschlussart werden mit einem T\u00fcrantrieb oder mit Hilfe eines Zuggriffs\/Druckplatte oder alternativ Druck ge\u00f6ffnet. Die Steuerung der Schl\u00f6sser erfolgt \u00fcber Signale von z.B. ein Passsystem.<\/p>\n<h3>Funktion<\/h3>\n<p>Der Fallkolben wird zum Entriegeln durch den eingebauten Motor angetrieben. Die Verriegelung erfolgt automatisch\/mechanisch unabh\u00e4ngig von elektrischer Energie, was den Einsatz in T\u00fcren von Brandschutzzellen gew\u00e4hrleistet. Der EL595 verf\u00fcgt \u00fcber einen Absenkkolben mit Federverriegelung, der bis zu 20 mm verriegelt. Wird die EL595 in der Brandzellenbegrenzung eingesetzt, muss der Absenkkolben auf die 14-mm-Position eingestellt werden. Das Schloss ist so eingestellt, dass der Fluchtbeschlag immer eingerastet ist. Dies ist Voraussetzung f\u00fcr SS-EN 179.<\/p>\n<h3>Mechanische Eigenschaften<\/h3>\n<p>Der EL595 hat eine Dorntiefe von 50 mm und ein CC-Ma\u00df von 105 mm. Dies entspricht der Modul- und Connect-Schlossserie. Allerdings weicht EL595 in der H\u00f6henmessung ab, siehe Zeichnung.<\/p>\n<p>Der EL595 verf\u00fcgt \u00fcber einen verstellbaren Absenkkolben mit 14 mm oder 20 mm Vorsprung. Bei Brandschutzt\u00fcren wird nur die 14-mm-Position verwendet.<\/p>\n<h3>Elektrische Eigenschaften<\/h3>\n<p>Das Schloss verf\u00fcgt \u00fcber eine integrierte Steuerung und ben\u00f6tigt eine permanente Stromversorgung des Schlossgeh\u00e4uses. Die Entsperrzeit betr\u00e4gt 1,7 Sekunden.<\/p>\n<h3>Technische Daten EL595<\/h3>\n<ul>\n<li>Spannung 12 (-10%) bis 24 (+15%) V DC Stab<\/li>\n<li>Strom 12 V DC Max. 1.700 mA Betrieb 600 mA (bei 50 N Streifendruck) Ruhe 50 mA 24 V DC Max. 700 mA Betrieb 250 mA (bei 50 N Streifendruck) Ruhe 25 mA<\/li>\n<li>Anzeigen verriegelt (verriegelt) entriegelt (\u00f6ffnbar) Druckbewegung Knopf- oder Zylinderbewegung (Option, siehe unten)<\/li>\n<li>Mikroschalter Max. 30 V AC\/DC 100 mA ohmsche Last, 3<\/li>\n<li>Umgebungsbedingungen -20 bis + 60 \u00b0C 20-90% relative Luftfeuchtigkeit, nicht kondensierend<\/li>\n<li>Anschlusskabel EA 227 (10 m)<\/li>\n<\/ul>\n<\/div>","protected":false},"excerpt":{"rendered":"<p>Einsatzgebiet ABLOY EL595 ist ein Motorschloss mit Fallkolben. Dies bedeutet eine einzigartige Chance, Anforderungen an Barrierefreiheit, Brandschutz und Evakuierung zu vereinen. Die robusten Fluchtbeschl\u00e4ge erf\u00fcllen die Anforderungen der SS-EN 179. T\u00fcren mit<\/p>","protected":false},"featured_media":144994,"template":"","meta":{"_acf_changed":false},"product_brand":[],"product_cat":[2874,1324],"product_tag":[2286,2417],"class_list":{"0":"post-149552","1":"product","2":"type-product","3":"status-publish","4":"has-post-thumbnail","6":"product_cat-motorlas","7":"product_cat-outlet","8":"product_tag-ellas-eltryckeslas","9":"product_tag-rel-abloy-ellas","10":"product_shipping_class-tunga-paket","11":"pa_brands-abloy","12":"tm-no-options","14":"first","15":"instock","16":"sale","17":"featured","18":"taxable","19":"shipping-taxable","20":"purchasable","21":"product-type-simple"},"acf":[],"_links":{"self":[{"href":"https:\/\/secureus.se\/de\/wp-json\/wp\/v2\/product\/149552","targetHints":{"allow":["GET"]}}],"collection":[{"href":"https:\/\/secureus.se\/de\/wp-json\/wp\/v2\/product"}],"about":[{"href":"https:\/\/secureus.se\/de\/wp-json\/wp\/v2\/types\/product"}],"wp:featuredmedia":[{"embeddable":true,"href":"https:\/\/secureus.se\/de\/wp-json\/wp\/v2\/media\/144994"}],"wp:attachment":[{"href":"https:\/\/secureus.se\/de\/wp-json\/wp\/v2\/media?parent=149552"}],"wp:term":[{"taxonomy":"product_brand","embeddable":true,"href":"https:\/\/secureus.se\/de\/wp-json\/wp\/v2\/product_brand?post=149552"},{"taxonomy":"product_cat","embeddable":true,"href":"https:\/\/secureus.se\/de\/wp-json\/wp\/v2\/product_cat?post=149552"},{"taxonomy":"product_tag","embeddable":true,"href":"https:\/\/secureus.se\/de\/wp-json\/wp\/v2\/product_tag?post=149552"}],"curies":[{"name":"wp","href":"https:\/\/api.w.org\/{rel}","templated":true}]}}