{"id":149640,"date":"2025-02-11T15:45:51","date_gmt":"2025-02-11T14:45:51","guid":{"rendered":"https:\/\/secureus.se\/porthallare-580-assa-abloy-2\/"},"modified":"2026-04-08T15:28:04","modified_gmt":"2026-04-08T13:28:04","slug":"porthallare-580-assa-abloy","status":"publish","type":"product","link":"https:\/\/secureus.se\/de\/porthallare-580-assa-abloy\/","title":{"rendered":"T\u00fcrhalterung Fix 580 \u2013 Assa Abloy"},"content":{"rendered":"<div>Der T\u00fcrhalter ASSA ABLOY 580 ist ein T\u00fcrhalter zum Positionieren gr\u00f6\u00dferer oder schwererer Seitent\u00fcren in der vollst\u00e4ndig ge\u00f6ffneten Position.<\/div>\n<div><b><br \/>\nEigenschaften: <\/b><\/div>\n<div>\n<ul>\n<li>Arml\u00e4nge: 1320 mm<\/li>\n<li>In der komplett ge\u00f6ffneten Stellung (ca. 90 Grad) f\u00e4llt der Riegel automatisch in die Verriegelungsposition, sodass die T\u00fcr sicher gehalten wird.<\/li>\n<li>Wenn die T\u00fcr weiter in Richtung \u00d6ffnungsposition gedr\u00fcckt wird, wird der Riegel freigegeben und die T\u00fcr kann geschlossen werden.<\/li>\n<li>Die Anschlagfeder dient gleichzeitig als Sto\u00dfd\u00e4mpfer und sch\u00fctzt somit T\u00fcr und Scharniere.<\/li>\n<li>Passend f\u00fcr rechts- und linksangeschlagene T\u00fcren.<\/li>\n<\/ul>\n<\/div>\n<div><\/div>","protected":false},"excerpt":{"rendered":"<p>T\u00fcrfeststeller 580 von ASSA ABLOY<\/p>","protected":false},"featured_media":147796,"template":"","meta":{"_acf_changed":false},"product_brand":[],"product_cat":[4607],"product_tag":[],"class_list":{"0":"post-149640","1":"product","2":"type-product","3":"status-publish","4":"has-post-thumbnail","6":"product_cat-porthallare","7":"pa_brands-abloy","8":"tm-no-options","10":"first","11":"onbackorder","12":"sale","13":"taxable","14":"shipping-taxable","15":"purchasable","16":"product-type-simple"},"acf":[],"_links":{"self":[{"href":"https:\/\/secureus.se\/de\/wp-json\/wp\/v2\/product\/149640","targetHints":{"allow":["GET"]}}],"collection":[{"href":"https:\/\/secureus.se\/de\/wp-json\/wp\/v2\/product"}],"about":[{"href":"https:\/\/secureus.se\/de\/wp-json\/wp\/v2\/types\/product"}],"wp:featuredmedia":[{"embeddable":true,"href":"https:\/\/secureus.se\/de\/wp-json\/wp\/v2\/media\/147796"}],"wp:attachment":[{"href":"https:\/\/secureus.se\/de\/wp-json\/wp\/v2\/media?parent=149640"}],"wp:term":[{"taxonomy":"product_brand","embeddable":true,"href":"https:\/\/secureus.se\/de\/wp-json\/wp\/v2\/product_brand?post=149640"},{"taxonomy":"product_cat","embeddable":true,"href":"https:\/\/secureus.se\/de\/wp-json\/wp\/v2\/product_cat?post=149640"},{"taxonomy":"product_tag","embeddable":true,"href":"https:\/\/secureus.se\/de\/wp-json\/wp\/v2\/product_tag?post=149640"}],"curies":[{"name":"wp","href":"https:\/\/api.w.org\/{rel}","templated":true}]}}