{"id":149866,"date":"2025-04-03T14:21:11","date_gmt":"2025-04-03T12:21:11","guid":{"rendered":"https:\/\/secureus.se\/apollo-pp5067-intelligent-testutrustning-for-soteria-serien\/"},"modified":"2026-04-01T15:47:58","modified_gmt":"2026-04-01T13:47:58","slug":"apollo-pp5067-intelligent-testutrustning-for-soteria-serien","status":"publish","type":"product","link":"https:\/\/secureus.se\/de\/apollo-pp5067-intelligent-testutrustning-for-soteria-serien\/","title":{"rendered":"Apollo PP5067 Intelligentes Testger\u00e4t f\u00fcr die Soteria-Serie"},"content":{"rendered":"<h1>Apollo PP5067 Intelligentes Testger\u00e4t f\u00fcr die Soteria-Serie<\/h1>\n<p class=\"\" data-start=\"443\" data-end=\"816\">Das intelligente Testger\u00e4t Apollo PP5067 ist ein tragbares Testger\u00e4t mit einem 7-Zoll-LCD-Touchscreen, der dem Benutzer eine einfache Interaktion, Steuerung und Wartung aller an das Ger\u00e4t angeschlossenen Ger\u00e4te erm\u00f6glicht.<\/p>\n<p class=\"\" data-start=\"443\" data-end=\"816\">Es funktioniert sowohl f\u00fcr einzelne Ger\u00e4te als auch f\u00fcr ganze Schaltkreise analog adressierbarer Ger\u00e4te der Apollo-Serie, einschlie\u00dflich CoreProtocol, Discovery und XP95.<\/p>\n<p class=\"\" data-start=\"818\" data-end=\"1193\">Dieses Ger\u00e4t erm\u00f6glicht die Pr\u00fcfung und Diagnose der Schleifenintegrit\u00e4t, was sowohl bei der Inbetriebnahme als auch bei der laufenden Wartung von entscheidender Bedeutung ist.<\/p>\n<p class=\"\" data-start=\"818\" data-end=\"1193\">Das Ger\u00e4t unterst\u00fctzt Updates \u00fcber USB und bietet mehrsprachigen Support, um unterschiedlichen regionalen Anforderungen gerecht zu werden.<\/p>\n<p class=\"\" data-start=\"818\" data-end=\"1193\">Es wird in einem robusten Tragekoffer mit einem Universalladeger\u00e4t, einem Verbindungskabel und einer intelligenten XPERT8-Montagebasis geliefert.<\/p>\n<p class=\"\" data-start=\"1195\" data-end=\"1215\"><strong data-start=\"1195\" data-end=\"1214\">Spezifikationen<\/strong>:<\/p>\n<ul data-start=\"1216\" data-end=\"1656\">\n<li class=\"\" data-start=\"1216\" data-end=\"1291\">\n<p class=\"\" data-start=\"1218\" data-end=\"1291\"><strong data-start=\"1218\" data-end=\"1232\">Stromquelle<\/strong>: Lithium-Ionen-Akkupack oder 12 V Netzteil<\/p>\n<\/li>\n<li class=\"\" data-start=\"1292\" data-end=\"1333\">\n<p class=\"\" data-start=\"1294\" data-end=\"1333\"><strong data-start=\"1294\" data-end=\"1317\">Akkuladezeit<\/strong>: Ungef\u00e4hr 3 Stunden<\/p>\n<\/li>\n<li class=\"\" data-start=\"1334\" data-end=\"1370\">\n<p class=\"\" data-start=\"1336\" data-end=\"1370\"><strong data-start=\"1336\" data-end=\"1355\">Betriebstemperatur<\/strong>: 0\u00baC bis 40\u00baC<\/p>\n<\/li>\n<li class=\"\" data-start=\"1371\" data-end=\"1435\">\n<p class=\"\" data-start=\"1373\" data-end=\"1435\"><strong data-start=\"1373\" data-end=\"1386\">Luftfeuchtigkeit<\/strong>: 10 bis 95 % RH (ohne Kondensation oder Vereisung)<\/p>\n<\/li>\n<li class=\"\" data-start=\"1436\" data-end=\"1478\">\n<p class=\"\" data-start=\"1438\" data-end=\"1478\"><strong data-start=\"1438\" data-end=\"1453\">Abmessungen<\/strong>: 215 mm x 165 mm x 50 mm<\/p>\n<\/li>\n<li class=\"\" data-start=\"1479\" data-end=\"1496\">\n<p class=\"\" data-start=\"1481\" data-end=\"1496\"><strong data-start=\"1481\" data-end=\"1489\">Gewicht<\/strong>: 935 g<\/p>\n<\/li>\n<li class=\"\" data-start=\"1497\" data-end=\"1531\">\n<p class=\"\" data-start=\"1499\" data-end=\"1531\"><strong data-start=\"1499\" data-end=\"1510\">Anzeige<\/strong>: 7-Zoll-LCD-Touchscreen<\/p>\n<\/li>\n<li class=\"\" data-start=\"1532\" data-end=\"1592\">\n<p class=\"\" data-start=\"1534\" data-end=\"1592\"><strong data-start=\"1534\" data-end=\"1562\">Software-Updates<\/strong>: \u00dcber USB und Apollo-Website<\/p>\n<\/li>\n<li class=\"\" data-start=\"1593\" data-end=\"1656\">\n<p class=\"\" data-start=\"1595\" data-end=\"1656\"><strong data-start=\"1595\" data-end=\"1613\">Kompatibilit\u00e4t<\/strong>: XP95-, Discovery- und CoreProtocol-Serie<\/p>\n<\/li>\n<\/ul>","protected":false},"excerpt":{"rendered":"<p>Das intelligente Testger\u00e4t Apollo PP5067 f\u00fcr die Soteria-Serie erm\u00f6glicht die Pr\u00fcfung und Diagnose der Schleifenintegrit\u00e4t w\u00e4hrend der Inbetriebnahme und Wartung.<\/p>\n<p>Die tragbare Touchscreen-Einheit zeigt Ger\u00e4teinformationen an und steuert die Betriebsmodi f\u00fcr einzelne Ger\u00e4te oder zusammengesetzte Schaltkreise analog adressierbarer Ger\u00e4te der Apollo-Serie.<\/p>","protected":false},"featured_media":149865,"template":"","meta":{"_acf_changed":false},"product_brand":[],"product_cat":[4750],"product_tag":[],"class_list":{"0":"post-149866","1":"product","2":"type-product","3":"status-publish","4":"has-post-thumbnail","6":"product_cat-soteria-serien","7":"pa_brands-apollo-fire-detectors","8":"tm-no-options","10":"first","11":"instock","12":"taxable","13":"shipping-taxable","14":"purchasable","15":"product-type-simple"},"acf":[],"_links":{"self":[{"href":"https:\/\/secureus.se\/de\/wp-json\/wp\/v2\/product\/149866","targetHints":{"allow":["GET"]}}],"collection":[{"href":"https:\/\/secureus.se\/de\/wp-json\/wp\/v2\/product"}],"about":[{"href":"https:\/\/secureus.se\/de\/wp-json\/wp\/v2\/types\/product"}],"wp:featuredmedia":[{"embeddable":true,"href":"https:\/\/secureus.se\/de\/wp-json\/wp\/v2\/media\/149865"}],"wp:attachment":[{"href":"https:\/\/secureus.se\/de\/wp-json\/wp\/v2\/media?parent=149866"}],"wp:term":[{"taxonomy":"product_brand","embeddable":true,"href":"https:\/\/secureus.se\/de\/wp-json\/wp\/v2\/product_brand?post=149866"},{"taxonomy":"product_cat","embeddable":true,"href":"https:\/\/secureus.se\/de\/wp-json\/wp\/v2\/product_cat?post=149866"},{"taxonomy":"product_tag","embeddable":true,"href":"https:\/\/secureus.se\/de\/wp-json\/wp\/v2\/product_tag?post=149866"}],"curies":[{"name":"wp","href":"https:\/\/api.w.org\/{rel}","templated":true}]}}