{"id":149872,"date":"2025-04-03T14:21:06","date_gmt":"2025-04-03T12:21:06","guid":{"rendered":"https:\/\/secureus.se\/apollo-pp2517-soteria-series-varmedetektor-vit\/"},"modified":"2026-04-23T13:12:08","modified_gmt":"2026-04-23T11:12:08","slug":"apollo-pp2517-soteria-series-varmedetektor-vit","status":"publish","type":"product","link":"https:\/\/secureus.se\/de\/apollo-pp2517-soteria-series-varmedetektor-vit\/","title":{"rendered":"Apollo PP2517 W\u00e4rmemelder der Soteria-Serie, wei\u00df"},"content":{"rendered":"<h1>Apollo PP2517 W\u00e4rmemelder der Soteria-Serie, wei\u00df<\/h1>\n<p class=\"\" data-start=\"374\" data-end=\"874\">Der W\u00e4rmemelder der Apollo PP2517 Soteria-Serie bietet eine leistungsstarke Branderkennung mit seinen zwei seitlich positionierten W\u00e4rmesensoren, die eine genaue W\u00e4rmeerkennung in alle Richtungen gew\u00e4hrleisten.<\/p>\n<p class=\"\" data-start=\"374\" data-end=\"874\">Die digitale CoreProtocol-Kommunikation erm\u00f6glicht erweiterte Branderkennungsfunktionen und gew\u00e4hrleistet die Kompatibilit\u00e4t mit XP95- und Discovery-Systemen.<\/p>\n<p class=\"\" data-start=\"374\" data-end=\"874\">Der W\u00e4rmemelder verf\u00fcgt au\u00dferdem \u00fcber eine dreifarbige LED-Statusanzeige zur Anzeige von Brandstatus, Fehler und Isolierungsstatus.<\/p>\n<p class=\"\" data-start=\"876\" data-end=\"1279\">Das Ger\u00e4t ist mechanisch kompatibel zu vorhandenen Sockeln und mit oder ohne integriertem schaltbaren Trennschalter erh\u00e4ltlich.<\/p>\n<p class=\"\" data-start=\"876\" data-end=\"1279\">Um schnellere Meldertests zu erm\u00f6glichen, verf\u00fcgt es au\u00dferdem \u00fcber die FasTest\u00ae-Funktionalit\u00e4t, die Wartung und Installation einfacher und schneller macht.<\/p>\n<p class=\"\" data-start=\"876\" data-end=\"1279\">Es wurde umfassend getestet, \u00fcbertrifft die Norm EN 54-5 und bietet eine zuverl\u00e4ssige Branderkennung in zahlreichen Umgebungen.<\/p>\n<p class=\"\" data-start=\"1281\" data-end=\"1301\"><strong data-start=\"1281\" data-end=\"1300\">Spezifikationen<\/strong>:<\/p>\n<ul data-start=\"1302\" data-end=\"1735\">\n<li class=\"\" data-start=\"1302\" data-end=\"1329\">\n<p class=\"\" data-start=\"1304\" data-end=\"1329\"><strong data-start=\"1304\" data-end=\"1318\">Stromquelle<\/strong>: 17\u201335 V DC<\/p>\n<\/li>\n<li class=\"\" data-start=\"1330\" data-end=\"1404\">\n<p class=\"\" data-start=\"1332\" data-end=\"1404\"><strong data-start=\"1332\" data-end=\"1359\">Kommunikationsprotokoll<\/strong>: CoreProtocol-, XP95- und Discovery-kompatibel<\/p>\n<\/li>\n<li class=\"\" data-start=\"1405\" data-end=\"1438\">\n<p class=\"\" data-start=\"1407\" data-end=\"1438\"><strong data-start=\"1407\" data-end=\"1419\">Sensoren<\/strong>: Heizung (Thermistor)<\/p>\n<\/li>\n<li class=\"\" data-start=\"1439\" data-end=\"1466\">\n<p class=\"\" data-start=\"1441\" data-end=\"1466\"><strong data-start=\"1441\" data-end=\"1449\">Messen<\/strong>: \u00d8100mm x 38mm<\/p>\n<\/li>\n<li class=\"\" data-start=\"1467\" data-end=\"1483\">\n<p class=\"\" data-start=\"1469\" data-end=\"1483\"><strong data-start=\"1469\" data-end=\"1477\">Gewicht<\/strong>: 83 g<\/p>\n<\/li>\n<li class=\"\" data-start=\"1484\" data-end=\"1502\">\n<p class=\"\" data-start=\"1486\" data-end=\"1502\"><strong data-start=\"1486\" data-end=\"1494\">Malen<\/strong>: Silber<\/p>\n<\/li>\n<li class=\"\" data-start=\"1503\" data-end=\"1523\">\n<p class=\"\" data-start=\"1505\" data-end=\"1523\"><strong data-start=\"1505\" data-end=\"1517\">IP-Klasse<\/strong>: IP54<\/p>\n<\/li>\n<li class=\"\" data-start=\"1524\" data-end=\"1557\">\n<p class=\"\" data-start=\"1526\" data-end=\"1557\"><strong data-start=\"1526\" data-end=\"1540\">Temperatur<\/strong>: \u201340 \u00b0C bis 70 \u00b0C<\/p>\n<\/li>\n<li class=\"\" data-start=\"1558\" data-end=\"1615\">\n<p class=\"\" data-start=\"1560\" data-end=\"1615\"><strong data-start=\"1560\" data-end=\"1573\">Luftfeuchtigkeit<\/strong>: 0\u201395% RH (ohne Kondensation oder Vereisung)<\/p>\n<\/li>\n<li class=\"\" data-start=\"1616\" data-end=\"1655\">\n<p class=\"\" data-start=\"1618\" data-end=\"1655\"><strong data-start=\"1618\" data-end=\"1629\">Garantie<\/strong>: Eingeschr\u00e4nkte 10-Jahres-Garantie<\/p>\n<\/li>\n<li class=\"\" data-start=\"1656\" data-end=\"1703\">\n<p class=\"\" data-start=\"1658\" data-end=\"1703\"><strong data-start=\"1658\" data-end=\"1676\">Kompatibilit\u00e4t<\/strong>: XP95- und Discovery-Systeme<\/p>\n<\/li>\n<li class=\"\" data-start=\"1704\" data-end=\"1735\">\n<p class=\"\" data-start=\"1706\" data-end=\"1735\"><strong data-start=\"1706\" data-end=\"1727\">Anschlusstechnik<\/strong>: Gewinde<\/p>\n<\/li>\n<\/ul>","protected":false},"excerpt":{"rendered":"<p>Der W\u00e4rmemelder der Apollo PP2517 Soteria-Serie verwendet zwei seitlich positionierte W\u00e4rmesensoren, um eine genaue W\u00e4rmeerkennung in alle Richtungen zu gew\u00e4hrleisten.<\/p>\n<p>Es ist mit der digitalen CoreProtocol-Kommunikation ausgestattet und mit XP95- und Discovery-Systemen kompatibel.<\/p>","protected":false},"featured_media":149871,"template":"","meta":{"_acf_changed":false},"product_brand":[],"product_cat":[4750,4157],"product_tag":[],"class_list":{"0":"post-149872","1":"product","2":"type-product","3":"status-publish","4":"has-post-thumbnail","6":"product_cat-soteria-serien","7":"product_cat-varmedetektor","8":"pa_brands-apollo-fire-detectors","9":"tm-no-options","11":"first","12":"instock","13":"taxable","14":"shipping-taxable","15":"purchasable","16":"product-type-simple"},"acf":[],"_links":{"self":[{"href":"https:\/\/secureus.se\/de\/wp-json\/wp\/v2\/product\/149872","targetHints":{"allow":["GET"]}}],"collection":[{"href":"https:\/\/secureus.se\/de\/wp-json\/wp\/v2\/product"}],"about":[{"href":"https:\/\/secureus.se\/de\/wp-json\/wp\/v2\/types\/product"}],"wp:featuredmedia":[{"embeddable":true,"href":"https:\/\/secureus.se\/de\/wp-json\/wp\/v2\/media\/149871"}],"wp:attachment":[{"href":"https:\/\/secureus.se\/de\/wp-json\/wp\/v2\/media?parent=149872"}],"wp:term":[{"taxonomy":"product_brand","embeddable":true,"href":"https:\/\/secureus.se\/de\/wp-json\/wp\/v2\/product_brand?post=149872"},{"taxonomy":"product_cat","embeddable":true,"href":"https:\/\/secureus.se\/de\/wp-json\/wp\/v2\/product_cat?post=149872"},{"taxonomy":"product_tag","embeddable":true,"href":"https:\/\/secureus.se\/de\/wp-json\/wp\/v2\/product_tag?post=149872"}],"curies":[{"name":"wp","href":"https:\/\/api.w.org\/{rel}","templated":true}]}}