{"id":149874,"date":"2025-04-03T14:19:28","date_gmt":"2025-04-03T12:19:28","guid":{"rendered":"https:\/\/secureus.se\/apollo-55000-217apo-65-series-rokdetektor-med-jonisering-vit\/"},"modified":"2026-04-16T15:11:19","modified_gmt":"2026-04-16T13:11:19","slug":"apollo-55000-217apo-65-series-rokdetektor-med-jonisering-vit","status":"publish","type":"product","link":"https:\/\/secureus.se\/de\/apollo-55000-217apo-65-series-rokdetektor-med-jonisering-vit\/","title":{"rendered":"Apollo 55000-217APO Serie 65, Ionisationsrauchmelder, Wei\u00df (Auslaufmodell: Ersetzt durch 55000-317APO)"},"content":{"rendered":"<h1>Apollo 55000-217APO 65 Serie, Rauchmelder mit Ionisation, wei\u00df<\/h1>\n<p class=\"\" data-start=\"393\" data-end=\"837\">Der Rauchmelder der Serie Apollo 55000-217APO 65 verwendet eine radioaktive Folie mit geringer Aktivit\u00e4t, um Rauch zu erkennen, indem die Luft in der Rauchkammer bestrahlt wird, was zu einem Stromfluss f\u00fchrt.<\/p>\n<p class=\"\" data-start=\"393\" data-end=\"837\">Wenn Rauch in die Kammer eindringt, verringert sich der Stromfluss und der Alarm wird aktiviert. Dieser Detektor verf\u00fcgt \u00fcber einen weiten Betriebsspannungsbereich von 9\u201333 V und verwendet fortschrittliche elektronische Technologie, die ihn f\u00fcr eine Vielzahl von Anwendungen sowohl effizient als auch zuverl\u00e4ssig macht.<\/p>\n<p class=\"\" data-start=\"839\" data-end=\"1228\">Eines der wichtigsten Features ist die optionale blinkende LED-Option, die im Standby-Modus eine visuelle Anzeige bietet.<\/p>\n<p class=\"\" data-start=\"839\" data-end=\"1228\">Der Melder ist zudem mit einer magnetischen Testschalter-Option ausgestattet, die die \u00dcberpr\u00fcfung seiner Funktion erleichtert.<\/p>\n<p class=\"\" data-start=\"839\" data-end=\"1228\">Es erf\u00fcllt internationale Zulassungen und eignet sich ideal f\u00fcr den Einsatz in Brandmelde- und Sicherheitssystemen.<\/p>\n<p class=\"\" data-start=\"1230\" data-end=\"1250\"><strong data-start=\"1230\" data-end=\"1249\">Spezifikationen<\/strong>:<\/p>\n<ul data-start=\"1251\" data-end=\"1717\">\n<li class=\"\" data-start=\"1251\" data-end=\"1277\">\n<p class=\"\" data-start=\"1253\" data-end=\"1277\"><strong data-start=\"1253\" data-end=\"1267\">Stromquelle<\/strong>: 9-33 V DC<\/p>\n<\/li>\n<li class=\"\" data-start=\"1278\" data-end=\"1308\">\n<p class=\"\" data-start=\"1280\" data-end=\"1308\"><strong data-start=\"1280\" data-end=\"1303\">Detektierbares Medium<\/strong>: Rauch<\/p>\n<\/li>\n<li class=\"\" data-start=\"1309\" data-end=\"1324\">\n<p class=\"\" data-start=\"1311\" data-end=\"1324\"><strong data-start=\"1311\" data-end=\"1319\">Malen<\/strong>: Wei\u00df<\/p>\n<\/li>\n<li class=\"\" data-start=\"1325\" data-end=\"1359\">\n<p class=\"\" data-start=\"1327\" data-end=\"1359\"><strong data-start=\"1327\" data-end=\"1334\">Typ<\/strong>: Ionisierender Rauchmelder<\/p>\n<\/li>\n<li class=\"\" data-start=\"1360\" data-end=\"1417\">\n<p class=\"\" data-start=\"1362\" data-end=\"1417\"><strong data-start=\"1362\" data-end=\"1376\">Alternative<\/strong>: Blinkende LED, Magnetischer Testschalter<\/p>\n<\/li>\n<li class=\"\" data-start=\"1418\" data-end=\"1469\">\n<p class=\"\" data-start=\"1420\" data-end=\"1469\"><strong data-start=\"1420\" data-end=\"1428\">Messen<\/strong>: Standardgr\u00f6\u00dfe f\u00fcr Detektoren der Serie 65<\/p>\n<\/li>\n<li class=\"\" data-start=\"1470\" data-end=\"1518\">\n<p class=\"\" data-start=\"1472\" data-end=\"1518\"><strong data-start=\"1472\" data-end=\"1480\">Gewicht<\/strong>: Standardgewicht f\u00fcr Detektoren der Serie 65<\/p>\n<\/li>\n<li class=\"\" data-start=\"1519\" data-end=\"1565\">\n<p class=\"\" data-start=\"1521\" data-end=\"1565\"><strong data-start=\"1521\" data-end=\"1539\">Testfunktionen<\/strong>: Magnetischer Pr\u00fcfschalter<\/p>\n<\/li>\n<li class=\"\" data-start=\"1566\" data-end=\"1633\">\n<p class=\"\" data-start=\"1568\" data-end=\"1633\"><strong data-start=\"1568\" data-end=\"1586\">Kompatibilit\u00e4t<\/strong>: Funktioniert mit Apollo Series 65-Basen und -Systemen<\/p>\n<\/li>\n<li class=\"\" data-start=\"1634\" data-end=\"1717\">\n<p class=\"\" data-start=\"1636\" data-end=\"1717\"><strong data-start=\"1636\" data-end=\"1652\">Zertifizierung<\/strong>: Gepr\u00fcft und zugelassen nach der Norm EN 54-7 f\u00fcr Rauchmelder.<\/p>\n<\/li>\n<\/ul>","protected":false},"excerpt":{"rendered":"<p>Dieses Produkt ist ein Auslaufmodell. Es wird direkt ersetzt durch: <strong>55000-317APO<\/strong><\/p>\n<p>Apollo 55000-217APO 65-Serie ist ein Ionisationsrauchmelder mit fortschrittlicher elektronischer Technologie und breitem Betriebsspannungsbereich.<\/p>\n<p>Ausgestattet mit einer radioaktiven Folie und einer blinkenden LED-Option erkennt es Rauch, indem es den Stromfluss reduziert, wenn Rauch in die Kammer eindringt.<\/p>","protected":false},"featured_media":149873,"template":"","meta":{"_acf_changed":false},"product_brand":[],"product_cat":[4747,3373],"product_tag":[],"class_list":{"0":"post-149874","1":"product","2":"type-product","3":"status-publish","4":"has-post-thumbnail","6":"product_cat-65-serien","7":"product_cat-rokdetektorer","8":"pa_brands-apollo-fire-detectors","9":"tm-no-options","11":"first","12":"outofstock","13":"sale","14":"taxable","15":"shipping-taxable","16":"purchasable","17":"product-type-simple"},"acf":[],"_links":{"self":[{"href":"https:\/\/secureus.se\/de\/wp-json\/wp\/v2\/product\/149874","targetHints":{"allow":["GET"]}}],"collection":[{"href":"https:\/\/secureus.se\/de\/wp-json\/wp\/v2\/product"}],"about":[{"href":"https:\/\/secureus.se\/de\/wp-json\/wp\/v2\/types\/product"}],"wp:featuredmedia":[{"embeddable":true,"href":"https:\/\/secureus.se\/de\/wp-json\/wp\/v2\/media\/149873"}],"wp:attachment":[{"href":"https:\/\/secureus.se\/de\/wp-json\/wp\/v2\/media?parent=149874"}],"wp:term":[{"taxonomy":"product_brand","embeddable":true,"href":"https:\/\/secureus.se\/de\/wp-json\/wp\/v2\/product_brand?post=149874"},{"taxonomy":"product_cat","embeddable":true,"href":"https:\/\/secureus.se\/de\/wp-json\/wp\/v2\/product_cat?post=149874"},{"taxonomy":"product_tag","embeddable":true,"href":"https:\/\/secureus.se\/de\/wp-json\/wp\/v2\/product_tag?post=149874"}],"curies":[{"name":"wp","href":"https:\/\/api.w.org\/{rel}","templated":true}]}}