{"id":149876,"date":"2025-04-03T14:19:27","date_gmt":"2025-04-03T12:19:27","guid":{"rendered":"https:\/\/secureus.se\/apollo-55000-137apo-65-series-cs-varmedetektor-vit\/"},"modified":"2026-04-09T11:23:45","modified_gmt":"2026-04-09T09:23:45","slug":"apollo-55000-137apo-65-series-cs-varmedetektor-vit","status":"publish","type":"product","link":"https:\/\/secureus.se\/de\/apollo-55000-137apo-65-series-cs-varmedetektor-vit\/","title":{"rendered":"Apollo 55000-137APO 65 Serie, CS W\u00e4rmemelder, wei\u00df"},"content":{"rendered":"<h1>Apollo 55000-137APO 65 Serie, CS W\u00e4rmemelder, wei\u00df<\/h1>\n<p class=\"\" data-start=\"453\" data-end=\"821\">Der W\u00e4rmemelder Apollo 55000-137APO 65 Series CS verwendet ein NTC-Thermistornetzwerk zur Temperatur\u00fcberwachung und liefert eine Spannungsausgabe proportional zur Au\u00dfenlufttemperatur.<\/p>\n<p class=\"\" data-start=\"453\" data-end=\"821\">Es eignet sich perfekt f\u00fcr Anwendungen, bei denen Rauchmelder nicht verwendet werden k\u00f6nnen, beispielsweise in schmutzigen oder rauchigen Umgebungen, in denen solche Melder Fehlalarme ausl\u00f6sen k\u00f6nnen.<\/p>\n<p class=\"\" data-start=\"823\" data-end=\"1197\">Es verf\u00fcgt \u00fcber einen breiten Betriebsspannungsbereich von 9\u201333 V DC und kann in verschiedenen Umgebungen eingesetzt werden, einschlie\u00dflich Umgebungen mit hoher Luftfeuchtigkeit (0%\u201395% RH) und \u00fcberall dort, wo eine zuverl\u00e4ssige Temperatur\u00fcberwachung erforderlich ist.<\/p>\n<p class=\"\" data-start=\"823\" data-end=\"1197\">Die CS-Version verf\u00fcgt \u00fcber einen einzelnen NTC-Thermistor f\u00fcr eine schnellere und effizientere Temperaturmessung. Der W\u00e4rmemelder verf\u00fcgt au\u00dferdem \u00fcber die Schutzart IP54 und ist daher sowohl f\u00fcr den Einsatz im Innen- als auch im Au\u00dfenbereich in raueren Umgebungen geeignet.<\/p>\n<p class=\"\" data-start=\"1199\" data-end=\"1219\"><strong data-start=\"1199\" data-end=\"1218\">Spezifikationen<\/strong>:<\/p>\n<ul data-start=\"1220\" data-end=\"1705\">\n<li class=\"\" data-start=\"1220\" data-end=\"1246\">\n<p class=\"\" data-start=\"1222\" data-end=\"1246\"><strong data-start=\"1222\" data-end=\"1236\">Stromquelle<\/strong>: 9\u201333 V DC<\/p>\n<\/li>\n<li class=\"\" data-start=\"1247\" data-end=\"1274\">\n<p class=\"\" data-start=\"1249\" data-end=\"1274\"><strong data-start=\"1249\" data-end=\"1257\">Messen<\/strong>: \u00d8100mm x 42mm<\/p>\n<\/li>\n<li class=\"\" data-start=\"1275\" data-end=\"1291\">\n<p class=\"\" data-start=\"1277\" data-end=\"1291\"><strong data-start=\"1277\" data-end=\"1285\">Gewicht<\/strong>: 80 g<\/p>\n<\/li>\n<li class=\"\" data-start=\"1292\" data-end=\"1307\">\n<p class=\"\" data-start=\"1294\" data-end=\"1307\"><strong data-start=\"1294\" data-end=\"1302\">Malen<\/strong>: Wei\u00df<\/p>\n<\/li>\n<li class=\"\" data-start=\"1308\" data-end=\"1394\">\n<p class=\"\" data-start=\"1310\" data-end=\"1394\"><strong data-start=\"1310\" data-end=\"1324\">Temperatur<\/strong>: A1R: \u201320 \u00b0C bis +50 \u00b0C, BR: \u201320 \u00b0C bis +65 \u00b0C, CS\/CR: \u201320 \u00b0C bis +80 \u00b0C<\/p>\n<\/li>\n<li class=\"\" data-start=\"1395\" data-end=\"1458\">\n<p class=\"\" data-start=\"1397\" data-end=\"1458\"><strong data-start=\"1397\" data-end=\"1410\">Luftfeuchtigkeit<\/strong>: 0% bis 95% RH (ohne Kondensation oder Vereisung)<\/p>\n<\/li>\n<li class=\"\" data-start=\"1459\" data-end=\"1479\">\n<p class=\"\" data-start=\"1461\" data-end=\"1479\"><strong data-start=\"1461\" data-end=\"1473\">IP-Klasse<\/strong>: IP54<\/p>\n<\/li>\n<li class=\"\" data-start=\"1480\" data-end=\"1519\">\n<p class=\"\" data-start=\"1482\" data-end=\"1519\"><strong data-start=\"1482\" data-end=\"1493\">Garantie<\/strong>: Eingeschr\u00e4nkte 10-Jahres-Garantie<\/p>\n<\/li>\n<li class=\"\" data-start=\"1520\" data-end=\"1571\">\n<p class=\"\" data-start=\"1522\" data-end=\"1571\"><strong data-start=\"1522\" data-end=\"1540\">Kompatibilit\u00e4t<\/strong>: Sockel der Serien 60 und 65<\/p>\n<\/li>\n<li class=\"\" data-start=\"1572\" data-end=\"1603\">\n<p class=\"\" data-start=\"1574\" data-end=\"1603\"><strong data-start=\"1574\" data-end=\"1595\">Anschlusstechnik<\/strong>: Gewinde<\/p>\n<\/li>\n<li class=\"\" data-start=\"1604\" data-end=\"1705\">\n<p class=\"\" data-start=\"1606\" data-end=\"1705\"><strong data-start=\"1606\" data-end=\"1618\">Vorteile<\/strong>: Ideal f\u00fcr Umgebungen, in denen Rauchmelder nicht geeignet sind, schmutzige oder rauchige Bereiche<\/p>\n<\/li>\n<\/ul>\n<p>&nbsp;<\/p>","protected":false},"excerpt":{"rendered":"<p>Der W\u00e4rmemelder Apollo 55000-137APO 65 Series CS ist ein zuverl\u00e4ssiger Detektor zur Temperatur\u00fcberwachung mithilfe eines NTC-Thermistornetzwerks.<\/p>\n<p>Es eignet sich ideal f\u00fcr den Einsatz in Umgebungen, in denen Rauchmelder ungeeignet sind, beispielsweise in schmutzigen oder verrauchten Bereichen.<\/p>\n<p>Es verf\u00fcgt \u00fcber einen breiten Betriebsspannungsbereich und erf\u00fcllt internationale Sicherheitsstandards.<\/p>","protected":false},"featured_media":149875,"template":"","meta":{"_acf_changed":false},"product_brand":[],"product_cat":[4747,4157],"product_tag":[],"class_list":{"0":"post-149876","1":"product","2":"type-product","3":"status-publish","4":"has-post-thumbnail","6":"product_cat-65-serien","7":"product_cat-varmedetektor","8":"pa_brands-apollo-fire-detectors","9":"tm-no-options","11":"first","12":"instock","13":"sale","14":"taxable","15":"shipping-taxable","16":"purchasable","17":"product-type-simple"},"acf":[],"_links":{"self":[{"href":"https:\/\/secureus.se\/de\/wp-json\/wp\/v2\/product\/149876","targetHints":{"allow":["GET"]}}],"collection":[{"href":"https:\/\/secureus.se\/de\/wp-json\/wp\/v2\/product"}],"about":[{"href":"https:\/\/secureus.se\/de\/wp-json\/wp\/v2\/types\/product"}],"wp:featuredmedia":[{"embeddable":true,"href":"https:\/\/secureus.se\/de\/wp-json\/wp\/v2\/media\/149875"}],"wp:attachment":[{"href":"https:\/\/secureus.se\/de\/wp-json\/wp\/v2\/media?parent=149876"}],"wp:term":[{"taxonomy":"product_brand","embeddable":true,"href":"https:\/\/secureus.se\/de\/wp-json\/wp\/v2\/product_brand?post=149876"},{"taxonomy":"product_cat","embeddable":true,"href":"https:\/\/secureus.se\/de\/wp-json\/wp\/v2\/product_cat?post=149876"},{"taxonomy":"product_tag","embeddable":true,"href":"https:\/\/secureus.se\/de\/wp-json\/wp\/v2\/product_tag?post=149876"}],"curies":[{"name":"wp","href":"https:\/\/api.w.org\/{rel}","templated":true}]}}