{"id":149878,"date":"2025-04-03T14:19:26","date_gmt":"2025-04-03T12:19:26","guid":{"rendered":"https:\/\/secureus.se\/apollo-55000-136apo-65-series-cs-varmedetektor-med-blinkande-led-vit\/"},"modified":"2026-04-23T13:12:19","modified_gmt":"2026-04-23T11:12:19","slug":"apollo-55000-136apo-65-series-cs-varmedetektor-med-blinkande-led-vit","status":"publish","type":"product","link":"https:\/\/secureus.se\/de\/apollo-55000-136apo-65-series-cs-varmedetektor-med-blinkande-led-vit\/","title":{"rendered":"Apollo 55000-136APO 65 Serie, CS W\u00e4rmemelder mit blinkender LED, wei\u00df"},"content":{"rendered":"<h1>Apollo 55000-136APO 65 Serie, CS W\u00e4rmemelder mit blinkender LED, wei\u00df<\/h1>\n<p class=\"\" data-start=\"416\" data-end=\"813\">Der W\u00e4rmemelder Apollo 55000-136APO 65 Series CS mit blinkender LED verwendet ein fortschrittliches Thermistornetzwerk, um die Lufttemperatur zu \u00fcberwachen und bei einem pl\u00f6tzlichen Temperaturanstieg einen Alarm auszul\u00f6sen.<\/p>\n<p class=\"\" data-start=\"416\" data-end=\"813\">Der Melder ist f\u00fcr den Einsatz in Umgebungen konzipiert, in denen herk\u00f6mmliche Rauchmelder nicht eingesetzt werden k\u00f6nnen, beispielsweise in Bereichen, die unter nat\u00fcrlichen Bedingungen verraucht oder schmutzig sind.<\/p>\n<p class=\"\" data-start=\"815\" data-end=\"1214\">Er ist mit einer integrierten LED ausgestattet, die blinkt, wenn sich der Melder im Ruhemodus befindet und im Alarmfall aufleuchtet. Durch die breite Betriebsspannung (9\u201333 V DC) ist es mit einer Vielzahl von Systemen kompatibel.<\/p>\n<p class=\"\" data-start=\"815\" data-end=\"1214\">Das Geh\u00e4usematerial besteht aus wei\u00dfem Polycarbonat, das sowohl f\u00fcr Stabilit\u00e4t als auch f\u00fcr Farbstabilit\u00e4t sorgt. Der Detektor ist au\u00dferdem IP54-zertifiziert und funktioniert effektiv unter verschiedenen Temperatur- und Feuchtigkeitsbedingungen (0% bis 95% RH).<\/p>\n<p class=\"\" data-start=\"1216\" data-end=\"1395\">Mit seiner bew\u00e4hrten Leistung und langen Haltbarkeit (10 Jahre Garantie) ist dieser Detektor eine ausgezeichnete Wahl f\u00fcr die Temperatur\u00fcberwachung in Anwendungen, f\u00fcr die Rauchmelder nicht geeignet sind.<\/p>\n<p class=\"\" data-start=\"1397\" data-end=\"1417\"><strong data-start=\"1397\" data-end=\"1416\">Spezifikationen<\/strong>:<\/p>\n<ul data-start=\"1418\" data-end=\"1778\">\n<li class=\"\" data-start=\"1418\" data-end=\"1444\">\n<p class=\"\" data-start=\"1420\" data-end=\"1444\"><strong data-start=\"1420\" data-end=\"1434\">Stromquelle<\/strong>: 9\u201333 V DC<\/p>\n<\/li>\n<li class=\"\" data-start=\"1445\" data-end=\"1472\">\n<p class=\"\" data-start=\"1447\" data-end=\"1472\"><strong data-start=\"1447\" data-end=\"1455\">Messen<\/strong>: \u00d8100mm x 42mm<\/p>\n<\/li>\n<li class=\"\" data-start=\"1473\" data-end=\"1489\">\n<p class=\"\" data-start=\"1475\" data-end=\"1489\"><strong data-start=\"1475\" data-end=\"1483\">Gewicht<\/strong>: 80 g<\/p>\n<\/li>\n<li class=\"\" data-start=\"1490\" data-end=\"1505\">\n<p class=\"\" data-start=\"1492\" data-end=\"1505\"><strong data-start=\"1492\" data-end=\"1500\">Malen<\/strong>: Wei\u00df<\/p>\n<\/li>\n<li class=\"\" data-start=\"1506\" data-end=\"1540\">\n<p class=\"\" data-start=\"1508\" data-end=\"1540\"><strong data-start=\"1508\" data-end=\"1522\">Temperatur<\/strong>: \u201320\u00b0C bis +60\u00b0C<\/p>\n<\/li>\n<li class=\"\" data-start=\"1541\" data-end=\"1604\">\n<p class=\"\" data-start=\"1543\" data-end=\"1604\"><strong data-start=\"1543\" data-end=\"1556\">Luftfeuchtigkeit<\/strong>: 0% bis 95% RH (ohne Kondensation oder Vereisung)<\/p>\n<\/li>\n<li class=\"\" data-start=\"1605\" data-end=\"1625\">\n<p class=\"\" data-start=\"1607\" data-end=\"1625\"><strong data-start=\"1607\" data-end=\"1619\">IP-Klasse<\/strong>: IP54<\/p>\n<\/li>\n<li class=\"\" data-start=\"1626\" data-end=\"1665\">\n<p class=\"\" data-start=\"1628\" data-end=\"1665\"><strong data-start=\"1628\" data-end=\"1639\">Garantie<\/strong>: Eingeschr\u00e4nkte 10-Jahres-Garantie<\/p>\n<\/li>\n<li class=\"\" data-start=\"1666\" data-end=\"1694\">\n<p class=\"\" data-start=\"1668\" data-end=\"1694\"><strong data-start=\"1668\" data-end=\"1680\">Material<\/strong>: Polycarbonat<\/p>\n<\/li>\n<li class=\"\" data-start=\"1695\" data-end=\"1746\">\n<p class=\"\" data-start=\"1697\" data-end=\"1746\"><strong data-start=\"1697\" data-end=\"1715\">Kompatibilit\u00e4t<\/strong>: Sockel der Serien 60 und 65<\/p>\n<\/li>\n<li class=\"\" data-start=\"1747\" data-end=\"1778\">\n<p class=\"\" data-start=\"1749\" data-end=\"1778\"><strong data-start=\"1749\" data-end=\"1770\">Anschlusstechnik<\/strong>: Gewinde<\/p>\n<\/li>\n<\/ul>","protected":false},"excerpt":{"rendered":"<p>Der W\u00e4rmemelder Apollo 55000-136APO 65 Series CS mit blinkender LED ist ideal f\u00fcr Umgebungen, in denen Rauchmelder ungeeignet sind, wie etwa schmutzige oder rauchige Bereiche.<\/p>\n<p>Mit einem breiten Betriebsspannungsbereich und bew\u00e4hrter Erkennungsleistung gew\u00e4hrleistet dieser Detektor eine zuverl\u00e4ssige Temperatur\u00fcberwachung.<\/p>","protected":false},"featured_media":149877,"template":"","meta":{"_acf_changed":false},"product_brand":[],"product_cat":[4747,4157],"product_tag":[],"class_list":{"0":"post-149878","1":"product","2":"type-product","3":"status-publish","4":"has-post-thumbnail","6":"product_cat-65-serien","7":"product_cat-varmedetektor","8":"pa_brands-apollo-fire-detectors","9":"tm-no-options","11":"first","12":"instock","13":"sale","14":"taxable","15":"shipping-taxable","16":"purchasable","17":"product-type-simple"},"acf":[],"_links":{"self":[{"href":"https:\/\/secureus.se\/de\/wp-json\/wp\/v2\/product\/149878","targetHints":{"allow":["GET"]}}],"collection":[{"href":"https:\/\/secureus.se\/de\/wp-json\/wp\/v2\/product"}],"about":[{"href":"https:\/\/secureus.se\/de\/wp-json\/wp\/v2\/types\/product"}],"wp:featuredmedia":[{"embeddable":true,"href":"https:\/\/secureus.se\/de\/wp-json\/wp\/v2\/media\/149877"}],"wp:attachment":[{"href":"https:\/\/secureus.se\/de\/wp-json\/wp\/v2\/media?parent=149878"}],"wp:term":[{"taxonomy":"product_brand","embeddable":true,"href":"https:\/\/secureus.se\/de\/wp-json\/wp\/v2\/product_brand?post=149878"},{"taxonomy":"product_cat","embeddable":true,"href":"https:\/\/secureus.se\/de\/wp-json\/wp\/v2\/product_cat?post=149878"},{"taxonomy":"product_tag","embeddable":true,"href":"https:\/\/secureus.se\/de\/wp-json\/wp\/v2\/product_tag?post=149878"}],"curies":[{"name":"wp","href":"https:\/\/api.w.org\/{rel}","templated":true}]}}