{"id":149880,"date":"2025-04-03T14:19:25","date_gmt":"2025-04-03T12:19:25","guid":{"rendered":"https:\/\/secureus.se\/apollo-55000-127apo-65-series-br-varmedetektor-vit\/"},"modified":"2026-04-23T13:12:19","modified_gmt":"2026-04-23T11:12:19","slug":"apollo-55000-127apo-65-series-br-varmedetektor-vit","status":"publish","type":"product","link":"https:\/\/secureus.se\/de\/apollo-55000-127apo-65-series-br-varmedetektor-vit\/","title":{"rendered":"Apollo 55000-127APO 65 Serie, BR W\u00e4rmemelder, wei\u00df"},"content":{"rendered":"<h1>Apollo 55000-127APO 65 Serie, BR W\u00e4rmemelder, wei\u00df<\/h1>\n<p class=\"\" data-start=\"358\" data-end=\"887\">Der W\u00e4rmemelder Apollo 55000-127APO 65 Series BR ist f\u00fcr die \u00dcberwachung der Lufttemperatur \u00fcber ein duales Thermistornetzwerk konzipiert. Dieses Netzwerk liefert eine Spannungsausgabe, die proportional zur Au\u00dfenlufttemperatur ist, sodass der Detektor auf schnelle Temperaturanstiege reagieren kann. Es ist besonders n\u00fctzlich in Umgebungen, in denen Rauchmelder nicht effektiv eingesetzt werden k\u00f6nnen, beispielsweise in schmutzigen oder verrauchten Bereichen. Durch die breite Betriebsspannung von 9\u201333 V ist es mit einer Vielzahl von Systemen kompatibel.<\/p>\n<p class=\"\" data-start=\"889\" data-end=\"909\"><strong data-start=\"889\" data-end=\"908\">Spezifikationen<\/strong>:<\/p>\n<ul data-start=\"910\" data-end=\"1241\">\n<li class=\"\" data-start=\"910\" data-end=\"936\">\n<p class=\"\" data-start=\"912\" data-end=\"936\"><strong data-start=\"912\" data-end=\"926\">Stromquelle<\/strong>: 9\u201333 V DC<\/p>\n<\/li>\n<li class=\"\" data-start=\"937\" data-end=\"964\">\n<p class=\"\" data-start=\"939\" data-end=\"964\"><strong data-start=\"939\" data-end=\"947\">Messen<\/strong>: \u00d8100mm x 42mm<\/p>\n<\/li>\n<li class=\"\" data-start=\"965\" data-end=\"981\">\n<p class=\"\" data-start=\"967\" data-end=\"981\"><strong data-start=\"967\" data-end=\"975\">Gewicht<\/strong>: 80 g<\/p>\n<\/li>\n<li class=\"\" data-start=\"982\" data-end=\"997\">\n<p class=\"\" data-start=\"984\" data-end=\"997\"><strong data-start=\"984\" data-end=\"992\">Malen<\/strong>: Wei\u00df<\/p>\n<\/li>\n<li class=\"\" data-start=\"998\" data-end=\"1032\">\n<p class=\"\" data-start=\"1000\" data-end=\"1032\"><strong data-start=\"1000\" data-end=\"1014\">Temperatur<\/strong>: \u201320\u00b0C bis +65\u00b0C<\/p>\n<\/li>\n<li class=\"\" data-start=\"1033\" data-end=\"1096\">\n<p class=\"\" data-start=\"1035\" data-end=\"1096\"><strong data-start=\"1035\" data-end=\"1048\">Luftfeuchtigkeit<\/strong>: 0% bis 95% RH (ohne Kondensation oder Vereisung)<\/p>\n<\/li>\n<li class=\"\" data-start=\"1097\" data-end=\"1117\">\n<p class=\"\" data-start=\"1099\" data-end=\"1117\"><strong data-start=\"1099\" data-end=\"1111\">IP-Klasse<\/strong>: IP54<\/p>\n<\/li>\n<li class=\"\" data-start=\"1118\" data-end=\"1157\">\n<p class=\"\" data-start=\"1120\" data-end=\"1157\"><strong data-start=\"1120\" data-end=\"1131\">Garantie<\/strong>: Eingeschr\u00e4nkte 10-Jahres-Garantie<\/p>\n<\/li>\n<li class=\"\" data-start=\"1158\" data-end=\"1209\">\n<p class=\"\" data-start=\"1160\" data-end=\"1209\"><strong data-start=\"1160\" data-end=\"1178\">Kompatibilit\u00e4t<\/strong>: Sockel der Serien 60 und 65<\/p>\n<\/li>\n<li class=\"\" data-start=\"1210\" data-end=\"1241\">\n<p class=\"\" data-start=\"1212\" data-end=\"1241\"><strong data-start=\"1212\" data-end=\"1233\">Anschlusstechnik<\/strong>: Gewinde<\/p>\n<\/li>\n<\/ul>","protected":false},"excerpt":{"rendered":"<p>Der W\u00e4rmemelder Apollo 55000-127APO 65 Series BR eignet sich ideal f\u00fcr den Einsatz in Bereichen, in denen Rauchmelder ungeeignet sind, beispielsweise in schmutzigen oder rauchigen Umgebungen.<\/p>\n<p>Es verwendet ein duales Thermistornetzwerk zur Temperatur\u00fcberwachung und verf\u00fcgt \u00fcber einen breiten Betriebsspannungsbereich.<\/p>","protected":false},"featured_media":149879,"template":"","meta":{"_acf_changed":false},"product_brand":[],"product_cat":[4747,4157],"product_tag":[],"class_list":{"0":"post-149880","1":"product","2":"type-product","3":"status-publish","4":"has-post-thumbnail","6":"product_cat-65-serien","7":"product_cat-varmedetektor","8":"pa_brands-apollo-fire-detectors","9":"tm-no-options","11":"first","12":"instock","13":"taxable","14":"shipping-taxable","15":"purchasable","16":"product-type-simple"},"acf":[],"_links":{"self":[{"href":"https:\/\/secureus.se\/de\/wp-json\/wp\/v2\/product\/149880","targetHints":{"allow":["GET"]}}],"collection":[{"href":"https:\/\/secureus.se\/de\/wp-json\/wp\/v2\/product"}],"about":[{"href":"https:\/\/secureus.se\/de\/wp-json\/wp\/v2\/types\/product"}],"wp:featuredmedia":[{"embeddable":true,"href":"https:\/\/secureus.se\/de\/wp-json\/wp\/v2\/media\/149879"}],"wp:attachment":[{"href":"https:\/\/secureus.se\/de\/wp-json\/wp\/v2\/media?parent=149880"}],"wp:term":[{"taxonomy":"product_brand","embeddable":true,"href":"https:\/\/secureus.se\/de\/wp-json\/wp\/v2\/product_brand?post=149880"},{"taxonomy":"product_cat","embeddable":true,"href":"https:\/\/secureus.se\/de\/wp-json\/wp\/v2\/product_cat?post=149880"},{"taxonomy":"product_tag","embeddable":true,"href":"https:\/\/secureus.se\/de\/wp-json\/wp\/v2\/product_tag?post=149880"}],"curies":[{"name":"wp","href":"https:\/\/api.w.org\/{rel}","templated":true}]}}