{"id":149882,"date":"2025-04-03T14:19:23","date_gmt":"2025-04-03T12:19:23","guid":{"rendered":"https:\/\/secureus.se\/apollo-29600-458-intelligent-basmonterad-flamdetektor-med-monteringsbox-for-dackhuvud\/"},"modified":"2026-04-09T11:24:00","modified_gmt":"2026-04-09T09:24:00","slug":"apollo-29600-458-intelligent-basmonterad-flamdetektor-med-monteringsbox-for-dackhuvud","status":"publish","type":"product","link":"https:\/\/secureus.se\/de\/apollo-29600-458-intelligent-basmonterad-flamdetektor-med-monteringsbox-for-dackhuvud\/","title":{"rendered":"Apollo 29600-458 Intelligenter Flammenmelder zur Sockelmontage mit Deckkopf-Montagebox"},"content":{"rendered":"<h1>Apollo 29600-458 Intelligenter Flammenmelder zur Sockelmontage mit Deckkopf-Montagebox<\/h1>\n<p class=\"\" data-start=\"378\" data-end=\"778\">Der Apollo 29600-458 ist ein intelligenter, auf der Basis montierter Flammenmelder, der eine robuste Halterung und eine f\u00fcr Decksk\u00f6pfe konzipierte Montagebox umfasst.<\/p>\n<p class=\"\" data-start=\"378\" data-end=\"778\">Dieser Flammenmelder ist f\u00fcr die schnelle und effektive Erkennung von Feuer durch die Erkennung von Flammensignaturen konzipiert.<\/p>\n<p class=\"\" data-start=\"378\" data-end=\"778\">Es wird h\u00e4ufig in industriellen und gewerblichen Anwendungen eingesetzt, bei denen schnell auf Feuer reagiert werden muss.<\/p>\n<p class=\"\" data-start=\"780\" data-end=\"1127\">Zu den unterst\u00fctzten Ger\u00e4ten z\u00e4hlen insbesondere Flammenmelder. Es ist wichtig zu beachten, dass die interne Montagebasis separat verkauft wird.<\/p>\n<p class=\"\" data-start=\"780\" data-end=\"1127\">Es besteht aus rostfreiem Stahl und gew\u00e4hrleistet so eine lange Haltbarkeit und Korrosionsbest\u00e4ndigkeit in rauen Umgebungen.<\/p>\n<p class=\"\" data-start=\"780\" data-end=\"1127\">Au\u00dferdem verf\u00fcgt es \u00fcber das CE-Zeichen, das die Einhaltung europ\u00e4ischer Sicherheitsstandards gew\u00e4hrleistet.<\/p>\n<p class=\"\" data-start=\"1129\" data-end=\"1149\"><strong data-start=\"1129\" data-end=\"1148\">Spezifikationen<\/strong>:<\/p>\n<ul data-start=\"1150\" data-end=\"1357\">\n<li class=\"\" data-start=\"1150\" data-end=\"1180\">\n<p class=\"\" data-start=\"1152\" data-end=\"1180\"><strong data-start=\"1152\" data-end=\"1164\">Material<\/strong>: Edelstahl<\/p>\n<\/li>\n<li class=\"\" data-start=\"1181\" data-end=\"1196\">\n<p class=\"\" data-start=\"1183\" data-end=\"1196\"><strong data-start=\"1183\" data-end=\"1191\">Malen<\/strong>: Grau<\/p>\n<\/li>\n<li class=\"\" data-start=\"1197\" data-end=\"1234\">\n<p class=\"\" data-start=\"1199\" data-end=\"1234\"><strong data-start=\"1199\" data-end=\"1220\">Unterst\u00fctzte Ger\u00e4te<\/strong>: Flammenmelder<\/p>\n<\/li>\n<li class=\"\" data-start=\"1235\" data-end=\"1266\">\n<p class=\"\" data-start=\"1237\" data-end=\"1266\"><strong data-start=\"1237\" data-end=\"1253\">Zertifizierung<\/strong>: CE-Kennzeichnung<\/p>\n<\/li>\n<li class=\"\" data-start=\"1267\" data-end=\"1301\">\n<p class=\"\" data-start=\"1269\" data-end=\"1301\"><strong data-start=\"1269\" data-end=\"1286\">Montagebox<\/strong>: F\u00fcr Reifenkopf<\/p>\n<\/li>\n<li class=\"\" data-start=\"1302\" data-end=\"1357\">\n<p class=\"\" data-start=\"1304\" data-end=\"1357\"><strong data-start=\"1304\" data-end=\"1321\">Montagesockel<\/strong>: Interne Montagebasis separat erh\u00e4ltlich<\/p>\n<\/li>\n<\/ul>","protected":false},"excerpt":{"rendered":"<p>Der intelligente Flammenmelder Apollo 29600-458 zur Sockelmontage wird mit einer Halterung und einer Deckenmontagebox geliefert und eignet sich perfekt f\u00fcr den Einsatz in industriellen Umgebungen, in denen die Flammenerkennung von entscheidender Bedeutung ist.<\/p>\n<p>Die Montagebasis ist separat erh\u00e4ltlich.<\/p>","protected":false},"featured_media":149881,"template":"","meta":{"_acf_changed":false},"product_brand":[],"product_cat":[4747],"product_tag":[],"class_list":{"0":"post-149882","1":"product","2":"type-product","3":"status-publish","4":"has-post-thumbnail","6":"product_cat-65-serien","7":"pa_brands-apollo-fire-detectors","8":"tm-no-options","10":"first","11":"instock","12":"taxable","13":"shipping-taxable","14":"purchasable","15":"product-type-simple"},"acf":[],"_links":{"self":[{"href":"https:\/\/secureus.se\/de\/wp-json\/wp\/v2\/product\/149882","targetHints":{"allow":["GET"]}}],"collection":[{"href":"https:\/\/secureus.se\/de\/wp-json\/wp\/v2\/product"}],"about":[{"href":"https:\/\/secureus.se\/de\/wp-json\/wp\/v2\/types\/product"}],"wp:featuredmedia":[{"embeddable":true,"href":"https:\/\/secureus.se\/de\/wp-json\/wp\/v2\/media\/149881"}],"wp:attachment":[{"href":"https:\/\/secureus.se\/de\/wp-json\/wp\/v2\/media?parent=149882"}],"wp:term":[{"taxonomy":"product_brand","embeddable":true,"href":"https:\/\/secureus.se\/de\/wp-json\/wp\/v2\/product_brand?post=149882"},{"taxonomy":"product_cat","embeddable":true,"href":"https:\/\/secureus.se\/de\/wp-json\/wp\/v2\/product_cat?post=149882"},{"taxonomy":"product_tag","embeddable":true,"href":"https:\/\/secureus.se\/de\/wp-json\/wp\/v2\/product_tag?post=149882"}],"curies":[{"name":"wp","href":"https:\/\/api.w.org\/{rel}","templated":true}]}}