{"id":149886,"date":"2025-04-03T14:19:22","date_gmt":"2025-04-03T12:19:22","guid":{"rendered":"https:\/\/secureus.se\/apollo-53546-021apo-monteringslada-for-kanaldetektor-s-65\/"},"modified":"2026-05-06T14:05:34","modified_gmt":"2026-05-06T12:05:34","slug":"apollo-53546-021apo-monteringslada-for-kanaldetektor-s-65","status":"publish","type":"product","link":"https:\/\/secureus.se\/de\/apollo-53546-021apo-monteringslada-for-kanaldetektor-s-65\/","title":{"rendered":"Apollo 53546-021APO Montagebox f\u00fcr Kanalmelder S 65"},"content":{"rendered":"<h1>Apollo 53546-021APO Montagebox f\u00fcr Kanalmelder S 65<\/h1>\n<p class=\"\" data-start=\"439\" data-end=\"882\">Die Apollo 53546-021APO Kanalmelder-Montagebox S 65 ist f\u00fcr die Verwendung mit Meldern der Serien 65 oder Orbis konzipiert und bietet eine zuverl\u00e4ssige L\u00f6sung zur Erkennung von Rauch im Luftstrom durch HLK-Systeme in gewerblichen und industriellen Umgebungen.<\/p>\n<p class=\"\" data-start=\"439\" data-end=\"882\">Die Montagebox erm\u00f6glicht eine fr\u00fchzeitige Raucherkennung und verhindert die R\u00fcckstr\u00f6mung von Rauch aus einem Brandbereich in andere, nicht vom Brand betroffene Geb\u00e4udeteile.<\/p>\n<p class=\"\" data-start=\"884\" data-end=\"1189\">Der integrierte Rauchtestanschluss erleichtert die \u00dcberpr\u00fcfung der Melderfunktion und die transparente Abdeckung bietet visuellen Zugriff auf die LED des Melderkopfes.<\/p>\n<p class=\"\" data-start=\"884\" data-end=\"1189\">Die Montagebox ist f\u00fcr Luftgeschwindigkeiten von 0,5 m\/s bis 20 m\/s geeignet und bietet spannungsfreie Kontakte zur einfachen Integration in das System.<\/p>\n<p class=\"\" data-start=\"1191\" data-end=\"1211\"><strong data-start=\"1191\" data-end=\"1210\">Spezifikationen<\/strong>:<\/p>\n<ul data-start=\"1212\" data-end=\"1595\">\n<li class=\"\" data-start=\"1212\" data-end=\"1286\">\n<p class=\"\" data-start=\"1214\" data-end=\"1286\"><strong data-start=\"1214\" data-end=\"1232\">Kompatibilit\u00e4t<\/strong>: Zur Verwendung mit Detektoren der Serie 65 oder Orbis<\/p>\n<\/li>\n<li class=\"\" data-start=\"1287\" data-end=\"1339\">\n<p class=\"\" data-start=\"1289\" data-end=\"1339\"><strong data-start=\"1289\" data-end=\"1318\">Arbeiten bei Luftgeschwindigkeiten<\/strong>: 0,5 m\/s bis 20 m\/s<\/p>\n<\/li>\n<li class=\"\" data-start=\"1340\" data-end=\"1404\">\n<p class=\"\" data-start=\"1342\" data-end=\"1404\"><strong data-start=\"1342\" data-end=\"1350\">Deckel<\/strong>: Transparente Abdeckung zur Sicht auf die Detektorkopf-LED<\/p>\n<\/li>\n<li class=\"\" data-start=\"1405\" data-end=\"1450\">\n<p class=\"\" data-start=\"1407\" data-end=\"1450\"><strong data-start=\"1407\" data-end=\"1418\">Rauchtest<\/strong>: Integrierte \u00d6ffnung f\u00fcr Rauchtest<\/p>\n<\/li>\n<li class=\"\" data-start=\"1451\" data-end=\"1486\">\n<p class=\"\" data-start=\"1453\" data-end=\"1486\"><strong data-start=\"1453\" data-end=\"1466\">Kontakte<\/strong>: Spannungsfreie Kontakte<\/p>\n<\/li>\n<li class=\"\" data-start=\"1487\" data-end=\"1502\">\n<p class=\"\" data-start=\"1489\" data-end=\"1502\"><strong data-start=\"1489\" data-end=\"1497\">Malen<\/strong>: Grau<\/p>\n<\/li>\n<li class=\"\" data-start=\"1503\" data-end=\"1525\">\n<p class=\"\" data-start=\"1505\" data-end=\"1525\"><strong data-start=\"1505\" data-end=\"1521\">Produktserien<\/strong>: 65<\/p>\n<\/li>\n<li class=\"\" data-start=\"1526\" data-end=\"1566\">\n<p class=\"\" data-start=\"1528\" data-end=\"1566\"><strong data-start=\"1528\" data-end=\"1552\">Teilenummer des Herstellers<\/strong>: 53546-021APO<\/p>\n<\/li>\n<li class=\"\" data-start=\"1567\" data-end=\"1595\">\n<p class=\"\" data-start=\"1569\" data-end=\"1595\"><strong data-start=\"1569\" data-end=\"1582\">Warenzeichen<\/strong>: Apollo-Feuer<\/p>\n<\/li>\n<\/ul>","protected":false},"excerpt":{"rendered":"<p>Apollo 53546-021APO Montagebox f\u00fcr Kanalmelder S 65 wird zusammen mit Meldern der 65er-Serie oder Orbis verwendet, um Rauch in Heizungs- und L\u00fcftungskan\u00e4len (HLK) effektiv zu erkennen.<\/p>\n<p>Es verf\u00fcgt \u00fcber eine transparente Abdeckung zur Anzeige der LED am Detektorkopf und funktioniert bei Luftgeschwindigkeiten von 0,5 m\/s bis 20 m\/s.<\/p>","protected":false},"featured_media":149885,"template":"","meta":{"_acf_changed":false},"product_brand":[],"product_cat":[4747],"product_tag":[],"class_list":{"0":"post-149886","1":"product","2":"type-product","3":"status-publish","4":"has-post-thumbnail","6":"product_cat-65-serien","7":"pa_brands-apollo-fire-detectors","8":"tm-no-options","10":"first","11":"instock","12":"sale","13":"taxable","14":"shipping-taxable","15":"purchasable","16":"product-type-simple"},"acf":[],"_links":{"self":[{"href":"https:\/\/secureus.se\/de\/wp-json\/wp\/v2\/product\/149886","targetHints":{"allow":["GET"]}}],"collection":[{"href":"https:\/\/secureus.se\/de\/wp-json\/wp\/v2\/product"}],"about":[{"href":"https:\/\/secureus.se\/de\/wp-json\/wp\/v2\/types\/product"}],"wp:featuredmedia":[{"embeddable":true,"href":"https:\/\/secureus.se\/de\/wp-json\/wp\/v2\/media\/149885"}],"wp:attachment":[{"href":"https:\/\/secureus.se\/de\/wp-json\/wp\/v2\/media?parent=149886"}],"wp:term":[{"taxonomy":"product_brand","embeddable":true,"href":"https:\/\/secureus.se\/de\/wp-json\/wp\/v2\/product_brand?post=149886"},{"taxonomy":"product_cat","embeddable":true,"href":"https:\/\/secureus.se\/de\/wp-json\/wp\/v2\/product_cat?post=149886"},{"taxonomy":"product_tag","embeddable":true,"href":"https:\/\/secureus.se\/de\/wp-json\/wp\/v2\/product_tag?post=149886"}],"curies":[{"name":"wp","href":"https:\/\/api.w.org\/{rel}","templated":true}]}}