{"id":149888,"date":"2025-04-03T14:15:46","date_gmt":"2025-04-03T12:15:46","guid":{"rendered":"https:\/\/secureus.se\/apollo-58100-971mar-discovery-marine-manuell-anropspunkt-isolerande\/"},"modified":"2026-04-23T13:12:40","modified_gmt":"2026-04-23T11:12:40","slug":"apollo-58100-971mar-discovery-marine-manuell-anropspunkt-isolerande","status":"publish","type":"product","link":"https:\/\/secureus.se\/de\/apollo-58100-971mar-discovery-marine-manuell-anropspunkt-isolerande\/","title":{"rendered":"Apollo 58100-971MAR Discovery Marine Handfeuermelder, isolierend"},"content":{"rendered":"<h1>Apollo 58100-971MAR Discovery Marine Handfeuermelder, isolierend<\/h1>\n<p class=\"\" data-start=\"434\" data-end=\"805\">Der Apollo 58100-971MAR Discovery Marine Manual Call Point (MCP) ist Teil der Discovery-Serie und wurde speziell f\u00fcr den Einsatz in maritimen Innenanwendungen entwickelt.<\/p>\n<p class=\"\" data-start=\"434\" data-end=\"805\">Der Meldepunkt verf\u00fcgt \u00fcber einen Sieben-Segment-DIL-Schalter zur einfachen Adressierung w\u00e4hrend der Inbetriebnahme und verwendet einen schnellen Reaktionsmechanismus, der das normale Protokoll bei Aktivierung unterbricht.<\/p>\n<p class=\"\" data-start=\"807\" data-end=\"1177\">Es verf\u00fcgt \u00fcber eine zweifarbige LED-Anzeige, die den Isolations- und Normalzustand anzeigt, sowie eine rote LED, die aufleuchtet, wenn der Meldepunkt aktiviert ist.<\/p>\n<p class=\"\" data-start=\"807\" data-end=\"1177\">Um die Installation zu erleichtern, wird der Meldepunkt mit klemmbaren Anschlussbl\u00f6cken und einem Steckverbinder geliefert, der eine Durchgangspr\u00fcfung vor der Installation erm\u00f6glicht.<\/p>\n<p class=\"\" data-start=\"807\" data-end=\"1177\">Die isolierte Version des Melders zeigt auch einen Kurzschluss in der Verkabelung an.<\/p>\n<p class=\"\" data-start=\"1179\" data-end=\"1473\">Es wird mit einem r\u00fccksetzbaren Element betrieben und wird mit einer Backbox f\u00fcr die Aufputzmontage geliefert.<\/p>\n<p class=\"\" data-start=\"1179\" data-end=\"1473\">F\u00fcr zus\u00e4tzlichen Schutz kann ein transparenter Klappdeckel mit Verriegelungsetikett angebracht werden, um eine versehentliche Bedienung zu verhindern. Allerdings kann dies im verriegelten Zustand die Einhaltung einiger Normen beeintr\u00e4chtigen.<\/p>\n<p class=\"\" data-start=\"1475\" data-end=\"1495\"><strong data-start=\"1475\" data-end=\"1494\">Spezifikationen<\/strong>:<\/p>\n<ul data-start=\"1496\" data-end=\"1970\">\n<li class=\"\" data-start=\"1496\" data-end=\"1534\">\n<p class=\"\" data-start=\"1498\" data-end=\"1534\"><strong data-start=\"1498\" data-end=\"1512\">Stromquelle<\/strong>: 24 V DC, 5 V DC, 9 V DC<\/p>\n<\/li>\n<li class=\"\" data-start=\"1535\" data-end=\"1620\">\n<p class=\"\" data-start=\"1537\" data-end=\"1620\"><strong data-start=\"1537\" data-end=\"1551\">Funktionen<\/strong>: R\u00fccksetzbares Element, LED-Anzeige, Plug &amp; Play, Durchgangsbr\u00fccke<\/p>\n<\/li>\n<li class=\"\" data-start=\"1621\" data-end=\"1656\">\n<p class=\"\" data-start=\"1623\" data-end=\"1656\"><strong data-start=\"1623\" data-end=\"1650\">Maximale Betriebstemperatur<\/strong>: 60\u00b0C<\/p>\n<\/li>\n<li class=\"\" data-start=\"1657\" data-end=\"1693\">\n<p class=\"\" data-start=\"1659\" data-end=\"1693\"><strong data-start=\"1659\" data-end=\"1686\">Minimale Betriebstemperatur<\/strong>: \u201320\u00b0C<\/p>\n<\/li>\n<li class=\"\" data-start=\"1694\" data-end=\"1729\">\n<p class=\"\" data-start=\"1696\" data-end=\"1729\"><strong data-start=\"1696\" data-end=\"1704\">Messen<\/strong>: Breite 89 mm, Tiefe 60 mm<\/p>\n<\/li>\n<li class=\"\" data-start=\"1730\" data-end=\"1745\">\n<p class=\"\" data-start=\"1732\" data-end=\"1745\"><strong data-start=\"1732\" data-end=\"1740\">Malen<\/strong>: Rot<\/p>\n<\/li>\n<li class=\"\" data-start=\"1746\" data-end=\"1779\">\n<p class=\"\" data-start=\"1748\" data-end=\"1779\"><strong data-start=\"1748\" data-end=\"1760\">Material<\/strong>: ABS, Polycarbonat<\/p>\n<\/li>\n<li class=\"\" data-start=\"1780\" data-end=\"1827\">\n<p class=\"\" data-start=\"1782\" data-end=\"1827\"><strong data-start=\"1782\" data-end=\"1799\">Montageart<\/strong>: Unterputzmontage, Oberfl\u00e4chenmontage<\/p>\n<\/li>\n<li class=\"\" data-start=\"1828\" data-end=\"1867\">\n<p class=\"\" data-start=\"1830\" data-end=\"1867\"><strong data-start=\"1830\" data-end=\"1841\">Garantie<\/strong>: Eingeschr\u00e4nkte 10-Jahres-Garantie<\/p>\n<\/li>\n<li class=\"\" data-start=\"1868\" data-end=\"1905\">\n<p class=\"\" data-start=\"1870\" data-end=\"1905\"><strong data-start=\"1870\" data-end=\"1888\">Kompatibilit\u00e4t<\/strong>: Entdeckung, XP95<\/p>\n<\/li>\n<li class=\"\" data-start=\"1906\" data-end=\"1936\">\n<p class=\"\" data-start=\"1908\" data-end=\"1936\"><strong data-start=\"1908\" data-end=\"1926\">Zertifizierungen<\/strong>: CE-Kennzeichnung<\/p>\n<\/li>\n<li class=\"\" data-start=\"1937\" data-end=\"1970\">\n<p class=\"\" data-start=\"1939\" data-end=\"1970\"><strong data-start=\"1939\" data-end=\"1953\">Verwenden<\/strong>: Innenbereich, Meerwasser<\/p>\n<\/li>\n<\/ul>","protected":false},"excerpt":{"rendered":"<p>Der manuelle Meldepunkt Apollo 58100-971MAR Discovery Marine ist eine schnelle und zuverl\u00e4ssige L\u00f6sung zum Ausl\u00f6sen von Feueralarmen in maritimen Anwendungen.<\/p>\n<p>Es verf\u00fcgt \u00fcber \u201ePlug-and-Play\u201c-Anschlussverbindungen f\u00fcr eine einfache Installation, eine Durchgangsverbindung zur Kabelpr\u00fcfung und meldet einen Alarm in weniger als 0,2 Sekunden.<\/p>","protected":false},"featured_media":149887,"template":"","meta":{"_acf_changed":false},"product_brand":[],"product_cat":[4748],"product_tag":[],"class_list":{"0":"post-149888","1":"product","2":"type-product","3":"status-publish","4":"has-post-thumbnail","6":"product_cat-discovery-serien","7":"pa_brands-apollo-fire-detectors","8":"tm-no-options","10":"first","11":"instock","12":"taxable","13":"shipping-taxable","14":"purchasable","15":"product-type-simple"},"acf":[],"_links":{"self":[{"href":"https:\/\/secureus.se\/de\/wp-json\/wp\/v2\/product\/149888","targetHints":{"allow":["GET"]}}],"collection":[{"href":"https:\/\/secureus.se\/de\/wp-json\/wp\/v2\/product"}],"about":[{"href":"https:\/\/secureus.se\/de\/wp-json\/wp\/v2\/types\/product"}],"wp:featuredmedia":[{"embeddable":true,"href":"https:\/\/secureus.se\/de\/wp-json\/wp\/v2\/media\/149887"}],"wp:attachment":[{"href":"https:\/\/secureus.se\/de\/wp-json\/wp\/v2\/media?parent=149888"}],"wp:term":[{"taxonomy":"product_brand","embeddable":true,"href":"https:\/\/secureus.se\/de\/wp-json\/wp\/v2\/product_brand?post=149888"},{"taxonomy":"product_cat","embeddable":true,"href":"https:\/\/secureus.se\/de\/wp-json\/wp\/v2\/product_cat?post=149888"},{"taxonomy":"product_tag","embeddable":true,"href":"https:\/\/secureus.se\/de\/wp-json\/wp\/v2\/product_tag?post=149888"}],"curies":[{"name":"wp","href":"https:\/\/api.w.org\/{rel}","templated":true}]}}