{"id":149890,"date":"2025-04-03T14:19:21","date_gmt":"2025-04-03T12:19:21","guid":{"rendered":"https:\/\/secureus.se\/apollo-55000-122apo-65-serien-a1r-varmedetektor-vit\/"},"modified":"2026-04-23T13:12:33","modified_gmt":"2026-04-23T11:12:33","slug":"apollo-55000-122apo-65-serien-a1r-varmedetektor-vit","status":"publish","type":"product","link":"https:\/\/secureus.se\/de\/apollo-55000-122apo-65-serien-a1r-varmedetektor-vit\/","title":{"rendered":"Apollo 55000-122APO 65 Serie, A1R W\u00e4rmemelder, Wei\u00df"},"content":{"rendered":"<h1>Apollo 55000-122APO 65 Serie, A1R W\u00e4rmemelder, Wei\u00df<\/h1>\n<p class=\"\" data-start=\"389\" data-end=\"794\">Der W\u00e4rmemelder Apollo 55000-122APO 65 Series A1R ist f\u00fcr die \u00dcberwachung und Reaktion auf Temperaturanstiege in Umgebungen konzipiert, in denen die Raucherkennung nicht effektiv ist, beispielsweise in schmutzigen oder rauchigen Bereichen.<\/p>\n<p class=\"\" data-start=\"389\" data-end=\"794\">Es verwendet ein duales Thermistornetzwerk, um eine Spannungsausgabe bereitzustellen, die proportional zur Au\u00dfenlufttemperatur ist.<\/p>\n<p class=\"\" data-start=\"389\" data-end=\"794\">Bei einem schnellen Temperaturanstieg wird ein Alarm ausgel\u00f6st.<\/p>\n<p class=\"\" data-start=\"796\" data-end=\"1136\">Dieser Detektor eignet sich ideal f\u00fcr den Einsatz in gewerblichen und industriellen Umgebungen und bietet eine zuverl\u00e4ssige L\u00f6sung zur Erkennung von Temperatur\u00e4nderungen.<\/p>\n<p class=\"\" data-start=\"796\" data-end=\"1136\">Zur optischen Anzeige des Melderstatus sind auch Versionen mit blinkender LED erh\u00e4ltlich.<\/p>\n<p class=\"\" data-start=\"796\" data-end=\"1136\">Es verf\u00fcgt \u00fcber einen breiten Betriebsspannungsbereich und ist au\u00dferdem mit einer Reihe von Sockeln der 65er-Serie kompatibel.<\/p>\n<p class=\"\" data-start=\"1138\" data-end=\"1158\"><strong data-start=\"1138\" data-end=\"1157\">Spezifikationen<\/strong>:<\/p>\n<ul data-start=\"1159\" data-end=\"1531\">\n<li class=\"\" data-start=\"1159\" data-end=\"1185\">\n<p class=\"\" data-start=\"1161\" data-end=\"1185\"><strong data-start=\"1161\" data-end=\"1175\">Stromquelle<\/strong>: 9\u201333 V DC<\/p>\n<\/li>\n<li class=\"\" data-start=\"1186\" data-end=\"1213\">\n<p class=\"\" data-start=\"1188\" data-end=\"1213\"><strong data-start=\"1188\" data-end=\"1196\">Messen<\/strong>: \u00d8100mm x 42mm<\/p>\n<\/li>\n<li class=\"\" data-start=\"1214\" data-end=\"1230\">\n<p class=\"\" data-start=\"1216\" data-end=\"1230\"><strong data-start=\"1216\" data-end=\"1224\">Gewicht<\/strong>: 80 g<\/p>\n<\/li>\n<li class=\"\" data-start=\"1231\" data-end=\"1246\">\n<p class=\"\" data-start=\"1233\" data-end=\"1246\"><strong data-start=\"1233\" data-end=\"1241\">Malen<\/strong>: Wei\u00df<\/p>\n<\/li>\n<li class=\"\" data-start=\"1247\" data-end=\"1281\">\n<p class=\"\" data-start=\"1249\" data-end=\"1281\"><strong data-start=\"1249\" data-end=\"1263\">Temperatur<\/strong>: \u201320\u00b0C bis +50\u00b0C<\/p>\n<\/li>\n<li class=\"\" data-start=\"1282\" data-end=\"1339\">\n<p class=\"\" data-start=\"1284\" data-end=\"1339\"><strong data-start=\"1284\" data-end=\"1297\">Luftfeuchtigkeit<\/strong>: 0\u201395% RH (ohne Kondensation oder Vereisung)<\/p>\n<\/li>\n<li class=\"\" data-start=\"1340\" data-end=\"1360\">\n<p class=\"\" data-start=\"1342\" data-end=\"1360\"><strong data-start=\"1342\" data-end=\"1354\">IP-Klasse<\/strong>: IP54<\/p>\n<\/li>\n<li class=\"\" data-start=\"1361\" data-end=\"1400\">\n<p class=\"\" data-start=\"1363\" data-end=\"1400\"><strong data-start=\"1363\" data-end=\"1374\">Garantie<\/strong>: Eingeschr\u00e4nkte 10-Jahres-Garantie<\/p>\n<\/li>\n<li class=\"\" data-start=\"1401\" data-end=\"1447\">\n<p class=\"\" data-start=\"1403\" data-end=\"1447\"><strong data-start=\"1403\" data-end=\"1415\">Material<\/strong>: Polycarbonat (flammhemmend)<\/p>\n<\/li>\n<li class=\"\" data-start=\"1448\" data-end=\"1499\">\n<p class=\"\" data-start=\"1450\" data-end=\"1499\"><strong data-start=\"1450\" data-end=\"1468\">Kompatibilit\u00e4t<\/strong>: Sockel der Serien 60 und 65<\/p>\n<\/li>\n<li class=\"\" data-start=\"1500\" data-end=\"1531\">\n<p class=\"\" data-start=\"1502\" data-end=\"1531\"><strong data-start=\"1502\" data-end=\"1523\">Anschlusstechnik<\/strong>: Gewinde<\/p>\n<\/li>\n<\/ul>","protected":false},"excerpt":{"rendered":"<p>Der W\u00e4rmemelder Apollo 55000-122APO 65 Series A1R eignet sich ideal f\u00fcr den Einsatz in Bereichen, in denen Rauchmelder ungeeignet sind, insbesondere in schmutzigen, rauchigen oder dampfgef\u00fcllten Umgebungen.<\/p>\n<p>Es \u00fcberwacht die Temperatur mit einem dualen Thermistornetzwerk und bietet Versionsoptionen mit blinkender LED.<\/p>","protected":false},"featured_media":149889,"template":"","meta":{"_acf_changed":false},"product_brand":[],"product_cat":[4747,4157],"product_tag":[],"class_list":{"0":"post-149890","1":"product","2":"type-product","3":"status-publish","4":"has-post-thumbnail","6":"product_cat-65-serien","7":"product_cat-varmedetektor","8":"pa_brands-apollo-fire-detectors","9":"tm-no-options","11":"first","12":"instock","13":"taxable","14":"shipping-taxable","15":"purchasable","16":"product-type-simple"},"acf":[],"_links":{"self":[{"href":"https:\/\/secureus.se\/de\/wp-json\/wp\/v2\/product\/149890","targetHints":{"allow":["GET"]}}],"collection":[{"href":"https:\/\/secureus.se\/de\/wp-json\/wp\/v2\/product"}],"about":[{"href":"https:\/\/secureus.se\/de\/wp-json\/wp\/v2\/types\/product"}],"wp:featuredmedia":[{"embeddable":true,"href":"https:\/\/secureus.se\/de\/wp-json\/wp\/v2\/media\/149889"}],"wp:attachment":[{"href":"https:\/\/secureus.se\/de\/wp-json\/wp\/v2\/media?parent=149890"}],"wp:term":[{"taxonomy":"product_brand","embeddable":true,"href":"https:\/\/secureus.se\/de\/wp-json\/wp\/v2\/product_brand?post=149890"},{"taxonomy":"product_cat","embeddable":true,"href":"https:\/\/secureus.se\/de\/wp-json\/wp\/v2\/product_cat?post=149890"},{"taxonomy":"product_tag","embeddable":true,"href":"https:\/\/secureus.se\/de\/wp-json\/wp\/v2\/product_tag?post=149890"}],"curies":[{"name":"wp","href":"https:\/\/api.w.org\/{rel}","templated":true}]}}