{"id":149894,"date":"2025-04-03T14:15:42","date_gmt":"2025-04-03T12:15:42","guid":{"rendered":"https:\/\/secureus.se\/apollo-58000-300apo-discovery-series-kolmonoxiddetektor-vit\/"},"modified":"2026-04-09T11:24:07","modified_gmt":"2026-04-09T09:24:07","slug":"apollo-58000-300apo-discovery-series-kolmonoxiddetektor-vit","status":"publish","type":"product","link":"https:\/\/secureus.se\/de\/apollo-58000-300apo-discovery-series-kolmonoxiddetektor-vit\/","title":{"rendered":"Apollo 58000-300APO Kohlenmonoxidmelder der Discovery-Serie, wei\u00df"},"content":{"rendered":"<h1>Apollo 58000-300APO Kohlenmonoxidmelder der Discovery-Serie<\/h1>\n<p class=\"\" data-start=\"426\" data-end=\"872\">Der Kohlenmonoxidmelder der Apollo 58000-300APO Discovery-Serie ist ein fortschrittlicher Feuermelder, der einen elektrochemischen Sensor zur Erkennung von Kohlenmonoxid (CO) verwendet. Dadurch ist er besonders wirksam bei der Erkennung von Schwelbr\u00e4nden, bei denen Rauchmelder weniger zuverl\u00e4ssig sind.<\/p>\n<p class=\"\" data-start=\"426\" data-end=\"872\">Der Detektor reagiert sehr empfindlich auf schnelle CO-Anstiege, die h\u00e4ufig mit hei\u00dfen Br\u00e4nden einhergehen, und bietet unter diesen Bedingungen eine schnelle Reaktion.<\/p>\n<p class=\"\" data-start=\"874\" data-end=\"1279\">Dank umfassender Interoperabilit\u00e4t, einschlie\u00dflich der Unterst\u00fctzung von XP95- und Discovery-Systemen, ist dieser Detektor darauf ausgelegt, fr\u00fchzeitig vor gef\u00e4hrlichen CO-Werten in der Umgebung zu warnen und so die Sicherheit in Wohn- und Gesch\u00e4ftsumgebungen zu erh\u00f6hen.<\/p>\n<p class=\"\" data-start=\"874\" data-end=\"1279\">Der Melder ist au\u00dferdem widerstandsf\u00e4higer gegen Fehlalarme durch gew\u00f6hnliche D\u00e4mpfe oder Partikel in der Luft und ist daher in manchen Anwendungen zuverl\u00e4ssiger als Rauchmelder.<\/p>\n<p class=\"\" data-start=\"1281\" data-end=\"1301\"><strong data-start=\"1281\" data-end=\"1300\">Spezifikationen<\/strong>:<\/p>\n<ul data-start=\"1302\" data-end=\"1929\">\n<li class=\"\" data-start=\"1302\" data-end=\"1329\">\n<p class=\"\" data-start=\"1304\" data-end=\"1329\"><strong data-start=\"1304\" data-end=\"1318\">Stromquelle<\/strong>: 17\u201328 V DC<\/p>\n<\/li>\n<li class=\"\" data-start=\"1330\" data-end=\"1357\">\n<p class=\"\" data-start=\"1332\" data-end=\"1357\"><strong data-start=\"1332\" data-end=\"1340\">Messen<\/strong>: \u00d8100mm x 42mm<\/p>\n<\/li>\n<li class=\"\" data-start=\"1358\" data-end=\"1373\">\n<p class=\"\" data-start=\"1360\" data-end=\"1373\"><strong data-start=\"1360\" data-end=\"1368\">Malen<\/strong>: Wei\u00df<\/p>\n<\/li>\n<li class=\"\" data-start=\"1374\" data-end=\"1391\">\n<p class=\"\" data-start=\"1376\" data-end=\"1391\"><strong data-start=\"1376\" data-end=\"1384\">Gewicht<\/strong>: 105 g<\/p>\n<\/li>\n<li class=\"\" data-start=\"1392\" data-end=\"1430\">\n<p class=\"\" data-start=\"1394\" data-end=\"1430\"><strong data-start=\"1394\" data-end=\"1413\">Nachweisbares Gas<\/strong>: Kohlenmonoxid (CO)<\/p>\n<\/li>\n<li class=\"\" data-start=\"1431\" data-end=\"1504\">\n<p class=\"\" data-start=\"1433\" data-end=\"1504\"><strong data-start=\"1433\" data-end=\"1447\">Temperatur<\/strong>: \u201320\u00b0C bis +50\u00b0C (\u00dcbergangszustand: \u201320\u00b0C bis +55\u00b0C)<\/p>\n<\/li>\n<li class=\"\" data-start=\"1505\" data-end=\"1537\">\n<p class=\"\" data-start=\"1507\" data-end=\"1537\"><strong data-start=\"1507\" data-end=\"1520\">Luftfeuchtigkeit<\/strong>: 15% bis 90% RH<\/p>\n<\/li>\n<li class=\"\" data-start=\"1538\" data-end=\"1558\">\n<p class=\"\" data-start=\"1540\" data-end=\"1558\"><strong data-start=\"1540\" data-end=\"1552\">IP-Klasse<\/strong>Schutzart: IP44<\/p>\n<\/li>\n<li class=\"\" data-start=\"1559\" data-end=\"1610\">\n<p class=\"\" data-start=\"1561\" data-end=\"1610\"><strong data-start=\"1561\" data-end=\"1579\">Zertifizierungen<\/strong>: EN 54-11, EN 54-17, CPR, LPCB<\/p>\n<\/li>\n<li class=\"\" data-start=\"1611\" data-end=\"1666\">\n<p class=\"\" data-start=\"1613\" data-end=\"1666\"><strong data-start=\"1613\" data-end=\"1631\">Maximaldruck<\/strong>: Installation bis 2000 m H\u00f6he<\/p>\n<\/li>\n<li class=\"\" data-start=\"1667\" data-end=\"1738\">\n<p class=\"\" data-start=\"1669\" data-end=\"1738\"><strong data-start=\"1669\" data-end=\"1696\">Kommunikationsprotokoll<\/strong>: XP95, Discovery, CoreProtocol-kompatibel<\/p>\n<\/li>\n<li class=\"\" data-start=\"1739\" data-end=\"1763\">\n<p class=\"\" data-start=\"1741\" data-end=\"1763\"><strong data-start=\"1741\" data-end=\"1753\">Markierung<\/strong>: CE-Kennzeichnung<\/p>\n<\/li>\n<li class=\"\" data-start=\"1764\" data-end=\"1806\">\n<p class=\"\" data-start=\"1766\" data-end=\"1806\"><strong data-start=\"1766\" data-end=\"1780\">Akkulaufzeit<\/strong>: 5 Jahre (Zellenlebensdauer)<\/p>\n<\/li>\n<li class=\"\" data-start=\"1807\" data-end=\"1853\">\n<p class=\"\" data-start=\"1809\" data-end=\"1853\"><strong data-start=\"1809\" data-end=\"1821\">Material<\/strong>: Polycarbonat (flammhemmend)<\/p>\n<\/li>\n<li class=\"\" data-start=\"1854\" data-end=\"1929\">\n<p class=\"\" data-start=\"1856\" data-end=\"1929\"><strong data-start=\"1856\" data-end=\"1870\">Funktionen<\/strong>: R\u00fccksetzbares Element, LED-Anzeige, Ferntestfunktion<\/p>\n<\/li>\n<\/ul>","protected":false},"excerpt":{"rendered":"<p>Der Kohlenmonoxidmelder der Apollo 58000-300APO Discovery-Serie wurde speziell daf\u00fcr entwickelt, Schwelbr\u00e4nde zu erkennen und fr\u00fchzeitig zu warnen, insbesondere bei Glimmbr\u00e4nden.<\/p>\n<p>Er reagiert weniger empfindlich auf Fehlalarme durch Dampf als Rauchmelder und eignet sich ideal f\u00fcr den Einsatz in Umgebungen, in denen diese Bedingungen auftreten.<\/p>","protected":false},"featured_media":149893,"template":"","meta":{"_acf_changed":false},"product_brand":[],"product_cat":[4748],"product_tag":[],"class_list":{"0":"post-149894","1":"product","2":"type-product","3":"status-publish","4":"has-post-thumbnail","6":"product_cat-discovery-serien","7":"pa_brands-apollo-fire-detectors","8":"tm-no-options","10":"first","11":"onbackorder","12":"taxable","13":"shipping-taxable","14":"purchasable","15":"product-type-simple"},"acf":[],"_links":{"self":[{"href":"https:\/\/secureus.se\/de\/wp-json\/wp\/v2\/product\/149894","targetHints":{"allow":["GET"]}}],"collection":[{"href":"https:\/\/secureus.se\/de\/wp-json\/wp\/v2\/product"}],"about":[{"href":"https:\/\/secureus.se\/de\/wp-json\/wp\/v2\/types\/product"}],"wp:featuredmedia":[{"embeddable":true,"href":"https:\/\/secureus.se\/de\/wp-json\/wp\/v2\/media\/149893"}],"wp:attachment":[{"href":"https:\/\/secureus.se\/de\/wp-json\/wp\/v2\/media?parent=149894"}],"wp:term":[{"taxonomy":"product_brand","embeddable":true,"href":"https:\/\/secureus.se\/de\/wp-json\/wp\/v2\/product_brand?post=149894"},{"taxonomy":"product_cat","embeddable":true,"href":"https:\/\/secureus.se\/de\/wp-json\/wp\/v2\/product_cat?post=149894"},{"taxonomy":"product_tag","embeddable":true,"href":"https:\/\/secureus.se\/de\/wp-json\/wp\/v2\/product_tag?post=149894"}],"curies":[{"name":"wp","href":"https:\/\/api.w.org\/{rel}","templated":true}]}}