{"id":149896,"date":"2025-04-03T14:15:41","date_gmt":"2025-04-03T12:15:41","guid":{"rendered":"https:\/\/secureus.se\/apollo-58000-400apo-discovery-series-varmedetektor-vit\/"},"modified":"2026-04-09T11:24:18","modified_gmt":"2026-04-09T09:24:18","slug":"apollo-58000-400apo-discovery-series-varmedetektor-vit","status":"publish","type":"product","link":"https:\/\/secureus.se\/de\/apollo-58000-400apo-discovery-series-varmedetektor-vit\/","title":{"rendered":"Apollo 58000-400APO Discovery Serie, W\u00e4rmemelder, wei\u00df"},"content":{"rendered":"<h1>Apollo 58000-400APO W\u00e4rmemelder der Discovery-Serie<\/h1>\n<p class=\"\" data-start=\"397\" data-end=\"871\">Der W\u00e4rmemelder der Apollo 58000-400APO Discovery-Serie verwendet einen einzelnen Thermistor, um die Lufttemperatur am Standort des Melders genau zu messen.<\/p>\n<p class=\"\" data-start=\"397\" data-end=\"871\">Mithilfe eines Widerstandsnetzwerks wird ein temperaturabh\u00e4ngiger Spannungsausgang erzeugt, der zwischen 10 \u00b0C und 80 \u00b0C eine lineare Reaktion bietet.<\/p>\n<p class=\"\" data-start=\"397\" data-end=\"871\">Der Detektor arbeitet hochpr\u00e4zise und ist unabh\u00e4ngig von \u00e4u\u00dferen Einfl\u00fcssen wie Wind oder Luftdruck. Daher eignet er sich besonders f\u00fcr den Einsatz in schmutzigen oder rauchigen Umgebungen.<\/p>\n<p class=\"\" data-start=\"873\" data-end=\"1239\">Es verf\u00fcgt \u00fcber f\u00fcnf verschiedene Reaktionsmodi, die gem\u00e4\u00df EN54-5 zugelassen sind, wodurch es m\u00f6glich ist, die Empfindlichkeit je nach Anwendung anzupassen.<\/p>\n<p class=\"\" data-start=\"873\" data-end=\"1239\">Der W\u00e4rmemelder ist sowohl mit XP95- als auch mit Discovery-Systemen kompatibel und kann \u00fcber Zweidrahtverbindungen mit diesen verbunden werden. Dar\u00fcber hinaus verf\u00fcgt er \u00fcber eine integrierte Testfunktion, mit der sich die Funktion des Melders bequem vom Bedienfeld aus testen l\u00e4sst.<\/p>\n<p class=\"\" data-start=\"1241\" data-end=\"1261\"><strong data-start=\"1241\" data-end=\"1260\">Spezifikationen<\/strong>:<\/p>\n<ul data-start=\"1262\" data-end=\"1824\">\n<li class=\"\" data-start=\"1262\" data-end=\"1289\">\n<p class=\"\" data-start=\"1264\" data-end=\"1289\"><strong data-start=\"1264\" data-end=\"1278\">Stromquelle<\/strong>: 17\u201328 V DC<\/p>\n<\/li>\n<li class=\"\" data-start=\"1290\" data-end=\"1317\">\n<p class=\"\" data-start=\"1292\" data-end=\"1317\"><strong data-start=\"1292\" data-end=\"1300\">Messen<\/strong>: \u00d8100mm x 42mm<\/p>\n<\/li>\n<li class=\"\" data-start=\"1318\" data-end=\"1333\">\n<p class=\"\" data-start=\"1320\" data-end=\"1333\"><strong data-start=\"1320\" data-end=\"1328\">Malen<\/strong>: Wei\u00df<\/p>\n<\/li>\n<li class=\"\" data-start=\"1334\" data-end=\"1351\">\n<p class=\"\" data-start=\"1336\" data-end=\"1351\"><strong data-start=\"1336\" data-end=\"1344\">Gewicht<\/strong>: 105 g<\/p>\n<\/li>\n<li class=\"\" data-start=\"1352\" data-end=\"1425\">\n<p class=\"\" data-start=\"1354\" data-end=\"1425\"><strong data-start=\"1354\" data-end=\"1368\">Temperatur<\/strong>: \u201320\u00b0C bis +50\u00b0C (\u00dcbergangszustand: \u201320\u00b0C bis +55\u00b0C)<\/p>\n<\/li>\n<li class=\"\" data-start=\"1426\" data-end=\"1489\">\n<p class=\"\" data-start=\"1428\" data-end=\"1489\"><strong data-start=\"1428\" data-end=\"1441\">Luftfeuchtigkeit<\/strong>: 0% bis 95% RH (ohne Kondensation oder Vereisung)<\/p>\n<\/li>\n<li class=\"\" data-start=\"1490\" data-end=\"1510\">\n<p class=\"\" data-start=\"1492\" data-end=\"1510\"><strong data-start=\"1492\" data-end=\"1504\">IP-Klasse<\/strong>Schutzart: IP44<\/p>\n<\/li>\n<li class=\"\" data-start=\"1511\" data-end=\"1549\">\n<p class=\"\" data-start=\"1513\" data-end=\"1549\"><strong data-start=\"1513\" data-end=\"1531\">Kompatibilit\u00e4t<\/strong>: XP95 und Soteria<\/p>\n<\/li>\n<li class=\"\" data-start=\"1550\" data-end=\"1624\">\n<p class=\"\" data-start=\"1552\" data-end=\"1624\"><strong data-start=\"1552\" data-end=\"1579\">Kommunikationsprotokoll<\/strong>: Kompatibel mit Discovery, XP95 und CoreProtocol<\/p>\n<\/li>\n<li class=\"\" data-start=\"1625\" data-end=\"1677\">\n<p class=\"\" data-start=\"1627\" data-end=\"1677\"><strong data-start=\"1627\" data-end=\"1645\">Zertifizierungen<\/strong>: EN 54-5, CPR, LPCB, VdS, BOSEC<\/p>\n<\/li>\n<li class=\"\" data-start=\"1678\" data-end=\"1728\">\n<p class=\"\" data-start=\"1680\" data-end=\"1728\"><strong data-start=\"1680\" data-end=\"1710\">Maximale Lagertemperatur<\/strong>: \u201310\u00b0C bis +30\u00b0C<\/p>\n<\/li>\n<li class=\"\" data-start=\"1729\" data-end=\"1777\">\n<p class=\"\" data-start=\"1731\" data-end=\"1777\"><strong data-start=\"1731\" data-end=\"1749\">Erdungsanschluss<\/strong>: Keine Anforderung f\u00fcr sicheren Betrieb<\/p>\n<\/li>\n<li class=\"\" data-start=\"1778\" data-end=\"1824\">\n<p class=\"\" data-start=\"1780\" data-end=\"1824\"><strong data-start=\"1780\" data-end=\"1792\">Material<\/strong>: Polycarbonat (flammhemmend)<\/p>\n<\/li>\n<\/ul>","protected":false},"excerpt":{"rendered":"<p>Der W\u00e4rmemelder der Apollo 58000-400APO Discovery-Serie eignet sich ideal f\u00fcr den Einsatz in Umgebungen, in denen Rauchmelder m\u00f6glicherweise ungeeignet sind, beispielsweise in schmutzigen oder verrauchten Bereichen.<\/p>\n<p>Es eignet sich gut f\u00fcr Lagerhallen, Laderampen und Parkpl\u00e4tze und ist unabh\u00e4ngig von Wind und Luftdruck.<\/p>","protected":false},"featured_media":149895,"template":"","meta":{"_acf_changed":false},"product_brand":[],"product_cat":[4748],"product_tag":[],"class_list":{"0":"post-149896","1":"product","2":"type-product","3":"status-publish","4":"has-post-thumbnail","6":"product_cat-discovery-serien","7":"pa_brands-apollo-fire-detectors","8":"tm-no-options","10":"first","11":"instock","12":"taxable","13":"shipping-taxable","14":"purchasable","15":"product-type-simple"},"acf":[],"_links":{"self":[{"href":"https:\/\/secureus.se\/de\/wp-json\/wp\/v2\/product\/149896","targetHints":{"allow":["GET"]}}],"collection":[{"href":"https:\/\/secureus.se\/de\/wp-json\/wp\/v2\/product"}],"about":[{"href":"https:\/\/secureus.se\/de\/wp-json\/wp\/v2\/types\/product"}],"wp:featuredmedia":[{"embeddable":true,"href":"https:\/\/secureus.se\/de\/wp-json\/wp\/v2\/media\/149895"}],"wp:attachment":[{"href":"https:\/\/secureus.se\/de\/wp-json\/wp\/v2\/media?parent=149896"}],"wp:term":[{"taxonomy":"product_brand","embeddable":true,"href":"https:\/\/secureus.se\/de\/wp-json\/wp\/v2\/product_brand?post=149896"},{"taxonomy":"product_cat","embeddable":true,"href":"https:\/\/secureus.se\/de\/wp-json\/wp\/v2\/product_cat?post=149896"},{"taxonomy":"product_tag","embeddable":true,"href":"https:\/\/secureus.se\/de\/wp-json\/wp\/v2\/product_tag?post=149896"}],"curies":[{"name":"wp","href":"https:\/\/api.w.org\/{rel}","templated":true}]}}