{"id":149906,"date":"2025-04-03T14:12:35","date_gmt":"2025-04-03T12:12:35","guid":{"rendered":"https:\/\/secureus.se\/apollo-55100-021mar-konventionell-manuell-anropssignal-for-sjofarten-en-54-11-certifierad-rod\/"},"modified":"2026-04-16T15:23:54","modified_gmt":"2026-04-16T13:23:54","slug":"apollo-55100-021mar-konventionell-manuell-anropssignal-for-sjofarten-en-54-11-certifierad-rod","status":"publish","type":"product","link":"https:\/\/secureus.se\/de\/apollo-55100-021mar-konventionell-manuell-anropssignal-for-sjofarten-en-54-11-certifierad-rod\/","title":{"rendered":"Apollo 55100-021MAR Konventionelles manuelles Marine-Rufzeichen, EN 54-11 zertifiziert, rot"},"content":{"rendered":"<h1>Apollo 55100-021MAR Konventionelles manuelles maritimes Rufzeichen<\/h1>\n<p class=\"\" data-start=\"403\" data-end=\"825\">Das herk\u00f6mmliche manuelle Rufzeichen Apollo 55100-021MAR ist f\u00fcr den Einsatz in Brandmeldesystemen auf See konzipiert.<\/p>\n<p class=\"\" data-start=\"403\" data-end=\"825\">Es verf\u00fcgt \u00fcber einen leicht zur\u00fccksetzbaren Mechanismus anstelle von Glas, wodurch es langlebiger und sicherer f\u00fcr den Einsatz auf Schiffen und Meeresanlagen ist.<\/p>\n<p class=\"\" data-start=\"403\" data-end=\"825\">Das Rufzeichen wird mit einer Aufputz-Backbox und einer \u201ePlug and Play\u201c-Installation geliefert, wodurch die Verkabelung schnell und effizient erfolgt.<\/p>\n<p class=\"\" data-start=\"827\" data-end=\"1168\">Dieses Ger\u00e4t ist mit einer Durchgangsverbindung ausgestattet, die eine Kabelpr\u00fcfung vor der Inbetriebnahme erm\u00f6glicht und so sowohl die Sicherheit als auch die Installationseffizienz verbessert.<\/p>\n<p class=\"\" data-start=\"827\" data-end=\"1168\">Sobald das Rufsignal aktiviert ist, kann es zur\u00fcckgesetzt werden, indem ein Testschl\u00fcssel in die Unterseite des Ger\u00e4ts gesteckt und einrastet.<\/p>\n<p class=\"\" data-start=\"827\" data-end=\"1168\">Die rote Anzeige leuchtet, wenn das Ger\u00e4t aktiviert ist.<\/p>\n<p class=\"\" data-start=\"1170\" data-end=\"1327\">Dieses Rufzeichen ist gem\u00e4\u00df EN 54-11 und der Schiffsausr\u00fcstungsrichtlinie 96\/98\/EG zugelassen und somit zuverl\u00e4ssig und sicher f\u00fcr den Einsatz in Meeresumgebungen.<\/p>\n<p class=\"\" data-start=\"1329\" data-end=\"1349\"><strong data-start=\"1329\" data-end=\"1348\">Spezifikationen<\/strong>:<\/p>\n<ul data-start=\"1350\" data-end=\"1869\">\n<li class=\"\" data-start=\"1350\" data-end=\"1374\">\n<p class=\"\" data-start=\"1352\" data-end=\"1374\"><strong data-start=\"1352\" data-end=\"1366\">Stromquelle<\/strong>: 30 V Gleichstrom<\/p>\n<\/li>\n<li class=\"\" data-start=\"1375\" data-end=\"1402\">\n<p class=\"\" data-start=\"1377\" data-end=\"1402\"><strong data-start=\"1377\" data-end=\"1385\">Messen<\/strong>: 93 mm x 59,5 mm<\/p>\n<\/li>\n<li class=\"\" data-start=\"1403\" data-end=\"1418\">\n<p class=\"\" data-start=\"1405\" data-end=\"1418\"><strong data-start=\"1405\" data-end=\"1413\">Malen<\/strong>: Rot<\/p>\n<\/li>\n<li class=\"\" data-start=\"1419\" data-end=\"1436\">\n<p class=\"\" data-start=\"1421\" data-end=\"1436\"><strong data-start=\"1421\" data-end=\"1429\">Gewicht<\/strong>: 180 g<\/p>\n<\/li>\n<li class=\"\" data-start=\"1437\" data-end=\"1505\">\n<p class=\"\" data-start=\"1439\" data-end=\"1505\"><strong data-start=\"1439\" data-end=\"1453\">Temperatur<\/strong>: Innen \u201310\u00b0C bis +55\u00b0C, Au\u00dfen \u201325\u00b0C bis +70\u00b0C<\/p>\n<\/li>\n<li class=\"\" data-start=\"1506\" data-end=\"1546\">\n<p class=\"\" data-start=\"1508\" data-end=\"1546\"><strong data-start=\"1508\" data-end=\"1521\">Luftfeuchtigkeit<\/strong>: 0-93% RH (ohne Kondensation)<\/p>\n<\/li>\n<li class=\"\" data-start=\"1547\" data-end=\"1592\">\n<p class=\"\" data-start=\"1549\" data-end=\"1592\"><strong data-start=\"1549\" data-end=\"1561\">IP-Klasse<\/strong>: Innenbereich: IP24D, Au\u00dfenbereich: IP67<\/p>\n<\/li>\n<li class=\"\" data-start=\"1593\" data-end=\"1652\">\n<p class=\"\" data-start=\"1595\" data-end=\"1652\"><strong data-start=\"1595\" data-end=\"1607\">Material<\/strong>: Polycarbonat oder ABS je nach Funktion<\/p>\n<\/li>\n<li class=\"\" data-start=\"1653\" data-end=\"1719\">\n<p class=\"\" data-start=\"1655\" data-end=\"1719\"><strong data-start=\"1655\" data-end=\"1673\">Zertifizierungen<\/strong>: EN54-11, Schiffsausr\u00fcstungsrichtlinie 96\/98\/EG<\/p>\n<\/li>\n<li class=\"\" data-start=\"1720\" data-end=\"1766\">\n<p class=\"\" data-start=\"1722\" data-end=\"1766\"><strong data-start=\"1722\" data-end=\"1740\">Kompatibilit\u00e4t<\/strong>: XP95 Protokoll\u00fcbersetzer<\/p>\n<\/li>\n<li class=\"\" data-start=\"1767\" data-end=\"1829\">\n<p class=\"\" data-start=\"1769\" data-end=\"1829\"><strong data-start=\"1769\" data-end=\"1783\">Funktionen<\/strong>: R\u00fccksetzbar, \u201ePlug and Play\u201c, Oberfl\u00e4chenmontage<\/p>\n<\/li>\n<li class=\"\" data-start=\"1830\" data-end=\"1869\">\n<p class=\"\" data-start=\"1832\" data-end=\"1869\"><strong data-start=\"1832\" data-end=\"1843\">Garantie<\/strong>: Eingeschr\u00e4nkte 10-Jahres-Garantie<\/p>\n<\/li>\n<\/ul>","protected":false},"excerpt":{"rendered":"<p>Das herk\u00f6mmliche manuelle Marinerufzeichen Apollo 55100-021MAR ist nach EN 54-11 zertifiziert und verf\u00fcgt \u00fcber \u201ePlug and Play\u201c-Anschlussverbindungen f\u00fcr eine schnelle Installation.<\/p>\n<p>Es ist ideal f\u00fcr Schiffsanwendungen und verf\u00fcgt \u00fcber eine Durchgangsverbindung zur Kabelpr\u00fcfung vor der Inbetriebnahme.<\/p>","protected":false},"featured_media":149905,"template":"","meta":{"_acf_changed":false},"product_brand":[],"product_cat":[4749,1830,4828],"product_tag":[],"class_list":{"0":"post-149906","1":"product","2":"type-product","3":"status-publish","4":"has-post-thumbnail","6":"product_cat-orbis-serien","7":"product_cat-brandknappar","8":"product_cat-nodknappar","9":"pa_brands-apollo-fire-detectors","10":"tm-no-options","12":"first","13":"instock","14":"sale","15":"taxable","16":"shipping-taxable","17":"purchasable","18":"product-type-simple"},"acf":[],"_links":{"self":[{"href":"https:\/\/secureus.se\/de\/wp-json\/wp\/v2\/product\/149906","targetHints":{"allow":["GET"]}}],"collection":[{"href":"https:\/\/secureus.se\/de\/wp-json\/wp\/v2\/product"}],"about":[{"href":"https:\/\/secureus.se\/de\/wp-json\/wp\/v2\/types\/product"}],"wp:featuredmedia":[{"embeddable":true,"href":"https:\/\/secureus.se\/de\/wp-json\/wp\/v2\/media\/149905"}],"wp:attachment":[{"href":"https:\/\/secureus.se\/de\/wp-json\/wp\/v2\/media?parent=149906"}],"wp:term":[{"taxonomy":"product_brand","embeddable":true,"href":"https:\/\/secureus.se\/de\/wp-json\/wp\/v2\/product_brand?post=149906"},{"taxonomy":"product_cat","embeddable":true,"href":"https:\/\/secureus.se\/de\/wp-json\/wp\/v2\/product_cat?post=149906"},{"taxonomy":"product_tag","embeddable":true,"href":"https:\/\/secureus.se\/de\/wp-json\/wp\/v2\/product_tag?post=149906"}],"curies":[{"name":"wp","href":"https:\/\/api.w.org\/{rel}","templated":true}]}}