{"id":149908,"date":"2025-04-03T14:12:32","date_gmt":"2025-04-03T12:12:32","guid":{"rendered":"https:\/\/secureus.se\/apollo-pp2620-orbis-series-optisk-och-varmekanslig-multisensordetektor\/"},"modified":"2026-04-16T15:26:06","modified_gmt":"2026-04-16T13:26:06","slug":"apollo-pp2620-orbis-series-optisk-och-varmekanslig-multisensordetektor","status":"publish","type":"product","link":"https:\/\/secureus.se\/de\/apollo-pp2620-orbis-series-optisk-och-varmekanslig-multisensordetektor\/","title":{"rendered":"Optischer und thermischer Multisensor-Detektor der Apollo PP2620 Orbis-Serie"},"content":{"rendered":"<h1>Optischer und thermischer Multisensor-Detektor der Apollo PP2620 Orbis-Serie<\/h1>\n<p class=\"\" data-start=\"430\" data-end=\"837\">Der optische Multisensor- und W\u00e4rmemelder der Apollo PP2620 Orbis-Serie ist ein innovativer Brandmelder, der sowohl optische Raucherkennung als auch einen Thermistor-Temperatursensor nutzt, um sowohl ein kombiniertes als auch ein separates Signal f\u00fcr W\u00e4rmesignale bereitzustellen.<\/p>\n<p class=\"\" data-start=\"430\" data-end=\"837\">Dadurch kann der Melder Fehlalarme wirksam bek\u00e4mpfen, insbesondere in Umgebungen, in denen Rauch und Temperatur\u00e4nderungen gleichzeitig auftreten k\u00f6nnen.<\/p>\n<p class=\"\" data-start=\"839\" data-end=\"1189\">Dieser Detektor verf\u00fcgt \u00fcber Algorithmen zur Unterdr\u00fcckung vor\u00fcbergehender Alarme, wodurch das Risiko von Fehlalarmen verringert wird und eine zuverl\u00e4ssige und effektive Branderkennung gew\u00e4hrleistet wird.<\/p>\n<p class=\"\" data-start=\"839\" data-end=\"1189\">Durch die Driftkompensation, einschlie\u00dflich DirtAlert (eine gelb blinkende LED), l\u00e4sst sich leicht erkennen, wann der Detektor gereinigt werden muss, und gew\u00e4hrleistet eine konstante Empfindlichkeit, auch wenn der Detektor verschmutzt ist.<\/p>\n<p class=\"\" data-start=\"1191\" data-end=\"1211\"><strong data-start=\"1191\" data-end=\"1210\">Spezifikationen<\/strong>:<\/p>\n<ul data-start=\"1212\" data-end=\"1695\">\n<li class=\"\" data-start=\"1212\" data-end=\"1239\">\n<p class=\"\" data-start=\"1214\" data-end=\"1239\"><strong data-start=\"1214\" data-end=\"1228\">Stromquelle<\/strong>: 17\u201328 V DC<\/p>\n<\/li>\n<li class=\"\" data-start=\"1240\" data-end=\"1268\">\n<p class=\"\" data-start=\"1242\" data-end=\"1268\"><strong data-start=\"1242\" data-end=\"1250\">Messen<\/strong>: \u00d897 mm x 41,9 mm<\/p>\n<\/li>\n<li class=\"\" data-start=\"1269\" data-end=\"1287\">\n<p class=\"\" data-start=\"1271\" data-end=\"1287\"><strong data-start=\"1271\" data-end=\"1279\">Malen<\/strong>: Silber<\/p>\n<\/li>\n<li class=\"\" data-start=\"1288\" data-end=\"1306\">\n<p class=\"\" data-start=\"1290\" data-end=\"1306\"><strong data-start=\"1290\" data-end=\"1298\">Gewicht<\/strong>: 81,6 g<\/p>\n<\/li>\n<li class=\"\" data-start=\"1307\" data-end=\"1341\">\n<p class=\"\" data-start=\"1309\" data-end=\"1341\"><strong data-start=\"1309\" data-end=\"1323\">Temperatur<\/strong>: \u201340\u00b0C bis +70\u00b0C<\/p>\n<\/li>\n<li class=\"\" data-start=\"1342\" data-end=\"1382\">\n<p class=\"\" data-start=\"1344\" data-end=\"1382\"><strong data-start=\"1344\" data-end=\"1357\">Luftfeuchtigkeit<\/strong>: 0\u201395% RH (ohne Kondensation)<\/p>\n<\/li>\n<li class=\"\" data-start=\"1383\" data-end=\"1421\">\n<p class=\"\" data-start=\"1385\" data-end=\"1421\"><strong data-start=\"1385\" data-end=\"1408\">Detektierbares Medium<\/strong>: Feuer (Rauch)<\/p>\n<\/li>\n<li class=\"\" data-start=\"1422\" data-end=\"1467\">\n<p class=\"\" data-start=\"1424\" data-end=\"1467\"><strong data-start=\"1424\" data-end=\"1444\">Sensortechnologie<\/strong>: Optisch, fotoelektrisch<\/p>\n<\/li>\n<li class=\"\" data-start=\"1468\" data-end=\"1552\">\n<p class=\"\" data-start=\"1470\" data-end=\"1552\"><strong data-start=\"1470\" data-end=\"1484\">Funktionen<\/strong>: F\u00fcnf Reaktionsmodi, Driftkompensation, DirtAlert, FasTest (4 Sekunden)<\/p>\n<\/li>\n<li class=\"\" data-start=\"1553\" data-end=\"1592\">\n<p class=\"\" data-start=\"1555\" data-end=\"1592\"><strong data-start=\"1555\" data-end=\"1566\">Garantie<\/strong>: Eingeschr\u00e4nkte 10-Jahres-Garantie<\/p>\n<\/li>\n<li class=\"\" data-start=\"1593\" data-end=\"1613\">\n<p class=\"\" data-start=\"1595\" data-end=\"1613\"><strong data-start=\"1595\" data-end=\"1607\">IP-Klasse<\/strong>Schutzart: IP44<\/p>\n<\/li>\n<li class=\"\" data-start=\"1614\" data-end=\"1695\">\n<p class=\"\" data-start=\"1616\" data-end=\"1695\"><strong data-start=\"1616\" data-end=\"1634\">Kompatibilit\u00e4t<\/strong>: Apollo Serie 65 und fr\u00fchere konventionelle Detektorserien<\/p>\n<\/li>\n<\/ul>","protected":false},"excerpt":{"rendered":"<p>Der optische Multisensor- und W\u00e4rmemelder der Apollo PP2620 Orbis-Serie kombiniert sowohl optische Raucherkennung als auch Thermistor-Temperatursensoren f\u00fcr eine verbesserte Branderkennung und Minimierung von Fehlalarmen.<\/p>\n<p>Es eignet sich ideal f\u00fcr eine Vielzahl von Anwendungen und verf\u00fcgt \u00fcber eine automatische Driftkompensation.<\/p>","protected":false},"featured_media":149907,"template":"","meta":{"_acf_changed":false},"product_brand":[],"product_cat":[4749,3373,4157],"product_tag":[],"class_list":{"0":"post-149908","1":"product","2":"type-product","3":"status-publish","4":"has-post-thumbnail","6":"product_cat-orbis-serien","7":"product_cat-rokdetektorer","8":"product_cat-varmedetektor","9":"pa_brands-apollo-fire-detectors","10":"tm-no-options","12":"first","13":"instock","14":"sale","15":"taxable","16":"shipping-taxable","17":"purchasable","18":"product-type-simple"},"acf":[],"_links":{"self":[{"href":"https:\/\/secureus.se\/de\/wp-json\/wp\/v2\/product\/149908","targetHints":{"allow":["GET"]}}],"collection":[{"href":"https:\/\/secureus.se\/de\/wp-json\/wp\/v2\/product"}],"about":[{"href":"https:\/\/secureus.se\/de\/wp-json\/wp\/v2\/types\/product"}],"wp:featuredmedia":[{"embeddable":true,"href":"https:\/\/secureus.se\/de\/wp-json\/wp\/v2\/media\/149907"}],"wp:attachment":[{"href":"https:\/\/secureus.se\/de\/wp-json\/wp\/v2\/media?parent=149908"}],"wp:term":[{"taxonomy":"product_brand","embeddable":true,"href":"https:\/\/secureus.se\/de\/wp-json\/wp\/v2\/product_brand?post=149908"},{"taxonomy":"product_cat","embeddable":true,"href":"https:\/\/secureus.se\/de\/wp-json\/wp\/v2\/product_cat?post=149908"},{"taxonomy":"product_tag","embeddable":true,"href":"https:\/\/secureus.se\/de\/wp-json\/wp\/v2\/product_tag?post=149908"}],"curies":[{"name":"wp","href":"https:\/\/api.w.org\/{rel}","templated":true}]}}