{"id":149910,"date":"2025-04-03T14:12:32","date_gmt":"2025-04-03T12:12:32","guid":{"rendered":"https:\/\/secureus.se\/apollo-pp5021-orbis-series-marin-optisk-rokdetektor-med-blinkande-led-vit\/"},"modified":"2026-03-27T11:01:18","modified_gmt":"2026-03-27T10:01:18","slug":"apollo-pp5021-orbis-series-marin-optisk-rokdetektor-med-blinkande-led-vit","status":"publish","type":"product","link":"https:\/\/secureus.se\/de\/apollo-pp5021-orbis-series-marin-optisk-rokdetektor-med-blinkande-led-vit\/","title":{"rendered":"Apollo PP5021 Orbis Series Marine Optischer Rauchmelder mit blinkender LED, Wei\u00df"},"content":{"rendered":"<h1>Apollo PP5021 Orbis Series Marine Optischer Rauchmelder mit blinkender LED<\/h1>\n<p class=\"\" data-start=\"425\" data-end=\"840\">Der optische Marine-Rauchmelder der Apollo PP5021 Orbis-Serie verwendet eine verbesserte Version des klassischen Lichtstreuungsprinzips, wodurch er schwarzen Rauch effektiver erkennt als herk\u00f6mmliche optische Melder.<\/p>\n<p class=\"\" data-start=\"425\" data-end=\"840\">Der optische Sensor misst das von Rauchpartikeln gestreute Licht in einem weiten Winkel, was f\u00fcr eine erh\u00f6hte Empfindlichkeit und Zuverl\u00e4ssigkeit sorgt und gleichzeitig das Risiko von Fehlalarmen deutlich reduziert.<\/p>\n<p class=\"\" data-start=\"842\" data-end=\"1179\">Der Detektor ist mit Algorithmen zur Unterdr\u00fcckung von Transienten und einer DirtAlert-Funktion ausgestattet, die warnt, wenn der Detektor gereinigt werden muss.<\/p>\n<p class=\"\" data-start=\"842\" data-end=\"1179\">Es gibt auch eine blinkende LED, die Status- und Alarmanzeigen anzeigt.<\/p>\n<p class=\"\" data-start=\"842\" data-end=\"1179\">Der Detektor eignet sich ideal f\u00fcr den Einsatz auf Schiffen und maritimen Anlagen, wo er auch unter schwierigen Bedingungen eine zuverl\u00e4ssige Detektion erm\u00f6glicht.<\/p>\n<p class=\"\" data-start=\"1181\" data-end=\"1201\"><strong data-start=\"1181\" data-end=\"1200\">Spezifikationen<\/strong>:<\/p>\n<ul data-start=\"1202\" data-end=\"1742\">\n<li class=\"\" data-start=\"1202\" data-end=\"1226\">\n<p class=\"\" data-start=\"1204\" data-end=\"1226\"><strong data-start=\"1204\" data-end=\"1218\">Stromquelle<\/strong>: 33 V Gleichstrom<\/p>\n<\/li>\n<li class=\"\" data-start=\"1227\" data-end=\"1253\">\n<p class=\"\" data-start=\"1229\" data-end=\"1253\"><strong data-start=\"1229\" data-end=\"1237\">Messen<\/strong>: \u00d897mm x 31mm<\/p>\n<\/li>\n<li class=\"\" data-start=\"1254\" data-end=\"1272\">\n<p class=\"\" data-start=\"1256\" data-end=\"1272\"><strong data-start=\"1256\" data-end=\"1264\">Malen<\/strong>: Silber<\/p>\n<\/li>\n<li class=\"\" data-start=\"1273\" data-end=\"1289\">\n<p class=\"\" data-start=\"1275\" data-end=\"1289\"><strong data-start=\"1275\" data-end=\"1283\">Gewicht<\/strong>: 75 g<\/p>\n<\/li>\n<li class=\"\" data-start=\"1290\" data-end=\"1324\">\n<p class=\"\" data-start=\"1292\" data-end=\"1324\"><strong data-start=\"1292\" data-end=\"1306\">Temperatur<\/strong>: \u201340\u00b0C bis +70\u00b0C<\/p>\n<\/li>\n<li class=\"\" data-start=\"1325\" data-end=\"1365\">\n<p class=\"\" data-start=\"1327\" data-end=\"1365\"><strong data-start=\"1327\" data-end=\"1340\">Luftfeuchtigkeit<\/strong>: 0\u201398% RH (ohne Kondensation)<\/p>\n<\/li>\n<li class=\"\" data-start=\"1366\" data-end=\"1404\">\n<p class=\"\" data-start=\"1368\" data-end=\"1404\"><strong data-start=\"1368\" data-end=\"1391\">Detektierbares Medium<\/strong>: Feuer (Rauch)<\/p>\n<\/li>\n<li class=\"\" data-start=\"1405\" data-end=\"1460\">\n<p class=\"\" data-start=\"1407\" data-end=\"1460\"><strong data-start=\"1407\" data-end=\"1427\">Sensortechnologie<\/strong>: Infrarot, optisch, fotoelektrisch<\/p>\n<\/li>\n<li class=\"\" data-start=\"1461\" data-end=\"1533\">\n<p class=\"\" data-start=\"1463\" data-end=\"1533\"><strong data-start=\"1463\" data-end=\"1477\">Funktionen<\/strong>: DirtAlert, SensAlert, FasTest, verz\u00f6gerte Alarmbehandlung<\/p>\n<\/li>\n<li class=\"\" data-start=\"1534\" data-end=\"1598\">\n<p class=\"\" data-start=\"1536\" data-end=\"1598\"><strong data-start=\"1536\" data-end=\"1554\">Zertifizierungen<\/strong>: EN54-7, MED, BV, ABS, CCS, CRS, DNV.GL, LR<\/p>\n<\/li>\n<li class=\"\" data-start=\"1599\" data-end=\"1680\">\n<p class=\"\" data-start=\"1601\" data-end=\"1680\"><strong data-start=\"1601\" data-end=\"1619\">Kompatibilit\u00e4t<\/strong>: Apollo Serie 65 und fr\u00fchere konventionelle Detektorserien<\/p>\n<\/li>\n<li class=\"\" data-start=\"1681\" data-end=\"1702\">\n<p class=\"\" data-start=\"1683\" data-end=\"1702\"><strong data-start=\"1683\" data-end=\"1695\">IP-Klasse<\/strong>: IP23D<\/p>\n<\/li>\n<li class=\"\" data-start=\"1703\" data-end=\"1742\">\n<p class=\"\" data-start=\"1705\" data-end=\"1742\"><strong data-start=\"1705\" data-end=\"1716\">Garantie<\/strong>: Eingeschr\u00e4nkte 10-Jahres-Garantie<\/p>\n<\/li>\n<\/ul>","protected":false},"excerpt":{"rendered":"<p>Der optische Marine-Rauchmelder der Apollo PP5021 Orbis-Serie mit blinkender LED ist ein Hochleistungsmelder, der durch verbesserte Lichtstreuungstechnologie und Sensordesign Fehlalarme reduziert.<\/p>\n<p>Es eignet sich besonders f\u00fcr den Einsatz auf See und ist f\u00fcr den Einsatz in diesen Umgebungen zertifiziert.<\/p>","protected":false},"featured_media":149909,"template":"","meta":{"_acf_changed":false},"product_brand":[],"product_cat":[4749,3373],"product_tag":[],"class_list":{"0":"post-149910","1":"product","2":"type-product","3":"status-publish","4":"has-post-thumbnail","6":"product_cat-orbis-serien","7":"product_cat-rokdetektorer","8":"pa_brands-apollo-fire-detectors","9":"tm-no-options","11":"first","12":"onbackorder","13":"sale","14":"taxable","15":"shipping-taxable","16":"purchasable","17":"product-type-simple"},"acf":[],"_links":{"self":[{"href":"https:\/\/secureus.se\/de\/wp-json\/wp\/v2\/product\/149910","targetHints":{"allow":["GET"]}}],"collection":[{"href":"https:\/\/secureus.se\/de\/wp-json\/wp\/v2\/product"}],"about":[{"href":"https:\/\/secureus.se\/de\/wp-json\/wp\/v2\/types\/product"}],"wp:featuredmedia":[{"embeddable":true,"href":"https:\/\/secureus.se\/de\/wp-json\/wp\/v2\/media\/149909"}],"wp:attachment":[{"href":"https:\/\/secureus.se\/de\/wp-json\/wp\/v2\/media?parent=149910"}],"wp:term":[{"taxonomy":"product_brand","embeddable":true,"href":"https:\/\/secureus.se\/de\/wp-json\/wp\/v2\/product_brand?post=149910"},{"taxonomy":"product_cat","embeddable":true,"href":"https:\/\/secureus.se\/de\/wp-json\/wp\/v2\/product_cat?post=149910"},{"taxonomy":"product_tag","embeddable":true,"href":"https:\/\/secureus.se\/de\/wp-json\/wp\/v2\/product_tag?post=149910"}],"curies":[{"name":"wp","href":"https:\/\/api.w.org\/{rel}","templated":true}]}}