{"id":149979,"date":"2025-04-03T14:11:22","date_gmt":"2025-04-03T12:11:22","guid":{"rendered":"https:\/\/secureus.se\/apollo-orb-ht-41018-mar-orbis-series-cs-marin-varmedetektor-med-blinkande-led-vit\/"},"modified":"2026-04-09T12:24:44","modified_gmt":"2026-04-09T10:24:44","slug":"apollo-orb-ht-41018-mar-orbis-series-cs-marin-varmedetektor-med-blinkande-led-vit","status":"publish","type":"product","link":"https:\/\/secureus.se\/de\/apollo-orb-ht-41018-mar-orbis-series-cs-marin-varmedetektor-med-blinkande-led-vit\/","title":{"rendered":"Apollo ORB-HT-41018-MAR Orbis Series CS Marine-W\u00e4rmemelder mit blinkender LED, wei\u00df"},"content":{"rendered":"<h1>Apollo ORB-HT-41018-MAR Orbis Series CS Marine-W\u00e4rmemelder mit blinkender LED<\/h1>\n<p class=\"\" data-start=\"445\" data-end=\"922\">Der Marine-W\u00e4rmemelder Apollo ORB-HT-41018-MAR Orbis Series CS ist ein W\u00e4rmesensor, der mithilfe eines Thermistors die Umgebungslufttemperatur \u00fcberwacht.<\/p>\n<p class=\"\" data-start=\"445\" data-end=\"922\">Es ist besonders n\u00fctzlich in Umgebungen, in denen Rauchmelder ungeeignet sind, wie etwa in schmutzigen oder verrauchten Bereichen, sowie f\u00fcr den Einsatz auf See.<\/p>\n<p class=\"\" data-start=\"445\" data-end=\"922\">Dieser Detektor ist die ideale Wahl f\u00fcr Hotelzimmer, Krankenhausstationen und andere Bereiche, in denen eine genaue Temperatur\u00fcberwachung zur Gew\u00e4hrleistung der Sicherheit unerl\u00e4sslich ist.<\/p>\n<p class=\"\" data-start=\"924\" data-end=\"1187\">Mit blinkenden LEDs, die vor der Notwendigkeit einer Reinigung warnen oder wenn die Driftkompensation ihre Grenzen erreicht hat, l\u00e4sst sich dieser Detektor leicht in optimalem Zustand halten.<\/p>\n<p class=\"\" data-start=\"924\" data-end=\"1187\">Dar\u00fcber hinaus ist es mit den meisten herk\u00f6mmlichen Systemen kompatibel und kann an Zweidrahtkabel angeschlossen werden.<\/p>\n<p class=\"\" data-start=\"1189\" data-end=\"1209\"><strong data-start=\"1189\" data-end=\"1208\">Spezifikationen<\/strong>:<\/p>\n<ul data-start=\"1210\" data-end=\"1841\">\n<li class=\"\" data-start=\"1210\" data-end=\"1236\">\n<p class=\"\" data-start=\"1212\" data-end=\"1236\"><strong data-start=\"1212\" data-end=\"1226\">Stromquelle<\/strong>: 5\u201333 V DC<\/p>\n<\/li>\n<li class=\"\" data-start=\"1237\" data-end=\"1263\">\n<p class=\"\" data-start=\"1239\" data-end=\"1263\"><strong data-start=\"1239\" data-end=\"1247\">Messen<\/strong>: \u00d897mm x 36mm<\/p>\n<\/li>\n<li class=\"\" data-start=\"1264\" data-end=\"1279\">\n<p class=\"\" data-start=\"1266\" data-end=\"1279\"><strong data-start=\"1266\" data-end=\"1274\">Malen<\/strong>: Wei\u00df<\/p>\n<\/li>\n<li class=\"\" data-start=\"1280\" data-end=\"1296\">\n<p class=\"\" data-start=\"1282\" data-end=\"1296\"><strong data-start=\"1282\" data-end=\"1290\">Gewicht<\/strong>: 80 g<\/p>\n<\/li>\n<li class=\"\" data-start=\"1297\" data-end=\"1331\">\n<p class=\"\" data-start=\"1299\" data-end=\"1331\"><strong data-start=\"1299\" data-end=\"1313\">Temperatur<\/strong>: \u201340\u00b0C bis +70\u00b0C<\/p>\n<\/li>\n<li class=\"\" data-start=\"1332\" data-end=\"1357\">\n<p class=\"\" data-start=\"1334\" data-end=\"1357\"><strong data-start=\"1334\" data-end=\"1347\">Luftfeuchtigkeit<\/strong>: 0\u201398% RH<\/p>\n<\/li>\n<li class=\"\" data-start=\"1358\" data-end=\"1398\">\n<p class=\"\" data-start=\"1360\" data-end=\"1398\"><strong data-start=\"1360\" data-end=\"1383\">Detektierbares Medium<\/strong>: Feuer (Hitze)<\/p>\n<\/li>\n<li class=\"\" data-start=\"1399\" data-end=\"1446\">\n<p class=\"\" data-start=\"1401\" data-end=\"1446\"><strong data-start=\"1401\" data-end=\"1421\">Sensortechnologie<\/strong>: Thermistor (W\u00e4rmesensor)<\/p>\n<\/li>\n<li class=\"\" data-start=\"1447\" data-end=\"1565\">\n<p class=\"\" data-start=\"1449\" data-end=\"1565\"><strong data-start=\"1449\" data-end=\"1463\">Funktionen<\/strong>: DirtAlert (F\u00fcr Reinigungsanzeige), SensAlert (F\u00fcr Betriebsprobleme), blinkende LED f\u00fcr visuellen Status<\/p>\n<\/li>\n<li class=\"\" data-start=\"1566\" data-end=\"1647\">\n<p class=\"\" data-start=\"1568\" data-end=\"1647\"><strong data-start=\"1568\" data-end=\"1586\">Kompatibilit\u00e4t<\/strong>: Apollo Serie 65 und fr\u00fchere konventionelle Detektorserien<\/p>\n<\/li>\n<li class=\"\" data-start=\"1648\" data-end=\"1687\">\n<p class=\"\" data-start=\"1650\" data-end=\"1687\"><strong data-start=\"1650\" data-end=\"1661\">Garantie<\/strong>: Eingeschr\u00e4nkte 10-Jahres-Garantie<\/p>\n<\/li>\n<li class=\"\" data-start=\"1688\" data-end=\"1779\">\n<p class=\"\" data-start=\"1690\" data-end=\"1779\"><strong data-start=\"1690\" data-end=\"1702\">IP-Klasse<\/strong>: IP23D (Gesch\u00fctzt gegen das Eindringen von Gegenst\u00e4nden gr\u00f6\u00dfer als 12 mm und Tropfwasser)<\/p>\n<\/li>\n<li class=\"\" data-start=\"1780\" data-end=\"1841\">\n<p class=\"\" data-start=\"1782\" data-end=\"1841\"><strong data-start=\"1782\" data-end=\"1800\">Zertifizierungen<\/strong>: EN 54-5, MED, DNV-GL, BV, CCS, KRS, CRS<\/p>\n<\/li>\n<\/ul>","protected":false},"excerpt":{"rendered":"<p>Der Apollo ORB-HT-41018-MAR Orbis Series CS Marine-W\u00e4rmemelder mit blinkender LED ist f\u00fcr den Einsatz in Meeresumgebungen konzipiert, in denen Rauchmelder nicht geeignet sind.<\/p>\n<p>Es reagiert sehr empfindlich auf Temperatur\u00e4nderungen und verf\u00fcgt \u00fcber Funktionen zur Verbesserung der Betriebszuverl\u00e4ssigkeit und Reduzierung von Fehlalarmen.<\/p>","protected":false},"featured_media":149978,"template":"","meta":{"_acf_changed":false},"product_brand":[],"product_cat":[4749,4157],"product_tag":[],"class_list":{"0":"post-149979","1":"product","2":"type-product","3":"status-publish","4":"has-post-thumbnail","6":"product_cat-orbis-serien","7":"product_cat-varmedetektor","8":"pa_brands-apollo-fire-detectors","9":"tm-no-options","11":"first","12":"instock","13":"sale","14":"taxable","15":"shipping-taxable","16":"purchasable","17":"product-type-simple"},"acf":[],"_links":{"self":[{"href":"https:\/\/secureus.se\/de\/wp-json\/wp\/v2\/product\/149979","targetHints":{"allow":["GET"]}}],"collection":[{"href":"https:\/\/secureus.se\/de\/wp-json\/wp\/v2\/product"}],"about":[{"href":"https:\/\/secureus.se\/de\/wp-json\/wp\/v2\/types\/product"}],"wp:featuredmedia":[{"embeddable":true,"href":"https:\/\/secureus.se\/de\/wp-json\/wp\/v2\/media\/149978"}],"wp:attachment":[{"href":"https:\/\/secureus.se\/de\/wp-json\/wp\/v2\/media?parent=149979"}],"wp:term":[{"taxonomy":"product_brand","embeddable":true,"href":"https:\/\/secureus.se\/de\/wp-json\/wp\/v2\/product_brand?post=149979"},{"taxonomy":"product_cat","embeddable":true,"href":"https:\/\/secureus.se\/de\/wp-json\/wp\/v2\/product_cat?post=149979"},{"taxonomy":"product_tag","embeddable":true,"href":"https:\/\/secureus.se\/de\/wp-json\/wp\/v2\/product_tag?post=149979"}],"curies":[{"name":"wp","href":"https:\/\/api.w.org\/{rel}","templated":true}]}}