{"id":149981,"date":"2025-04-03T14:11:21","date_gmt":"2025-04-03T12:11:21","guid":{"rendered":"https:\/\/secureus.se\/apollo-orb-ht-41004-mar-orbis-series-bs-marin-varmedetektor-vit\/"},"modified":"2026-04-16T15:30:14","modified_gmt":"2026-04-16T13:30:14","slug":"apollo-orb-ht-41004-mar-orbis-series-bs-marin-varmedetektor-vit","status":"publish","type":"product","link":"https:\/\/secureus.se\/de\/apollo-orb-ht-41004-mar-orbis-series-bs-marin-varmedetektor-vit\/","title":{"rendered":"Apollo ORB-HT-41004-MAR Orbis Series BS Marine-W\u00e4rmemelder, wei\u00df"},"content":{"rendered":"<h1>Apollo ORB-HT-41004-MAR Orbis Series BS Marine-W\u00e4rmemelder<\/h1>\n<p class=\"\" data-start=\"404\" data-end=\"744\">Der W\u00e4rmemelder der Apollo ORB-HT-41004-MAR Orbis Series BS f\u00fcr den Schiffsbau ist f\u00fcr den Betrieb in Umgebungen konzipiert, in denen Rauchmelder nicht geeignet sind, insbesondere in schmutzigen oder rauchigen Bereichen.<\/p>\n<p class=\"\" data-start=\"404\" data-end=\"744\">Es misst mithilfe eines Thermistors jede Sekunde die Lufttemperatur und vergleicht diese Werte mit voreingestellten Grenzwerten, um Feuer zu erkennen.<\/p>\n<p class=\"\" data-start=\"746\" data-end=\"1072\">Durch eine blinkende rote LED beim Start best\u00e4tigt der Melder, dass er betriebsbereit ist und effektiv arbeitet.<\/p>\n<p class=\"\" data-start=\"746\" data-end=\"1072\">Um die Zuverl\u00e4ssigkeit zu verbessern und das Risiko von Fehlalarmen zu verringern, ist der Detektor mit Algorithmen ausgestattet, die Transienten und Driftkompensation verarbeiten, sowie mit DirtAlert, das den Benutzer benachrichtigt, wenn der Detektor gewartet werden muss.<\/p>\n<p class=\"\" data-start=\"1074\" data-end=\"1223\">Der Detektor ist Teil der Orbis Marine-Serie, die speziell f\u00fcr Meeresumgebungen entwickelt wurde und \u00fcber die Schutzart IP23D zum Schutz vor eindringendem Wasser verf\u00fcgt.<\/p>\n<p class=\"\" data-start=\"1225\" data-end=\"1245\"><strong data-start=\"1225\" data-end=\"1244\">Spezifikationen<\/strong>:<\/p>\n<ul data-start=\"1246\" data-end=\"1751\">\n<li class=\"\" data-start=\"1246\" data-end=\"1272\">\n<p class=\"\" data-start=\"1248\" data-end=\"1272\"><strong data-start=\"1248\" data-end=\"1262\">Stromquelle<\/strong>: 5\u201333 V DC<\/p>\n<\/li>\n<li class=\"\" data-start=\"1273\" data-end=\"1299\">\n<p class=\"\" data-start=\"1275\" data-end=\"1299\"><strong data-start=\"1275\" data-end=\"1283\">Messen<\/strong>: \u00d897mm x 36mm<\/p>\n<\/li>\n<li class=\"\" data-start=\"1300\" data-end=\"1315\">\n<p class=\"\" data-start=\"1302\" data-end=\"1315\"><strong data-start=\"1302\" data-end=\"1310\">Malen<\/strong>: Wei\u00df<\/p>\n<\/li>\n<li class=\"\" data-start=\"1316\" data-end=\"1332\">\n<p class=\"\" data-start=\"1318\" data-end=\"1332\"><strong data-start=\"1318\" data-end=\"1326\">Gewicht<\/strong>: 70 g<\/p>\n<\/li>\n<li class=\"\" data-start=\"1333\" data-end=\"1367\">\n<p class=\"\" data-start=\"1335\" data-end=\"1367\"><strong data-start=\"1335\" data-end=\"1349\">Temperatur<\/strong>: \u201340\u00b0C bis +70\u00b0C<\/p>\n<\/li>\n<li class=\"\" data-start=\"1368\" data-end=\"1408\">\n<p class=\"\" data-start=\"1370\" data-end=\"1408\"><strong data-start=\"1370\" data-end=\"1383\">Luftfeuchtigkeit<\/strong>: 0\u201398% RH (ohne Kondensation)<\/p>\n<\/li>\n<li class=\"\" data-start=\"1409\" data-end=\"1449\">\n<p class=\"\" data-start=\"1411\" data-end=\"1449\"><strong data-start=\"1411\" data-end=\"1434\">Detektierbares Medium<\/strong>: Feuer (Hitze)<\/p>\n<\/li>\n<li class=\"\" data-start=\"1450\" data-end=\"1483\">\n<p class=\"\" data-start=\"1452\" data-end=\"1483\"><strong data-start=\"1452\" data-end=\"1472\">Sensortechnologie<\/strong>: Thermistor<\/p>\n<\/li>\n<li class=\"\" data-start=\"1484\" data-end=\"1546\">\n<p class=\"\" data-start=\"1486\" data-end=\"1546\"><strong data-start=\"1486\" data-end=\"1500\">Funktionen<\/strong>: DirtAlert, SensAlert, blinkende LED, FastTest<\/p>\n<\/li>\n<li class=\"\" data-start=\"1547\" data-end=\"1607\">\n<p class=\"\" data-start=\"1549\" data-end=\"1607\"><strong data-start=\"1549\" data-end=\"1567\">Zertifizierungen<\/strong>: EN54-5, MED, DNV.GL, BV, CCS, KRS, CRS<\/p>\n<\/li>\n<li class=\"\" data-start=\"1608\" data-end=\"1689\">\n<p class=\"\" data-start=\"1610\" data-end=\"1689\"><strong data-start=\"1610\" data-end=\"1628\">Kompatibilit\u00e4t<\/strong>: Apollo Serie 65 und fr\u00fchere konventionelle Detektorserien<\/p>\n<\/li>\n<li class=\"\" data-start=\"1690\" data-end=\"1711\">\n<p class=\"\" data-start=\"1692\" data-end=\"1711\"><strong data-start=\"1692\" data-end=\"1704\">IP-Klasse<\/strong>: IP23D<\/p>\n<\/li>\n<li class=\"\" data-start=\"1712\" data-end=\"1751\">\n<p class=\"\" data-start=\"1714\" data-end=\"1751\"><strong data-start=\"1714\" data-end=\"1725\">Garantie<\/strong>: Eingeschr\u00e4nkte 10-Jahres-Garantie<\/p>\n<\/li>\n<\/ul>","protected":false},"excerpt":{"rendered":"<p>Der Apollo ORB-HT-41004-MAR Orbis Series BS Marine-W\u00e4rmemelder mit blinkender LED ist eine zuverl\u00e4ssige L\u00f6sung zum Erkennen von Temperaturanstiegen in Umgebungen, in denen Rauchmelder nicht geeignet sind.<\/p>\n<p>Es verf\u00fcgt \u00fcber ein effektives W\u00e4rmesensorsystem und bietet visuelles Feedback \u00fcber eine blinkende rote LED.<\/p>","protected":false},"featured_media":149980,"template":"","meta":{"_acf_changed":false},"product_brand":[],"product_cat":[4749,4157],"product_tag":[],"class_list":{"0":"post-149981","1":"product","2":"type-product","3":"status-publish","4":"has-post-thumbnail","6":"product_cat-orbis-serien","7":"product_cat-varmedetektor","8":"pa_brands-apollo-fire-detectors","9":"tm-no-options","11":"first","12":"instock","13":"taxable","14":"shipping-taxable","15":"purchasable","16":"product-type-simple"},"acf":[],"_links":{"self":[{"href":"https:\/\/secureus.se\/de\/wp-json\/wp\/v2\/product\/149981","targetHints":{"allow":["GET"]}}],"collection":[{"href":"https:\/\/secureus.se\/de\/wp-json\/wp\/v2\/product"}],"about":[{"href":"https:\/\/secureus.se\/de\/wp-json\/wp\/v2\/types\/product"}],"wp:featuredmedia":[{"embeddable":true,"href":"https:\/\/secureus.se\/de\/wp-json\/wp\/v2\/media\/149980"}],"wp:attachment":[{"href":"https:\/\/secureus.se\/de\/wp-json\/wp\/v2\/media?parent=149981"}],"wp:term":[{"taxonomy":"product_brand","embeddable":true,"href":"https:\/\/secureus.se\/de\/wp-json\/wp\/v2\/product_brand?post=149981"},{"taxonomy":"product_cat","embeddable":true,"href":"https:\/\/secureus.se\/de\/wp-json\/wp\/v2\/product_cat?post=149981"},{"taxonomy":"product_tag","embeddable":true,"href":"https:\/\/secureus.se\/de\/wp-json\/wp\/v2\/product_tag?post=149981"}],"curies":[{"name":"wp","href":"https:\/\/api.w.org\/{rel}","templated":true}]}}