{"id":149988,"date":"2025-04-03T14:11:17","date_gmt":"2025-04-03T12:11:17","guid":{"rendered":"https:\/\/secureus.se\/apollo-pp5025-orbis-series-kontinuitetsbrytare-marine-timesaver-base-vit\/"},"modified":"2026-04-16T15:32:39","modified_gmt":"2026-04-16T13:32:39","slug":"apollo-pp5025-orbis-series-kontinuitetsbrytare-marine-timesaver-base-vit","status":"publish","type":"product","link":"https:\/\/secureus.se\/de\/apollo-pp5025-orbis-series-kontinuitetsbrytare-marine-timesaver-base-vit\/","title":{"rendered":"Apollo PP5025 Durchgangsschalter der Orbis-Serie, Marine TimeSaver-Basis, wei\u00df"},"content":{"rendered":"<h1>Apollo PP5025 Durchgangsschalter der Orbis-Serie, Marine TimeSaver-Basis<\/h1>\n<p class=\"\" data-start=\"391\" data-end=\"833\">Die Apollo PP5025 Orbis Series Marine TimeSaver Base ist eine Montagebasis, die die Installation von Detektoren der Orbis-Serie schnell und einfach macht.<\/p>\n<p class=\"\" data-start=\"391\" data-end=\"833\">Mit einem innovativen Designkonzept bietet dieser Sockel eine offene Arbeitsfl\u00e4che mit Befestigungsl\u00f6chern, um eine schnelle Montage zu erm\u00f6glichen.<\/p>\n<p class=\"\" data-start=\"391\" data-end=\"833\">Es verf\u00fcgt \u00fcber zwei Befestigungspunkte und eine LED-Ausrichtungsmarkierung, die dabei hilft, sicherzustellen, dass alle Detektoren richtig installiert werden und die LEDs in die gleiche Richtung zeigen.<\/p>\n<p class=\"\" data-start=\"835\" data-end=\"1200\">Es ist mit einer Abisolierhilfe ausgestattet, um die Installation noch einfacher zu machen und sicherzustellen, dass die Kabel richtig vorbereitet werden.<\/p>\n<p class=\"\" data-start=\"835\" data-end=\"1200\">Dies macht die TimeSaver Base zu einer effektiven Wahl f\u00fcr die Installation von Rauch- und W\u00e4rmemeldern in Meeresumgebungen.<\/p>\n<p class=\"\" data-start=\"835\" data-end=\"1200\">Es ist au\u00dferdem gem\u00e4\u00df der Schiffsausr\u00fcstungsrichtlinie 2014\/90\/EU f\u00fcr den Einsatz in Schiffsanwendungen zugelassen.<\/p>\n<p class=\"\" data-start=\"1202\" data-end=\"1222\"><strong data-start=\"1202\" data-end=\"1221\">Spezifikationen<\/strong>:<\/p>\n<ul data-start=\"1223\" data-end=\"1528\">\n<li class=\"\" data-start=\"1223\" data-end=\"1241\">\n<p class=\"\" data-start=\"1225\" data-end=\"1241\"><strong data-start=\"1225\" data-end=\"1233\">Malen<\/strong>: Silber<\/p>\n<\/li>\n<li class=\"\" data-start=\"1242\" data-end=\"1286\">\n<p class=\"\" data-start=\"1244\" data-end=\"1286\"><strong data-start=\"1244\" data-end=\"1252\">Messen<\/strong>: Standardgr\u00f6\u00dfe f\u00fcr die Orbis-Serie<\/p>\n<\/li>\n<li class=\"\" data-start=\"1287\" data-end=\"1363\">\n<p class=\"\" data-start=\"1289\" data-end=\"1363\"><strong data-start=\"1289\" data-end=\"1303\">Funktionen<\/strong>: Zwei Befestigungspunkte, LED-Ausrichtungsmarkierung, Kabelabisolierhilfe<\/p>\n<\/li>\n<li class=\"\" data-start=\"1364\" data-end=\"1415\">\n<p class=\"\" data-start=\"1366\" data-end=\"1415\"><strong data-start=\"1366\" data-end=\"1384\">Kompatibilit\u00e4t<\/strong>: W\u00e4rmemelder, Rauchmelder<\/p>\n<\/li>\n<li class=\"\" data-start=\"1416\" data-end=\"1488\">\n<p class=\"\" data-start=\"1418\" data-end=\"1488\"><strong data-start=\"1418\" data-end=\"1436\">Zertifizierungen<\/strong>: CE-Kennzeichnung, Schiffsausr\u00fcstungsrichtlinie 2014\/90\/EU<\/p>\n<\/li>\n<li class=\"\" data-start=\"1489\" data-end=\"1528\">\n<p class=\"\" data-start=\"1491\" data-end=\"1528\"><strong data-start=\"1491\" data-end=\"1502\">Garantie<\/strong>: Eingeschr\u00e4nkte 10-Jahres-Garantie<\/p>\n<\/li>\n<\/ul>","protected":false},"excerpt":{"rendered":"<p>Der Durchgangsschalter der Apollo PP5025 Orbis-Serie f\u00fcr den Marinebereich mit TimeSaver-Basis ist f\u00fcr die einfache und schnelle Installation von Detektoren konzipiert.<\/p>\n<p>Es verf\u00fcgt \u00fcber zwei Befestigungspunkte, eine LED-Ausrichtungsmarkierung f\u00fcr die korrekte Installation und eine Kabelabisolierhilfe f\u00fcr effizientes Arbeiten.<\/p>","protected":false},"featured_media":149987,"template":"","meta":{"_acf_changed":false},"product_brand":[],"product_cat":[4749],"product_tag":[],"class_list":{"0":"post-149988","1":"product","2":"type-product","3":"status-publish","4":"has-post-thumbnail","6":"product_cat-orbis-serien","7":"pa_brands-apollo-fire-detectors","8":"tm-no-options","10":"first","11":"instock","12":"taxable","13":"shipping-taxable","14":"purchasable","15":"product-type-simple"},"acf":[],"_links":{"self":[{"href":"https:\/\/secureus.se\/de\/wp-json\/wp\/v2\/product\/149988","targetHints":{"allow":["GET"]}}],"collection":[{"href":"https:\/\/secureus.se\/de\/wp-json\/wp\/v2\/product"}],"about":[{"href":"https:\/\/secureus.se\/de\/wp-json\/wp\/v2\/types\/product"}],"wp:featuredmedia":[{"embeddable":true,"href":"https:\/\/secureus.se\/de\/wp-json\/wp\/v2\/media\/149987"}],"wp:attachment":[{"href":"https:\/\/secureus.se\/de\/wp-json\/wp\/v2\/media?parent=149988"}],"wp:term":[{"taxonomy":"product_brand","embeddable":true,"href":"https:\/\/secureus.se\/de\/wp-json\/wp\/v2\/product_brand?post=149988"},{"taxonomy":"product_cat","embeddable":true,"href":"https:\/\/secureus.se\/de\/wp-json\/wp\/v2\/product_cat?post=149988"},{"taxonomy":"product_tag","embeddable":true,"href":"https:\/\/secureus.se\/de\/wp-json\/wp\/v2\/product_tag?post=149988"}],"curies":[{"name":"wp","href":"https:\/\/api.w.org\/{rel}","templated":true}]}}